{"id":13359,"date":"2024-03-13T14:25:17","date_gmt":"2024-03-13T14:25:17","guid":{"rendered":"https:\/\/digitalx.pt\/rm2\/?page_id=13359"},"modified":"2024-03-20T09:09:52","modified_gmt":"2024-03-20T09:09:52","slug":"compra-segura","status":"publish","type":"page","link":"https:\/\/digitalx.pt\/rm2\/compra-segura\/","title":{"rendered":"compra-segura"},"content":{"rendered":"\t\t<div data-elementor-type=\"wp-page\" data-elementor-id=\"13359\" class=\"elementor elementor-13359\" data-elementor-post-type=\"page\">\n\t\t\t\t<div class=\"elementor-element elementor-element-616b5329 e-flex e-con-boxed e-con e-parent\" data-id=\"616b5329\" data-element_type=\"container\" data-e-type=\"container\" data-settings=\"{&quot;background_background&quot;:&quot;classic&quot;}\">\n\t\t\t\t\t<div class=\"e-con-inner\">\n\t\t\t\t<div class=\"elementor-element elementor-element-74a16197 elementor-widget elementor-widget-spacer\" data-id=\"74a16197\" data-element_type=\"widget\" data-e-type=\"widget\" data-widget_type=\"spacer.default\">\n\t\t\t\t<div class=\"elementor-widget-container\">\n\t\t\t\t\t\t\t<div class=\"elementor-spacer\">\n\t\t\t<div class=\"elementor-spacer-inner\"><\/div>\n\t\t<\/div>\n\t\t\t\t\t\t<\/div>\n\t\t\t\t<\/div>\n\t\t\t\t<div class=\"elementor-element elementor-element-70c71aaf elementor-widget elementor-widget-heading\" data-id=\"70c71aaf\" data-element_type=\"widget\" data-e-type=\"widget\" data-widget_type=\"heading.default\">\n\t\t\t\t<div class=\"elementor-widget-container\">\n\t\t\t\t\t<h1 class=\"elementor-heading-title elementor-size-default\">COMPRA SEGURA<\/h1>\t\t\t\t<\/div>\n\t\t\t\t<\/div>\n\t\t\t\t\t<\/div>\n\t\t\t\t<\/div>\n\t\t<div class=\"elementor-element elementor-element-5514e64c e-flex e-con-boxed e-con e-parent\" data-id=\"5514e64c\" data-element_type=\"container\" data-e-type=\"container\" data-settings=\"{&quot;background_background&quot;:&quot;classic&quot;}\">\n\t\t\t\t\t<div class=\"e-con-inner\">\n\t\t\t\t<div class=\"elementor-element elementor-element-31cb9881 elementor-widget elementor-widget-text-editor\" data-id=\"31cb9881\" data-element_type=\"widget\" data-e-type=\"widget\" data-widget_type=\"text-editor.default\">\n\t\t\t\t<div class=\"elementor-widget-container\">\n\t\t\t\t\t\t\t\t\t<div class=\"elementor-element elementor-element-fac334d elementor-widget elementor-widget-heading\" data-id=\"fac334d\" data-element_type=\"widget\" data-widget_type=\"heading.default\"><div class=\"elementor-widget-container\"><h2 class=\"elementor-heading-title elementor-size-default\">\u00a0<\/h2><\/div><\/div><div class=\"elementor-element elementor-element-4819614 elementor-widget elementor-widget-text-editor\" data-id=\"4819614\" data-element_type=\"widget\" data-widget_type=\"text-editor.default\"><div class=\"elementor-widget-container\">A Resid\u00eancias Montepio tem pautado a sua atividade, desde a constitui\u00e7\u00e3o, pelo estabelecimento de rela\u00e7\u00f5es de confian\u00e7a com todas as partes interessadas no \u00e2mbito dos servi\u00e7os que presta. A confian\u00e7a, que se conquista com base nos compromissos assumidos e na sua demonstra\u00e7\u00e3o efetiva nas pr\u00e1ticas do dia-a-dia, abrange tamb\u00e9m o conjunto de dados e informa\u00e7\u00f5es que s\u00e3o tratados pela Institui\u00e7\u00e3o, de forma consciente e controlada, para salvaguarda dos titulares dos dados e da sua privacidade.<\/div><\/div><div class=\"elementor-element elementor-element-ac2031a elementor-widget elementor-widget-text-editor\" data-id=\"ac2031a\" data-element_type=\"widget\" data-widget_type=\"text-editor.default\"><div class=\"elementor-widget-container\">No que concerne \u00e0 prote\u00e7\u00e3o dos dados e privacidade, a Resid\u00eancias Montepio planeou, estabeleceu, monitoriza, avalia e melhora continuamente um conjunto de medidas t\u00e9cnicas e organizativas com vista a garantir os direitos e liberdades dos titulares dos dados pessoais assim como a salvaguardar o cumprimento das principais disposi\u00e7\u00f5es legais, nacionais e europeias, nessa mat\u00e9ria. A Resid\u00eancias Montepio documentou esta pol\u00edtica de prote\u00e7\u00e3o de dados e privacidade, que rev\u00ea e atualiza regularmente, onde assume o compromisso de uma gest\u00e3o cuidada, orientada \u00e0 gest\u00e3o dos riscos, no tratamento dos dados pessoais.<\/div><\/div>\t\t\t\t\t\t\t\t<\/div>\n\t\t\t\t<\/div>\n\t\t\t\t<div class=\"elementor-element elementor-element-7389a56d elementor-widget elementor-widget-spacer\" data-id=\"7389a56d\" data-element_type=\"widget\" data-e-type=\"widget\" data-widget_type=\"spacer.default\">\n\t\t\t\t<div class=\"elementor-widget-container\">\n\t\t\t\t\t\t\t<div class=\"elementor-spacer\">\n\t\t\t<div class=\"elementor-spacer-inner\"><\/div>\n\t\t<\/div>\n\t\t\t\t\t\t<\/div>\n\t\t\t\t<\/div>\n\t\t\t\t\t<\/div>\n\t\t\t\t<\/div>\n\t\t\t\t<section class=\"elementor-section elementor-top-section elementor-element elementor-element-4b24f14f elementor-section-boxed elementor-section-height-default elementor-section-height-default\" data-id=\"4b24f14f\" data-element_type=\"section\" data-e-type=\"section\" data-settings=\"{&quot;background_background&quot;:&quot;classic&quot;}\">\n\t\t\t\t\t\t<div class=\"elementor-container elementor-column-gap-default\">\n\t\t\t\t\t<div class=\"elementor-column elementor-col-33 elementor-top-column elementor-element elementor-element-27faff34\" data-id=\"27faff34\" data-element_type=\"column\" data-e-type=\"column\">\n\t\t\t<div class=\"elementor-widget-wrap elementor-element-populated\">\n\t\t\t\t\t\t<div class=\"elementor-element elementor-element-4dd476a1 elementor-position-top elementor-widget elementor-widget-image-box\" data-id=\"4dd476a1\" data-element_type=\"widget\" data-e-type=\"widget\" data-widget_type=\"image-box.default\">\n\t\t\t\t<div class=\"elementor-widget-container\">\n\t\t\t\t\t<div class=\"elementor-image-box-wrapper\"><figure class=\"elementor-image-box-img\"><img fetchpriority=\"high\" decoding=\"async\" width=\"542\" height=\"400\" src=\"https:\/\/digitalx.pt\/rm2\/wp-content\/uploads\/2024\/03\/Group-79.png\" class=\"attachment-full size-full wp-image-13443\" alt=\"\" srcset=\"https:\/\/digitalx.pt\/rm2\/wp-content\/uploads\/2024\/03\/Group-79.png 542w, https:\/\/digitalx.pt\/rm2\/wp-content\/uploads\/2024\/03\/Group-79-300x221.png 300w\" sizes=\"(max-width: 542px) 100vw, 542px\" \/><\/figure><div class=\"elementor-image-box-content\"><h3 class=\"elementor-image-box-title\">Meios de pagamento<\/h3><p class=\"elementor-image-box-description\">A Loja Resid\u00eancias Montepio disponibiliza-lhe diferentes formas de pagamento para que escolha a que mais lhe conv\u00e9m.<\/p><\/div><\/div>\t\t\t\t<\/div>\n\t\t\t\t<\/div>\n\t\t\t\t<div class=\"elementor-element elementor-element-12940025 elementor-align-center elementor-widget elementor-widget-button\" data-id=\"12940025\" data-element_type=\"widget\" data-e-type=\"widget\" data-widget_type=\"button.default\">\n\t\t\t\t<div class=\"elementor-widget-container\">\n\t\t\t\t\t\t\t\t\t<div class=\"elementor-button-wrapper\">\n\t\t\t\t\t<a class=\"elementor-button elementor-button-link elementor-size-sm\" href=\"https:\/\/digitalx.pt\/rm2\/meios-pagamento\/\">\n\t\t\t\t\t\t<span class=\"elementor-button-content-wrapper\">\n\t\t\t\t\t\t\t\t\t<span class=\"elementor-button-text\">SAIBA MAIS<\/span>\n\t\t\t\t\t<\/span>\n\t\t\t\t\t<\/a>\n\t\t\t\t<\/div>\n\t\t\t\t\t\t\t\t<\/div>\n\t\t\t\t<\/div>\n\t\t\t\t\t<\/div>\n\t\t<\/div>\n\t\t\t\t<div class=\"elementor-column elementor-col-33 elementor-top-column elementor-element elementor-element-4345d79d\" data-id=\"4345d79d\" data-element_type=\"column\" data-e-type=\"column\">\n\t\t\t<div class=\"elementor-widget-wrap elementor-element-populated\">\n\t\t\t\t\t\t<div class=\"elementor-element elementor-element-66347a67 elementor-position-top elementor-widget elementor-widget-image-box\" data-id=\"66347a67\" data-element_type=\"widget\" data-e-type=\"widget\" data-widget_type=\"image-box.default\">\n\t\t\t\t<div class=\"elementor-widget-container\">\n\t\t\t\t\t<div class=\"elementor-image-box-wrapper\"><figure class=\"elementor-image-box-img\"><img decoding=\"async\" width=\"512\" height=\"512\" src=\"https:\/\/digitalx.pt\/rm2\/wp-content\/uploads\/2024\/03\/customer-support-2.png\" class=\"attachment-full size-full wp-image-13444\" alt=\"\" srcset=\"https:\/\/digitalx.pt\/rm2\/wp-content\/uploads\/2024\/03\/customer-support-2.png 512w, https:\/\/digitalx.pt\/rm2\/wp-content\/uploads\/2024\/03\/customer-support-2-300x300.png 300w, https:\/\/digitalx.pt\/rm2\/wp-content\/uploads\/2024\/03\/customer-support-2-100x100.png 100w, https:\/\/digitalx.pt\/rm2\/wp-content\/uploads\/2024\/03\/customer-support-2-150x150.png 150w\" sizes=\"(max-width: 512px) 100vw, 512px\" \/><\/figure><div class=\"elementor-image-box-content\"><h3 class=\"elementor-image-box-title\">Apoio ao cliente<\/h3><p class=\"elementor-image-box-description\">A Loja Resid\u00eancias Montepio tem a\u0300 sua disposic\u0327a\u0303o um Servic\u0327o de Apoio ao Cliente, com uma equipa de colaboradores destinada a garantir a sua total satisfac\u0327a\u0303o.<\/p><\/div><\/div>\t\t\t\t<\/div>\n\t\t\t\t<\/div>\n\t\t\t\t<div class=\"elementor-element elementor-element-699ea9d6 elementor-align-center elementor-widget elementor-widget-button\" data-id=\"699ea9d6\" data-element_type=\"widget\" data-e-type=\"widget\" data-widget_type=\"button.default\">\n\t\t\t\t<div class=\"elementor-widget-container\">\n\t\t\t\t\t\t\t\t\t<div class=\"elementor-button-wrapper\">\n\t\t\t\t\t<a class=\"elementor-button elementor-button-link elementor-size-sm\" href=\"https:\/\/digitalx.pt\/rm2\/apoio-cliente\/\">\n\t\t\t\t\t\t<span class=\"elementor-button-content-wrapper\">\n\t\t\t\t\t\t\t\t\t<span class=\"elementor-button-text\">SAIBA MAIS<\/span>\n\t\t\t\t\t<\/span>\n\t\t\t\t\t<\/a>\n\t\t\t\t<\/div>\n\t\t\t\t\t\t\t\t<\/div>\n\t\t\t\t<\/div>\n\t\t\t\t\t<\/div>\n\t\t<\/div>\n\t\t\t\t<div class=\"elementor-column elementor-col-33 elementor-top-column elementor-element elementor-element-366c1de4\" data-id=\"366c1de4\" data-element_type=\"column\" data-e-type=\"column\">\n\t\t\t<div class=\"elementor-widget-wrap elementor-element-populated\">\n\t\t\t\t\t\t<div class=\"elementor-element elementor-element-60a8abf elementor-position-top elementor-widget elementor-widget-image-box\" data-id=\"60a8abf\" data-element_type=\"widget\" data-e-type=\"widget\" data-widget_type=\"image-box.default\">\n\t\t\t\t<div class=\"elementor-widget-container\">\n\t\t\t\t\t<div class=\"elementor-image-box-wrapper\"><figure class=\"elementor-image-box-img\"><img decoding=\"async\" width=\"512\" height=\"512\" src=\"https:\/\/digitalx.pt\/rm2\/wp-content\/uploads\/2024\/03\/bell.png\" class=\"attachment-full size-full wp-image-13442\" alt=\"\" srcset=\"https:\/\/digitalx.pt\/rm2\/wp-content\/uploads\/2024\/03\/bell.png 512w, https:\/\/digitalx.pt\/rm2\/wp-content\/uploads\/2024\/03\/bell-300x300.png 300w, https:\/\/digitalx.pt\/rm2\/wp-content\/uploads\/2024\/03\/bell-100x100.png 100w, https:\/\/digitalx.pt\/rm2\/wp-content\/uploads\/2024\/03\/bell-150x150.png 150w\" sizes=\"(max-width: 512px) 100vw, 512px\" \/><\/figure><div class=\"elementor-image-box-content\"><h3 class=\"elementor-image-box-title\">Campanhas promocionais<\/h3><p class=\"elementor-image-box-description\">Mimamos os nossos clientes com campanhas promocionais especiais, para que beneficiem de condi\u00e7\u00f5es especiais em compras futuras.<\/p><\/div><\/div>\t\t\t\t<\/div>\n\t\t\t\t<\/div>\n\t\t\t\t<div class=\"elementor-element elementor-element-50b90d3 elementor-align-center elementor-widget elementor-widget-button\" data-id=\"50b90d3\" data-element_type=\"widget\" data-e-type=\"widget\" data-widget_type=\"button.default\">\n\t\t\t\t<div class=\"elementor-widget-container\">\n\t\t\t\t\t\t\t\t\t<div class=\"elementor-button-wrapper\">\n\t\t\t\t\t<a class=\"elementor-button elementor-button-link elementor-size-sm\" href=\"https:\/\/digitalx.pt\/rm2\/campanhas-promocionais\/\">\n\t\t\t\t\t\t<span class=\"elementor-button-content-wrapper\">\n\t\t\t\t\t\t\t\t\t<span class=\"elementor-button-text\">SAIBA MAIS<\/span>\n\t\t\t\t\t<\/span>\n\t\t\t\t\t<\/a>\n\t\t\t\t<\/div>\n\t\t\t\t\t\t\t\t<\/div>\n\t\t\t\t<\/div>\n\t\t\t\t\t<\/div>\n\t\t<\/div>\n\t\t\t\t\t<\/div>\n\t\t<\/section>\n\t\t<div class=\"elementor-element elementor-element-1fff42bb e-flex e-con-boxed e-con e-parent\" data-id=\"1fff42bb\" data-element_type=\"container\" data-e-type=\"container\" data-settings=\"{&quot;background_background&quot;:&quot;classic&quot;}\">\n\t\t\t\t\t<div class=\"e-con-inner\">\n\t\t<div class=\"elementor-element elementor-element-14987dc7 e-con-full e-flex e-con e-child\" data-id=\"14987dc7\" data-element_type=\"container\" data-e-type=\"container\">\n\t\t\t\t<div class=\"elementor-element elementor-element-33f07489 elementor-widget elementor-widget-heading\" data-id=\"33f07489\" data-element_type=\"widget\" data-e-type=\"widget\" data-widget_type=\"heading.default\">\n\t\t\t\t<div class=\"elementor-widget-container\">\n\t\t\t\t\t<h2 class=\"elementor-heading-title elementor-size-default\">SUBSCREVA A NOSSA NEWSLLETER<\/h2>\t\t\t\t<\/div>\n\t\t\t\t<\/div>\n\t\t\t\t<div class=\"elementor-element elementor-element-9c7baad elementor-widget elementor-widget-text-editor\" data-id=\"9c7baad\" data-element_type=\"widget\" data-e-type=\"widget\" data-widget_type=\"text-editor.default\">\n\t\t\t\t<div class=\"elementor-widget-container\">\n\t\t\t\t\t\t\t\t\t<p>Receba novidades e promo\u00e7\u00f5es no teu email<\/p>\t\t\t\t\t\t\t\t<\/div>\n\t\t\t\t<\/div>\n\t\t\t\t<\/div>\n\t\t<div class=\"elementor-element elementor-element-4cfdebd3 e-con-full e-flex e-con e-child\" data-id=\"4cfdebd3\" data-element_type=\"container\" data-e-type=\"container\">\n\t\t\t\t<div class=\"elementor-element elementor-element-397fc73b elementor-button-align-stretch elementor-widget elementor-widget-form\" data-id=\"397fc73b\" data-element_type=\"widget\" data-e-type=\"widget\" data-settings=\"{&quot;button_width&quot;:&quot;25&quot;,&quot;step_next_label&quot;:&quot;Next&quot;,&quot;step_previous_label&quot;:&quot;Anterior&quot;,&quot;step_type&quot;:&quot;number_text&quot;,&quot;step_icon_shape&quot;:&quot;circle&quot;}\" data-widget_type=\"form.default\">\n\t\t\t\t<div class=\"elementor-widget-container\">\n\t\t\t\t\t\t\t<form class=\"elementor-form\" method=\"post\" name=\"New Form\" aria-label=\"New Form\">\n\t\t\t<input type=\"hidden\" name=\"post_id\" value=\"13359\"\/>\n\t\t\t<input type=\"hidden\" name=\"form_id\" value=\"397fc73b\"\/>\n\t\t\t<input type=\"hidden\" name=\"referer_title\" value=\"compra-segura - Resid\u00eancias Montepio\" \/>\n\n\t\t\t\t\t\t\t<input type=\"hidden\" name=\"queried_id\" value=\"13359\"\/>\n\t\t\t\n\t\t\t<div class=\"elementor-form-fields-wrapper elementor-labels-\">\n\t\t\t\t\t\t\t\t<div class=\"elementor-field-type-email elementor-field-group elementor-column elementor-field-group-email elementor-col-75 elementor-field-required\">\n\t\t\t\t\t\t\t\t\t\t\t\t<label for=\"form-field-email\" class=\"elementor-field-label elementor-screen-only\">\n\t\t\t\t\t\t\t\tEmail\t\t\t\t\t\t\t<\/label>\n\t\t\t\t\t\t\t\t\t\t\t\t\t\t<input size=\"1\" type=\"email\" name=\"form_fields[email]\" id=\"form-field-email\" class=\"elementor-field elementor-size-sm  elementor-field-textual\" placeholder=\"Insere o seu e-mail\" required=\"required\">\n\t\t\t\t\t\t\t\t\t\t\t<\/div>\n\t\t\t\t\t\t\t\t<div class=\"elementor-field-group elementor-column elementor-field-type-submit elementor-col-25 e-form__buttons\">\n\t\t\t\t\t<button class=\"elementor-button elementor-size-md\" type=\"submit\">\n\t\t\t\t\t\t<span class=\"elementor-button-content-wrapper\">\n\t\t\t\t\t\t\t\t\t\t\t\t\t\t\t\t\t\t\t\t\t\t<span class=\"elementor-button-text\">Subscrever<\/span>\n\t\t\t\t\t\t\t\t\t\t\t\t\t<\/span>\n\t\t\t\t\t<\/button>\n\t\t\t\t<\/div>\n\t\t\t<\/div>\n\t\t<\/form>\n\t\t\t\t\t\t<\/div>\n\t\t\t\t<\/div>\n\t\t\t\t<\/div>\n\t\t\t\t\t<\/div>\n\t\t\t\t<\/div>\n\t\t\t\t<\/div>\n\t\t","protected":false},"excerpt":{"rendered":"<p>COMPRA SEGURA \u00a0 A Resid\u00eancias Montepio tem pautado a sua atividade, desde a constitui\u00e7\u00e3o, pelo estabelecimento de rela\u00e7\u00f5es de confian\u00e7a com todas as partes interessadas no \u00e2mbito dos servi\u00e7os que presta. A confian\u00e7a, que se conquista com base nos compromissos assumidos e na sua demonstra\u00e7\u00e3o efetiva nas pr\u00e1ticas do dia-a-dia, abrange tamb\u00e9m o conjunto de [&hellip;]<\/p>\n","protected":false},"author":1,"featured_media":0,"parent":0,"menu_order":0,"comment_status":"closed","ping_status":"closed","template":"","meta":{"footnotes":""},"class_list":["post-13359","page","type-page","status-publish","hentry"],"yoast_head":"<!-- This site is optimized with the Yoast SEO plugin v27.0 - https:\/\/yoast.com\/product\/yoast-seo-wordpress\/ -->\n<title>compra-segura - Resid\u00eancias Montepio<\/title>\n<meta name=\"robots\" content=\"index, follow, max-snippet:-1, max-image-preview:large, max-video-preview:-1\" \/>\n<link rel=\"canonical\" href=\"https:\/\/digitalx.pt\/rm2\/compra-segura\/\" \/>\n<meta property=\"og:locale\" content=\"pt_PT\" \/>\n<meta property=\"og:type\" content=\"article\" \/>\n<meta property=\"og:title\" content=\"compra-segura - Resid\u00eancias Montepio\" \/>\n<meta property=\"og:description\" content=\"COMPRA SEGURA \u00a0 A Resid\u00eancias Montepio tem pautado a sua atividade, desde a constitui\u00e7\u00e3o, pelo estabelecimento de rela\u00e7\u00f5es de confian\u00e7a com todas as partes interessadas no \u00e2mbito dos servi\u00e7os que presta. A confian\u00e7a, que se conquista com base nos compromissos assumidos e na sua demonstra\u00e7\u00e3o efetiva nas pr\u00e1ticas do dia-a-dia, abrange tamb\u00e9m o conjunto de [&hellip;]\" \/>\n<meta property=\"og:url\" content=\"https:\/\/digitalx.pt\/rm2\/compra-segura\/\" \/>\n<meta property=\"og:site_name\" content=\"Resid\u00eancias Montepio\" \/>\n<meta property=\"article:publisher\" content=\"https:\/\/m.facebook.com\/residenciasmontepio.sa\/\" \/>\n<meta property=\"article:modified_time\" content=\"2024-03-20T09:09:52+00:00\" \/>\n<meta property=\"og:image\" content=\"https:\/\/digitalx.pt\/rm2\/wp-content\/uploads\/2024\/03\/Group-79.png\" \/>\n<meta name=\"twitter:card\" content=\"summary_large_image\" \/>\n<meta name=\"twitter:label1\" content=\"Tempo estimado de leitura\" \/>\n\t<meta name=\"twitter:data1\" content=\"3 minutos\" \/>\n<script type=\"application\/ld+json\" class=\"yoast-schema-graph\">{\"@context\":\"https:\/\/schema.org\",\"@graph\":[{\"@type\":\"WebPage\",\"@id\":\"https:\/\/digitalx.pt\/rm2\/compra-segura\/\",\"url\":\"https:\/\/digitalx.pt\/rm2\/compra-segura\/\",\"name\":\"compra-segura - Resid\u00eancias Montepio\",\"isPartOf\":{\"@id\":\"https:\/\/digitalx.pt\/rm2\/#website\"},\"primaryImageOfPage\":{\"@id\":\"https:\/\/digitalx.pt\/rm2\/compra-segura\/#primaryimage\"},\"image\":{\"@id\":\"https:\/\/digitalx.pt\/rm2\/compra-segura\/#primaryimage\"},\"thumbnailUrl\":\"https:\/\/digitalx.pt\/rm2\/wp-content\/uploads\/2024\/03\/Group-79.png\",\"datePublished\":\"2024-03-13T14:25:17+00:00\",\"dateModified\":\"2024-03-20T09:09:52+00:00\",\"breadcrumb\":{\"@id\":\"https:\/\/digitalx.pt\/rm2\/compra-segura\/#breadcrumb\"},\"inLanguage\":\"pt-PT\",\"potentialAction\":[{\"@type\":\"ReadAction\",\"target\":[\"https:\/\/digitalx.pt\/rm2\/compra-segura\/\"]}]},{\"@type\":\"ImageObject\",\"inLanguage\":\"pt-PT\",\"@id\":\"https:\/\/digitalx.pt\/rm2\/compra-segura\/#primaryimage\",\"url\":\"https:\/\/digitalx.pt\/rm2\/wp-content\/uploads\/2024\/03\/Group-79.png\",\"contentUrl\":\"https:\/\/digitalx.pt\/rm2\/wp-content\/uploads\/2024\/03\/Group-79.png\",\"width\":542,\"height\":400},{\"@type\":\"BreadcrumbList\",\"@id\":\"https:\/\/digitalx.pt\/rm2\/compra-segura\/#breadcrumb\",\"itemListElement\":[{\"@type\":\"ListItem\",\"position\":1,\"name\":\"In\u00edcio\",\"item\":\"https:\/\/digitalx.pt\/rm2\/\"},{\"@type\":\"ListItem\",\"position\":2,\"name\":\"compra-segura\"}]},{\"@type\":\"WebSite\",\"@id\":\"https:\/\/digitalx.pt\/rm2\/#website\",\"url\":\"https:\/\/digitalx.pt\/rm2\/\",\"name\":\"Resid\u00eancias Montepio\",\"description\":\"Resid\u00eancias Montepio Servi\u00e7os de Saude SA\",\"publisher\":{\"@id\":\"https:\/\/digitalx.pt\/rm2\/#organization\"},\"potentialAction\":[{\"@type\":\"SearchAction\",\"target\":{\"@type\":\"EntryPoint\",\"urlTemplate\":\"https:\/\/digitalx.pt\/rm2\/?s={search_term_string}\"},\"query-input\":{\"@type\":\"PropertyValueSpecification\",\"valueRequired\":true,\"valueName\":\"search_term_string\"}}],\"inLanguage\":\"pt-PT\"},{\"@type\":\"Organization\",\"@id\":\"https:\/\/digitalx.pt\/rm2\/#organization\",\"name\":\"Resid\u00eancias Montepio\",\"url\":\"https:\/\/digitalx.pt\/rm2\/\",\"logo\":{\"@type\":\"ImageObject\",\"inLanguage\":\"pt-PT\",\"@id\":\"https:\/\/digitalx.pt\/rm2\/#\/schema\/logo\/image\/\",\"url\":\"https:\/\/digitalx.pt\/rm2\/wp-content\/uploads\/2024\/03\/favicon.svg\",\"contentUrl\":\"https:\/\/digitalx.pt\/rm2\/wp-content\/uploads\/2024\/03\/favicon.svg\",\"width\":1,\"height\":1,\"caption\":\"Resid\u00eancias Montepio\"},\"image\":{\"@id\":\"https:\/\/digitalx.pt\/rm2\/#\/schema\/logo\/image\/\"},\"sameAs\":[\"https:\/\/m.facebook.com\/residenciasmontepio.sa\/\",\"https:\/\/www.instagram.com\/residenciasmontepio\/\"]}]}<\/script>\n<!-- \/ Yoast SEO plugin. -->","yoast_head_json":{"title":"compra-segura - Resid\u00eancias Montepio","robots":{"index":"index","follow":"follow","max-snippet":"max-snippet:-1","max-image-preview":"max-image-preview:large","max-video-preview":"max-video-preview:-1"},"canonical":"https:\/\/digitalx.pt\/rm2\/compra-segura\/","og_locale":"pt_PT","og_type":"article","og_title":"compra-segura - Resid\u00eancias Montepio","og_description":"COMPRA SEGURA \u00a0 A Resid\u00eancias Montepio tem pautado a sua atividade, desde a constitui\u00e7\u00e3o, pelo estabelecimento de rela\u00e7\u00f5es de confian\u00e7a com todas as partes interessadas no \u00e2mbito dos servi\u00e7os que presta. A confian\u00e7a, que se conquista com base nos compromissos assumidos e na sua demonstra\u00e7\u00e3o efetiva nas pr\u00e1ticas do dia-a-dia, abrange tamb\u00e9m o conjunto de [&hellip;]","og_url":"https:\/\/digitalx.pt\/rm2\/compra-segura\/","og_site_name":"Resid\u00eancias Montepio","article_publisher":"https:\/\/m.facebook.com\/residenciasmontepio.sa\/","article_modified_time":"2024-03-20T09:09:52+00:00","og_image":[{"url":"https:\/\/digitalx.pt\/rm2\/wp-content\/uploads\/2024\/03\/Group-79.png","type":"","width":"","height":""}],"twitter_card":"summary_large_image","twitter_misc":{"Tempo estimado de leitura":"3 minutos"},"schema":{"@context":"https:\/\/schema.org","@graph":[{"@type":"WebPage","@id":"https:\/\/digitalx.pt\/rm2\/compra-segura\/","url":"https:\/\/digitalx.pt\/rm2\/compra-segura\/","name":"compra-segura - Resid\u00eancias Montepio","isPartOf":{"@id":"https:\/\/digitalx.pt\/rm2\/#website"},"primaryImageOfPage":{"@id":"https:\/\/digitalx.pt\/rm2\/compra-segura\/#primaryimage"},"image":{"@id":"https:\/\/digitalx.pt\/rm2\/compra-segura\/#primaryimage"},"thumbnailUrl":"https:\/\/digitalx.pt\/rm2\/wp-content\/uploads\/2024\/03\/Group-79.png","datePublished":"2024-03-13T14:25:17+00:00","dateModified":"2024-03-20T09:09:52+00:00","breadcrumb":{"@id":"https:\/\/digitalx.pt\/rm2\/compra-segura\/#breadcrumb"},"inLanguage":"pt-PT","potentialAction":[{"@type":"ReadAction","target":["https:\/\/digitalx.pt\/rm2\/compra-segura\/"]}]},{"@type":"ImageObject","inLanguage":"pt-PT","@id":"https:\/\/digitalx.pt\/rm2\/compra-segura\/#primaryimage","url":"https:\/\/digitalx.pt\/rm2\/wp-content\/uploads\/2024\/03\/Group-79.png","contentUrl":"https:\/\/digitalx.pt\/rm2\/wp-content\/uploads\/2024\/03\/Group-79.png","width":542,"height":400},{"@type":"BreadcrumbList","@id":"https:\/\/digitalx.pt\/rm2\/compra-segura\/#breadcrumb","itemListElement":[{"@type":"ListItem","position":1,"name":"In\u00edcio","item":"https:\/\/digitalx.pt\/rm2\/"},{"@type":"ListItem","position":2,"name":"compra-segura"}]},{"@type":"WebSite","@id":"https:\/\/digitalx.pt\/rm2\/#website","url":"https:\/\/digitalx.pt\/rm2\/","name":"Resid\u00eancias Montepio","description":"Resid\u00eancias Montepio Servi\u00e7os de Saude SA","publisher":{"@id":"https:\/\/digitalx.pt\/rm2\/#organization"},"potentialAction":[{"@type":"SearchAction","target":{"@type":"EntryPoint","urlTemplate":"https:\/\/digitalx.pt\/rm2\/?s={search_term_string}"},"query-input":{"@type":"PropertyValueSpecification","valueRequired":true,"valueName":"search_term_string"}}],"inLanguage":"pt-PT"},{"@type":"Organization","@id":"https:\/\/digitalx.pt\/rm2\/#organization","name":"Resid\u00eancias Montepio","url":"https:\/\/digitalx.pt\/rm2\/","logo":{"@type":"ImageObject","inLanguage":"pt-PT","@id":"https:\/\/digitalx.pt\/rm2\/#\/schema\/logo\/image\/","url":"https:\/\/digitalx.pt\/rm2\/wp-content\/uploads\/2024\/03\/favicon.svg","contentUrl":"https:\/\/digitalx.pt\/rm2\/wp-content\/uploads\/2024\/03\/favicon.svg","width":1,"height":1,"caption":"Resid\u00eancias Montepio"},"image":{"@id":"https:\/\/digitalx.pt\/rm2\/#\/schema\/logo\/image\/"},"sameAs":["https:\/\/m.facebook.com\/residenciasmontepio.sa\/","https:\/\/www.instagram.com\/residenciasmontepio\/"]}]}},"_links":{"self":[{"href":"https:\/\/digitalx.pt\/rm2\/wp-json\/wp\/v2\/pages\/13359","targetHints":{"allow":["GET"]}}],"collection":[{"href":"https:\/\/digitalx.pt\/rm2\/wp-json\/wp\/v2\/pages"}],"about":[{"href":"https:\/\/digitalx.pt\/rm2\/wp-json\/wp\/v2\/types\/page"}],"author":[{"embeddable":true,"href":"https:\/\/digitalx.pt\/rm2\/wp-json\/wp\/v2\/users\/1"}],"replies":[{"embeddable":true,"href":"https:\/\/digitalx.pt\/rm2\/wp-json\/wp\/v2\/comments?post=13359"}],"version-history":[{"count":15,"href":"https:\/\/digitalx.pt\/rm2\/wp-json\/wp\/v2\/pages\/13359\/revisions"}],"predecessor-version":[{"id":14644,"href":"https:\/\/digitalx.pt\/rm2\/wp-json\/wp\/v2\/pages\/13359\/revisions\/14644"}],"wp:attachment":[{"href":"https:\/\/digitalx.pt\/rm2\/wp-json\/wp\/v2\/media?parent=13359"}],"curies":[{"name":"wp","href":"https:\/\/api.w.org\/{rel}","templated":true}]}}