{"id":13371,"date":"2024-03-13T14:26:12","date_gmt":"2024-03-13T14:26:12","guid":{"rendered":"https:\/\/digitalx.pt\/rm2\/?page_id=13371"},"modified":"2024-06-18T15:14:11","modified_gmt":"2024-06-18T15:14:11","slug":"envios","status":"publish","type":"page","link":"https:\/\/digitalx.pt\/rm2\/envios\/","title":{"rendered":"envios"},"content":{"rendered":"\t\t<div data-elementor-type=\"wp-page\" data-elementor-id=\"13371\" class=\"elementor elementor-13371\" data-elementor-post-type=\"page\">\n\t\t\t\t<div class=\"elementor-element elementor-element-67055bde e-flex e-con-boxed e-con e-parent\" data-id=\"67055bde\" data-element_type=\"container\" data-e-type=\"container\" data-settings=\"{&quot;background_background&quot;:&quot;classic&quot;}\">\n\t\t\t\t\t<div class=\"e-con-inner\">\n\t\t\t\t<div class=\"elementor-element elementor-element-2354968d elementor-widget elementor-widget-spacer\" data-id=\"2354968d\" data-element_type=\"widget\" data-e-type=\"widget\" data-widget_type=\"spacer.default\">\n\t\t\t\t<div class=\"elementor-widget-container\">\n\t\t\t\t\t\t\t<div class=\"elementor-spacer\">\n\t\t\t<div class=\"elementor-spacer-inner\"><\/div>\n\t\t<\/div>\n\t\t\t\t\t\t<\/div>\n\t\t\t\t<\/div>\n\t\t\t\t<div class=\"elementor-element elementor-element-54d5fea0 elementor-widget elementor-widget-heading\" data-id=\"54d5fea0\" data-element_type=\"widget\" data-e-type=\"widget\" data-widget_type=\"heading.default\">\n\t\t\t\t<div class=\"elementor-widget-container\">\n\t\t\t\t\t<h1 class=\"elementor-heading-title elementor-size-default\">ENVIOS <\/h1>\t\t\t\t<\/div>\n\t\t\t\t<\/div>\n\t\t\t\t\t<\/div>\n\t\t\t\t<\/div>\n\t\t<div class=\"elementor-element elementor-element-7f90e911 e-flex e-con-boxed e-con e-parent\" data-id=\"7f90e911\" data-element_type=\"container\" data-e-type=\"container\" data-settings=\"{&quot;background_background&quot;:&quot;classic&quot;}\">\n\t\t\t\t\t<div class=\"e-con-inner\">\n\t\t\t\t<div class=\"elementor-element elementor-element-33495de8 elementor-widget elementor-widget-text-editor\" data-id=\"33495de8\" data-element_type=\"widget\" data-e-type=\"widget\" data-widget_type=\"text-editor.default\">\n\t\t\t\t<div class=\"elementor-widget-container\">\n\t\t\t\t\t\t\t\t\t<h3>Custo dos Portes de Envio<\/h3><p>As despesas de envio associadas \u00e0 sua encomenda ser\u00e3o faturadas por encomenda, ou seja, se encomendar mais do que um artigo, pagar\u00e1 apenas uma vez as despesas de envio. No entanto, a Artifofo &#8211; Equipamentos Hospitalares &amp; Farmac\u00eauticos, Lda. reserva-se o direito de dividir a entrega da encomenda, por exemplo, se uma parte da encomenda est\u00e1 atrasada ou n\u00e3o dispon\u00edvel. No caso de procedermos \u00e0 divis\u00e3o da encomenda, o cliente ser\u00e1 notificado por e-mail. Para o efeito, ser\u00e1 utilizado o endere\u00e7o de e-mail fornecido pelo cliente no momento da compra.<\/p><p>As entregas em Portugal Continental, o custo dos portes de envio perfaz 9,23\u20ac por encomenda, ser\u00e1 cobrado na fatura, mas ser\u00e1 oferecido em compras a partir dos 100\u20ac, \u00e1 exce\u00e7\u00e3o de:<br \/><br \/>\u2022 Camas hospitalares: Entrega e montagem = 90\u20ac; <br \/>\u2022 Cadeir\u00f5es e Sof\u00e1s: Entrega e montagem = 61,5\u20ac <br \/><br \/>O envio para as Regi\u00f5es Aut\u00f3nomas dos A\u00e7ores e da Madeira s\u00e3o poss\u00edveis, mediante consulta de pre\u00e7o.\u00a0No momento da entrega, dever\u00e1 verificar a embalagem e os produtos enviados no sentido de averiguar eventuais danos. Se constatar que os produtos est\u00e3o danificados, n\u00e3o deve aceitar a entrega da encomenda. A encomenda considera-se aceite se, ap\u00f3s rececionar a encomenda, a mesma n\u00e3o for devolvida nos 15 dias subsequentes. <\/p><h3>\u00a0<\/h3><h3>Prazos de Entrega das encomendas<\/h3><p>Ap\u00f3s registada a sua encomenda, sendo confirmado o respetivo pagamento e estando dispon\u00edveis todas as pe\u00e7as encomendadas, a Artifofo &#8211; Equipamentos Hospitalares &amp; Farmac\u00eauticos, Lda. compromete-se a proceder ao seu envio, observando o prazo indicado nos artigos.<\/p><p>A Artifofo &#8211; Equipamentos Hospitalares &amp; Farmac\u00eauticos, Lda. n\u00e3o ser\u00e1 respons\u00e1vel pelo incumprimento, ou mora no cumprimento, de qualquer obriga\u00e7\u00e3o de envio que tenha por causa um evento de for\u00e7a maior, isto \u00e9, a um acontecimento, ato ou omiss\u00e3o, fora do seu controlo razo\u00e1vel. <\/p>\t\t\t\t\t\t\t\t<\/div>\n\t\t\t\t<\/div>\n\t\t\t\t<div class=\"elementor-element elementor-element-42979ffe elementor-widget elementor-widget-spacer\" data-id=\"42979ffe\" data-element_type=\"widget\" data-e-type=\"widget\" data-widget_type=\"spacer.default\">\n\t\t\t\t<div class=\"elementor-widget-container\">\n\t\t\t\t\t\t\t<div class=\"elementor-spacer\">\n\t\t\t<div class=\"elementor-spacer-inner\"><\/div>\n\t\t<\/div>\n\t\t\t\t\t\t<\/div>\n\t\t\t\t<\/div>\n\t\t\t\t\t<\/div>\n\t\t\t\t<\/div>\n\t\t\t\t<section class=\"elementor-section elementor-top-section elementor-element elementor-element-4754741c elementor-section-boxed elementor-section-height-default elementor-section-height-default\" data-id=\"4754741c\" data-element_type=\"section\" data-e-type=\"section\" data-settings=\"{&quot;background_background&quot;:&quot;classic&quot;}\">\n\t\t\t\t\t\t<div class=\"elementor-container elementor-column-gap-default\">\n\t\t\t\t\t<div class=\"elementor-column elementor-col-33 elementor-top-column elementor-element elementor-element-38c1afca\" data-id=\"38c1afca\" data-element_type=\"column\" data-e-type=\"column\">\n\t\t\t<div class=\"elementor-widget-wrap elementor-element-populated\">\n\t\t\t\t\t\t<div class=\"elementor-element elementor-element-7b58eb10 elementor-position-top elementor-widget elementor-widget-image-box\" data-id=\"7b58eb10\" data-element_type=\"widget\" data-e-type=\"widget\" data-widget_type=\"image-box.default\">\n\t\t\t\t<div class=\"elementor-widget-container\">\n\t\t\t\t\t<div class=\"elementor-image-box-wrapper\"><figure class=\"elementor-image-box-img\"><img fetchpriority=\"high\" decoding=\"async\" width=\"542\" height=\"400\" src=\"https:\/\/digitalx.pt\/rm2\/wp-content\/uploads\/2024\/03\/Group-79.png\" class=\"attachment-full size-full wp-image-13443\" alt=\"\" srcset=\"https:\/\/digitalx.pt\/rm2\/wp-content\/uploads\/2024\/03\/Group-79.png 542w, https:\/\/digitalx.pt\/rm2\/wp-content\/uploads\/2024\/03\/Group-79-300x221.png 300w\" sizes=\"(max-width: 542px) 100vw, 542px\" \/><\/figure><div class=\"elementor-image-box-content\"><h3 class=\"elementor-image-box-title\">Meios de pagamento<\/h3><p class=\"elementor-image-box-description\">A Loja Resid\u00eancias Montepio disponibiliza-lhe diferentes formas de pagamento para que escolha a que mais lhe conv\u00e9m.<\/p><\/div><\/div>\t\t\t\t<\/div>\n\t\t\t\t<\/div>\n\t\t\t\t<div class=\"elementor-element elementor-element-52b12bca elementor-align-center elementor-widget elementor-widget-button\" data-id=\"52b12bca\" data-element_type=\"widget\" data-e-type=\"widget\" data-widget_type=\"button.default\">\n\t\t\t\t<div class=\"elementor-widget-container\">\n\t\t\t\t\t\t\t\t\t<div class=\"elementor-button-wrapper\">\n\t\t\t\t\t<a class=\"elementor-button elementor-button-link elementor-size-sm\" href=\"https:\/\/digitalx.pt\/rm2\/meios-pagamento\/\">\n\t\t\t\t\t\t<span class=\"elementor-button-content-wrapper\">\n\t\t\t\t\t\t\t\t\t<span class=\"elementor-button-text\">SAIBA MAIS<\/span>\n\t\t\t\t\t<\/span>\n\t\t\t\t\t<\/a>\n\t\t\t\t<\/div>\n\t\t\t\t\t\t\t\t<\/div>\n\t\t\t\t<\/div>\n\t\t\t\t\t<\/div>\n\t\t<\/div>\n\t\t\t\t<div class=\"elementor-column elementor-col-33 elementor-top-column elementor-element elementor-element-309f9d3a\" data-id=\"309f9d3a\" data-element_type=\"column\" data-e-type=\"column\">\n\t\t\t<div class=\"elementor-widget-wrap elementor-element-populated\">\n\t\t\t\t\t\t<div class=\"elementor-element elementor-element-2e010f56 elementor-position-top elementor-widget elementor-widget-image-box\" data-id=\"2e010f56\" data-element_type=\"widget\" data-e-type=\"widget\" data-widget_type=\"image-box.default\">\n\t\t\t\t<div class=\"elementor-widget-container\">\n\t\t\t\t\t<div class=\"elementor-image-box-wrapper\"><figure class=\"elementor-image-box-img\"><img decoding=\"async\" width=\"512\" height=\"512\" src=\"https:\/\/digitalx.pt\/rm2\/wp-content\/uploads\/2024\/03\/customer-support-2.png\" class=\"attachment-full size-full wp-image-13444\" alt=\"\" srcset=\"https:\/\/digitalx.pt\/rm2\/wp-content\/uploads\/2024\/03\/customer-support-2.png 512w, https:\/\/digitalx.pt\/rm2\/wp-content\/uploads\/2024\/03\/customer-support-2-300x300.png 300w, https:\/\/digitalx.pt\/rm2\/wp-content\/uploads\/2024\/03\/customer-support-2-100x100.png 100w, https:\/\/digitalx.pt\/rm2\/wp-content\/uploads\/2024\/03\/customer-support-2-150x150.png 150w\" sizes=\"(max-width: 512px) 100vw, 512px\" \/><\/figure><div class=\"elementor-image-box-content\"><h3 class=\"elementor-image-box-title\">Apoio ao cliente<\/h3><p class=\"elementor-image-box-description\">A Loja Resid\u00eancias Montepio tem a\u0300 sua disposic\u0327a\u0303o um Servic\u0327o de Apoio ao Cliente, com uma equipa de colaboradores destinada a garantir a sua total satisfac\u0327a\u0303o.<\/p><\/div><\/div>\t\t\t\t<\/div>\n\t\t\t\t<\/div>\n\t\t\t\t<div class=\"elementor-element elementor-element-5631821b elementor-align-center elementor-widget elementor-widget-button\" data-id=\"5631821b\" data-element_type=\"widget\" data-e-type=\"widget\" data-widget_type=\"button.default\">\n\t\t\t\t<div class=\"elementor-widget-container\">\n\t\t\t\t\t\t\t\t\t<div class=\"elementor-button-wrapper\">\n\t\t\t\t\t<a class=\"elementor-button elementor-button-link elementor-size-sm\" href=\"https:\/\/digitalx.pt\/rm2\/apoio-cliente\/\">\n\t\t\t\t\t\t<span class=\"elementor-button-content-wrapper\">\n\t\t\t\t\t\t\t\t\t<span class=\"elementor-button-text\">SAIBA MAIS<\/span>\n\t\t\t\t\t<\/span>\n\t\t\t\t\t<\/a>\n\t\t\t\t<\/div>\n\t\t\t\t\t\t\t\t<\/div>\n\t\t\t\t<\/div>\n\t\t\t\t\t<\/div>\n\t\t<\/div>\n\t\t\t\t<div class=\"elementor-column elementor-col-33 elementor-top-column elementor-element elementor-element-7ad125f0\" data-id=\"7ad125f0\" data-element_type=\"column\" data-e-type=\"column\">\n\t\t\t<div class=\"elementor-widget-wrap elementor-element-populated\">\n\t\t\t\t\t\t<div class=\"elementor-element elementor-element-5e51631 elementor-position-top elementor-widget elementor-widget-image-box\" data-id=\"5e51631\" data-element_type=\"widget\" data-e-type=\"widget\" data-widget_type=\"image-box.default\">\n\t\t\t\t<div class=\"elementor-widget-container\">\n\t\t\t\t\t<div class=\"elementor-image-box-wrapper\"><figure class=\"elementor-image-box-img\"><img decoding=\"async\" width=\"512\" height=\"512\" src=\"https:\/\/digitalx.pt\/rm2\/wp-content\/uploads\/2024\/03\/bell.png\" class=\"attachment-full size-full wp-image-13442\" alt=\"\" srcset=\"https:\/\/digitalx.pt\/rm2\/wp-content\/uploads\/2024\/03\/bell.png 512w, https:\/\/digitalx.pt\/rm2\/wp-content\/uploads\/2024\/03\/bell-300x300.png 300w, https:\/\/digitalx.pt\/rm2\/wp-content\/uploads\/2024\/03\/bell-100x100.png 100w, https:\/\/digitalx.pt\/rm2\/wp-content\/uploads\/2024\/03\/bell-150x150.png 150w\" sizes=\"(max-width: 512px) 100vw, 512px\" \/><\/figure><div class=\"elementor-image-box-content\"><h3 class=\"elementor-image-box-title\">Campanhas promocionais<\/h3><p class=\"elementor-image-box-description\">Mimamos os nossos clientes com campanhas promocionais especiais, para que beneficiem de condi\u00e7\u00f5es especiais em compras futuras.<\/p><\/div><\/div>\t\t\t\t<\/div>\n\t\t\t\t<\/div>\n\t\t\t\t<div class=\"elementor-element elementor-element-1b4e9a3a elementor-align-center elementor-widget elementor-widget-button\" data-id=\"1b4e9a3a\" data-element_type=\"widget\" data-e-type=\"widget\" data-widget_type=\"button.default\">\n\t\t\t\t<div class=\"elementor-widget-container\">\n\t\t\t\t\t\t\t\t\t<div class=\"elementor-button-wrapper\">\n\t\t\t\t\t<a class=\"elementor-button elementor-button-link elementor-size-sm\" href=\"https:\/\/digitalx.pt\/rm2\/campanhas-promocionais\/\">\n\t\t\t\t\t\t<span class=\"elementor-button-content-wrapper\">\n\t\t\t\t\t\t\t\t\t<span class=\"elementor-button-text\">SAIBA MAIS<\/span>\n\t\t\t\t\t<\/span>\n\t\t\t\t\t<\/a>\n\t\t\t\t<\/div>\n\t\t\t\t\t\t\t\t<\/div>\n\t\t\t\t<\/div>\n\t\t\t\t\t<\/div>\n\t\t<\/div>\n\t\t\t\t\t<\/div>\n\t\t<\/section>\n\t\t<div class=\"elementor-element elementor-element-2875f70 e-flex e-con-boxed e-con e-parent\" data-id=\"2875f70\" data-element_type=\"container\" data-e-type=\"container\" data-settings=\"{&quot;background_background&quot;:&quot;classic&quot;}\">\n\t\t\t\t\t<div class=\"e-con-inner\">\n\t\t\t\t<div class=\"elementor-element elementor-element-79c92fc elementor-widget elementor-widget-spacer\" data-id=\"79c92fc\" data-element_type=\"widget\" data-e-type=\"widget\" data-widget_type=\"spacer.default\">\n\t\t\t\t<div class=\"elementor-widget-container\">\n\t\t\t\t\t\t\t<div class=\"elementor-spacer\">\n\t\t\t<div class=\"elementor-spacer-inner\"><\/div>\n\t\t<\/div>\n\t\t\t\t\t\t<\/div>\n\t\t\t\t<\/div>\n\t\t\t\t\t<\/div>\n\t\t\t\t<\/div>\n\t\t<div class=\"elementor-element elementor-element-d066f49 e-flex e-con-boxed e-con e-parent\" data-id=\"d066f49\" data-element_type=\"container\" data-e-type=\"container\" data-settings=\"{&quot;background_background&quot;:&quot;classic&quot;}\">\n\t\t\t\t\t<div class=\"e-con-inner\">\n\t\t<div class=\"elementor-element elementor-element-4906730d e-con-full e-flex e-con e-child\" data-id=\"4906730d\" data-element_type=\"container\" data-e-type=\"container\">\n\t\t\t\t<div class=\"elementor-element elementor-element-2a473fb6 elementor-widget elementor-widget-heading\" data-id=\"2a473fb6\" data-element_type=\"widget\" data-e-type=\"widget\" data-widget_type=\"heading.default\">\n\t\t\t\t<div class=\"elementor-widget-container\">\n\t\t\t\t\t<h2 class=\"elementor-heading-title elementor-size-default\">SUBSCREVA A NOSSA NEWSLLETER<\/h2>\t\t\t\t<\/div>\n\t\t\t\t<\/div>\n\t\t\t\t<div class=\"elementor-element elementor-element-76e6decd elementor-widget elementor-widget-text-editor\" data-id=\"76e6decd\" data-element_type=\"widget\" data-e-type=\"widget\" data-widget_type=\"text-editor.default\">\n\t\t\t\t<div class=\"elementor-widget-container\">\n\t\t\t\t\t\t\t\t\t<p>Receba novidades e promo\u00e7\u00f5es no teu email<\/p>\t\t\t\t\t\t\t\t<\/div>\n\t\t\t\t<\/div>\n\t\t\t\t<\/div>\n\t\t<div class=\"elementor-element elementor-element-58a40404 e-con-full e-flex e-con e-child\" data-id=\"58a40404\" data-element_type=\"container\" data-e-type=\"container\">\n\t\t\t\t<div class=\"elementor-element elementor-element-6f483585 elementor-button-align-stretch elementor-widget elementor-widget-form\" data-id=\"6f483585\" data-element_type=\"widget\" data-e-type=\"widget\" data-settings=\"{&quot;button_width&quot;:&quot;25&quot;,&quot;step_next_label&quot;:&quot;Next&quot;,&quot;step_previous_label&quot;:&quot;Anterior&quot;,&quot;step_type&quot;:&quot;number_text&quot;,&quot;step_icon_shape&quot;:&quot;circle&quot;}\" data-widget_type=\"form.default\">\n\t\t\t\t<div class=\"elementor-widget-container\">\n\t\t\t\t\t\t\t<form class=\"elementor-form\" method=\"post\" name=\"New Form\" aria-label=\"New Form\">\n\t\t\t<input type=\"hidden\" name=\"post_id\" value=\"13371\"\/>\n\t\t\t<input type=\"hidden\" name=\"form_id\" value=\"6f483585\"\/>\n\t\t\t<input type=\"hidden\" name=\"referer_title\" value=\"Envios e Devolu\u00e7\u00f5es - Resid\u00eancias Montepio\" \/>\n\n\t\t\t\t\t\t\t<input type=\"hidden\" name=\"queried_id\" value=\"13371\"\/>\n\t\t\t\n\t\t\t<div class=\"elementor-form-fields-wrapper elementor-labels-\">\n\t\t\t\t\t\t\t\t<div class=\"elementor-field-type-email elementor-field-group elementor-column elementor-field-group-email elementor-col-75 elementor-field-required\">\n\t\t\t\t\t\t\t\t\t\t\t\t<label for=\"form-field-email\" class=\"elementor-field-label elementor-screen-only\">\n\t\t\t\t\t\t\t\tEmail\t\t\t\t\t\t\t<\/label>\n\t\t\t\t\t\t\t\t\t\t\t\t\t\t<input size=\"1\" type=\"email\" name=\"form_fields[email]\" id=\"form-field-email\" class=\"elementor-field elementor-size-sm  elementor-field-textual\" placeholder=\"Insere o seu e-mail\" required=\"required\">\n\t\t\t\t\t\t\t\t\t\t\t<\/div>\n\t\t\t\t\t\t\t\t<div class=\"elementor-field-group elementor-column elementor-field-type-submit elementor-col-25 e-form__buttons\">\n\t\t\t\t\t<button class=\"elementor-button elementor-size-md\" type=\"submit\">\n\t\t\t\t\t\t<span class=\"elementor-button-content-wrapper\">\n\t\t\t\t\t\t\t\t\t\t\t\t\t\t\t\t\t\t\t\t\t\t<span class=\"elementor-button-text\">Subscrever<\/span>\n\t\t\t\t\t\t\t\t\t\t\t\t\t<\/span>\n\t\t\t\t\t<\/button>\n\t\t\t\t<\/div>\n\t\t\t<\/div>\n\t\t<\/form>\n\t\t\t\t\t\t<\/div>\n\t\t\t\t<\/div>\n\t\t\t\t<\/div>\n\t\t\t\t\t<\/div>\n\t\t\t\t<\/div>\n\t\t\t\t<\/div>\n\t\t","protected":false},"excerpt":{"rendered":"<p>ENVIOS Custo dos Portes de Envio As despesas de envio associadas \u00e0 sua encomenda ser\u00e3o faturadas por encomenda, ou seja, se encomendar mais do que um artigo, pagar\u00e1 apenas uma vez as despesas de envio. No entanto, a Artifofo &#8211; Equipamentos Hospitalares &amp; Farmac\u00eauticos, Lda. reserva-se o direito de dividir a entrega da encomenda, por [&hellip;]<\/p>\n","protected":false},"author":1,"featured_media":15440,"parent":0,"menu_order":0,"comment_status":"closed","ping_status":"closed","template":"","meta":{"footnotes":""},"class_list":["post-13371","page","type-page","status-publish","has-post-thumbnail","hentry"],"yoast_head":"<!-- This site is optimized with the Yoast SEO plugin v27.0 - https:\/\/yoast.com\/product\/yoast-seo-wordpress\/ -->\n<title>Envios e Devolu\u00e7\u00f5es - Resid\u00eancias Montepio<\/title>\n<meta name=\"description\" content=\"Confira as pol\u00edticas de envios e devolu\u00e7\u00f5es da loja das Resid\u00eancias Montepio para uma experi\u00eancia de compra segura.\" \/>\n<meta name=\"robots\" content=\"index, follow, max-snippet:-1, max-image-preview:large, max-video-preview:-1\" \/>\n<link rel=\"canonical\" href=\"https:\/\/digitalx.pt\/rm2\/envios\/\" \/>\n<meta property=\"og:locale\" content=\"pt_PT\" \/>\n<meta property=\"og:type\" content=\"article\" \/>\n<meta property=\"og:title\" content=\"Envios e Devolu\u00e7\u00f5es - Resid\u00eancias Montepio\" \/>\n<meta property=\"og:description\" content=\"Confira as pol\u00edticas de envios e devolu\u00e7\u00f5es da loja das Resid\u00eancias Montepio para uma experi\u00eancia de compra segura.\" \/>\n<meta property=\"og:url\" content=\"https:\/\/digitalx.pt\/rm2\/envios\/\" \/>\n<meta property=\"og:site_name\" content=\"Resid\u00eancias Montepio\" \/>\n<meta property=\"article:publisher\" content=\"https:\/\/m.facebook.com\/residenciasmontepio.sa\/\" \/>\n<meta property=\"article:modified_time\" content=\"2024-06-18T15:14:11+00:00\" \/>\n<meta property=\"og:image\" content=\"https:\/\/digitalx.pt\/rm2\/wp-content\/uploads\/2024\/04\/familia-scaled-e1709224633473.jpg\" \/>\n\t<meta property=\"og:image:width\" content=\"1429\" \/>\n\t<meta property=\"og:image:height\" content=\"1369\" \/>\n\t<meta property=\"og:image:type\" content=\"image\/jpeg\" \/>\n<meta name=\"twitter:card\" content=\"summary_large_image\" \/>\n<meta name=\"twitter:label1\" content=\"Tempo estimado de leitura\" \/>\n\t<meta name=\"twitter:data1\" content=\"3 minutos\" \/>\n<script type=\"application\/ld+json\" class=\"yoast-schema-graph\">{\"@context\":\"https:\/\/schema.org\",\"@graph\":[{\"@type\":\"WebPage\",\"@id\":\"https:\/\/digitalx.pt\/rm2\/envios\/\",\"url\":\"https:\/\/digitalx.pt\/rm2\/envios\/\",\"name\":\"Envios e Devolu\u00e7\u00f5es - Resid\u00eancias Montepio\",\"isPartOf\":{\"@id\":\"https:\/\/digitalx.pt\/rm2\/#website\"},\"primaryImageOfPage\":{\"@id\":\"https:\/\/digitalx.pt\/rm2\/envios\/#primaryimage\"},\"image\":{\"@id\":\"https:\/\/digitalx.pt\/rm2\/envios\/#primaryimage\"},\"thumbnailUrl\":\"https:\/\/digitalx.pt\/rm2\/wp-content\/uploads\/2024\/04\/familia-scaled-e1709224633473.jpg\",\"datePublished\":\"2024-03-13T14:26:12+00:00\",\"dateModified\":\"2024-06-18T15:14:11+00:00\",\"description\":\"Confira as pol\u00edticas de envios e devolu\u00e7\u00f5es da loja das Resid\u00eancias Montepio para uma experi\u00eancia de compra segura.\",\"breadcrumb\":{\"@id\":\"https:\/\/digitalx.pt\/rm2\/envios\/#breadcrumb\"},\"inLanguage\":\"pt-PT\",\"potentialAction\":[{\"@type\":\"ReadAction\",\"target\":[\"https:\/\/digitalx.pt\/rm2\/envios\/\"]}]},{\"@type\":\"ImageObject\",\"inLanguage\":\"pt-PT\",\"@id\":\"https:\/\/digitalx.pt\/rm2\/envios\/#primaryimage\",\"url\":\"https:\/\/digitalx.pt\/rm2\/wp-content\/uploads\/2024\/04\/familia-scaled-e1709224633473.jpg\",\"contentUrl\":\"https:\/\/digitalx.pt\/rm2\/wp-content\/uploads\/2024\/04\/familia-scaled-e1709224633473.jpg\",\"width\":1429,\"height\":1369},{\"@type\":\"BreadcrumbList\",\"@id\":\"https:\/\/digitalx.pt\/rm2\/envios\/#breadcrumb\",\"itemListElement\":[{\"@type\":\"ListItem\",\"position\":1,\"name\":\"In\u00edcio\",\"item\":\"https:\/\/digitalx.pt\/rm2\/\"},{\"@type\":\"ListItem\",\"position\":2,\"name\":\"envios\"}]},{\"@type\":\"WebSite\",\"@id\":\"https:\/\/digitalx.pt\/rm2\/#website\",\"url\":\"https:\/\/digitalx.pt\/rm2\/\",\"name\":\"Resid\u00eancias Montepio\",\"description\":\"Resid\u00eancias Montepio Servi\u00e7os de Saude SA\",\"publisher\":{\"@id\":\"https:\/\/digitalx.pt\/rm2\/#organization\"},\"potentialAction\":[{\"@type\":\"SearchAction\",\"target\":{\"@type\":\"EntryPoint\",\"urlTemplate\":\"https:\/\/digitalx.pt\/rm2\/?s={search_term_string}\"},\"query-input\":{\"@type\":\"PropertyValueSpecification\",\"valueRequired\":true,\"valueName\":\"search_term_string\"}}],\"inLanguage\":\"pt-PT\"},{\"@type\":\"Organization\",\"@id\":\"https:\/\/digitalx.pt\/rm2\/#organization\",\"name\":\"Resid\u00eancias Montepio\",\"url\":\"https:\/\/digitalx.pt\/rm2\/\",\"logo\":{\"@type\":\"ImageObject\",\"inLanguage\":\"pt-PT\",\"@id\":\"https:\/\/digitalx.pt\/rm2\/#\/schema\/logo\/image\/\",\"url\":\"https:\/\/digitalx.pt\/rm2\/wp-content\/uploads\/2024\/03\/favicon.svg\",\"contentUrl\":\"https:\/\/digitalx.pt\/rm2\/wp-content\/uploads\/2024\/03\/favicon.svg\",\"width\":1,\"height\":1,\"caption\":\"Resid\u00eancias Montepio\"},\"image\":{\"@id\":\"https:\/\/digitalx.pt\/rm2\/#\/schema\/logo\/image\/\"},\"sameAs\":[\"https:\/\/m.facebook.com\/residenciasmontepio.sa\/\",\"https:\/\/www.instagram.com\/residenciasmontepio\/\"]}]}<\/script>\n<!-- \/ Yoast SEO plugin. -->","yoast_head_json":{"title":"Envios e Devolu\u00e7\u00f5es - Resid\u00eancias Montepio","description":"Confira as pol\u00edticas de envios e devolu\u00e7\u00f5es da loja das Resid\u00eancias Montepio para uma experi\u00eancia de compra segura.","robots":{"index":"index","follow":"follow","max-snippet":"max-snippet:-1","max-image-preview":"max-image-preview:large","max-video-preview":"max-video-preview:-1"},"canonical":"https:\/\/digitalx.pt\/rm2\/envios\/","og_locale":"pt_PT","og_type":"article","og_title":"Envios e Devolu\u00e7\u00f5es - Resid\u00eancias Montepio","og_description":"Confira as pol\u00edticas de envios e devolu\u00e7\u00f5es da loja das Resid\u00eancias Montepio para uma experi\u00eancia de compra segura.","og_url":"https:\/\/digitalx.pt\/rm2\/envios\/","og_site_name":"Resid\u00eancias Montepio","article_publisher":"https:\/\/m.facebook.com\/residenciasmontepio.sa\/","article_modified_time":"2024-06-18T15:14:11+00:00","og_image":[{"width":1429,"height":1369,"url":"https:\/\/digitalx.pt\/rm2\/wp-content\/uploads\/2024\/04\/familia-scaled-e1709224633473.jpg","type":"image\/jpeg"}],"twitter_card":"summary_large_image","twitter_misc":{"Tempo estimado de leitura":"3 minutos"},"schema":{"@context":"https:\/\/schema.org","@graph":[{"@type":"WebPage","@id":"https:\/\/digitalx.pt\/rm2\/envios\/","url":"https:\/\/digitalx.pt\/rm2\/envios\/","name":"Envios e Devolu\u00e7\u00f5es - Resid\u00eancias Montepio","isPartOf":{"@id":"https:\/\/digitalx.pt\/rm2\/#website"},"primaryImageOfPage":{"@id":"https:\/\/digitalx.pt\/rm2\/envios\/#primaryimage"},"image":{"@id":"https:\/\/digitalx.pt\/rm2\/envios\/#primaryimage"},"thumbnailUrl":"https:\/\/digitalx.pt\/rm2\/wp-content\/uploads\/2024\/04\/familia-scaled-e1709224633473.jpg","datePublished":"2024-03-13T14:26:12+00:00","dateModified":"2024-06-18T15:14:11+00:00","description":"Confira as pol\u00edticas de envios e devolu\u00e7\u00f5es da loja das Resid\u00eancias Montepio para uma experi\u00eancia de compra segura.","breadcrumb":{"@id":"https:\/\/digitalx.pt\/rm2\/envios\/#breadcrumb"},"inLanguage":"pt-PT","potentialAction":[{"@type":"ReadAction","target":["https:\/\/digitalx.pt\/rm2\/envios\/"]}]},{"@type":"ImageObject","inLanguage":"pt-PT","@id":"https:\/\/digitalx.pt\/rm2\/envios\/#primaryimage","url":"https:\/\/digitalx.pt\/rm2\/wp-content\/uploads\/2024\/04\/familia-scaled-e1709224633473.jpg","contentUrl":"https:\/\/digitalx.pt\/rm2\/wp-content\/uploads\/2024\/04\/familia-scaled-e1709224633473.jpg","width":1429,"height":1369},{"@type":"BreadcrumbList","@id":"https:\/\/digitalx.pt\/rm2\/envios\/#breadcrumb","itemListElement":[{"@type":"ListItem","position":1,"name":"In\u00edcio","item":"https:\/\/digitalx.pt\/rm2\/"},{"@type":"ListItem","position":2,"name":"envios"}]},{"@type":"WebSite","@id":"https:\/\/digitalx.pt\/rm2\/#website","url":"https:\/\/digitalx.pt\/rm2\/","name":"Resid\u00eancias Montepio","description":"Resid\u00eancias Montepio Servi\u00e7os de Saude SA","publisher":{"@id":"https:\/\/digitalx.pt\/rm2\/#organization"},"potentialAction":[{"@type":"SearchAction","target":{"@type":"EntryPoint","urlTemplate":"https:\/\/digitalx.pt\/rm2\/?s={search_term_string}"},"query-input":{"@type":"PropertyValueSpecification","valueRequired":true,"valueName":"search_term_string"}}],"inLanguage":"pt-PT"},{"@type":"Organization","@id":"https:\/\/digitalx.pt\/rm2\/#organization","name":"Resid\u00eancias Montepio","url":"https:\/\/digitalx.pt\/rm2\/","logo":{"@type":"ImageObject","inLanguage":"pt-PT","@id":"https:\/\/digitalx.pt\/rm2\/#\/schema\/logo\/image\/","url":"https:\/\/digitalx.pt\/rm2\/wp-content\/uploads\/2024\/03\/favicon.svg","contentUrl":"https:\/\/digitalx.pt\/rm2\/wp-content\/uploads\/2024\/03\/favicon.svg","width":1,"height":1,"caption":"Resid\u00eancias Montepio"},"image":{"@id":"https:\/\/digitalx.pt\/rm2\/#\/schema\/logo\/image\/"},"sameAs":["https:\/\/m.facebook.com\/residenciasmontepio.sa\/","https:\/\/www.instagram.com\/residenciasmontepio\/"]}]}},"_links":{"self":[{"href":"https:\/\/digitalx.pt\/rm2\/wp-json\/wp\/v2\/pages\/13371","targetHints":{"allow":["GET"]}}],"collection":[{"href":"https:\/\/digitalx.pt\/rm2\/wp-json\/wp\/v2\/pages"}],"about":[{"href":"https:\/\/digitalx.pt\/rm2\/wp-json\/wp\/v2\/types\/page"}],"author":[{"embeddable":true,"href":"https:\/\/digitalx.pt\/rm2\/wp-json\/wp\/v2\/users\/1"}],"replies":[{"embeddable":true,"href":"https:\/\/digitalx.pt\/rm2\/wp-json\/wp\/v2\/comments?post=13371"}],"version-history":[{"count":34,"href":"https:\/\/digitalx.pt\/rm2\/wp-json\/wp\/v2\/pages\/13371\/revisions"}],"predecessor-version":[{"id":16029,"href":"https:\/\/digitalx.pt\/rm2\/wp-json\/wp\/v2\/pages\/13371\/revisions\/16029"}],"wp:featuredmedia":[{"embeddable":true,"href":"https:\/\/digitalx.pt\/rm2\/wp-json\/wp\/v2\/media\/15440"}],"wp:attachment":[{"href":"https:\/\/digitalx.pt\/rm2\/wp-json\/wp\/v2\/media?parent=13371"}],"curies":[{"name":"wp","href":"https:\/\/api.w.org\/{rel}","templated":true}]}}