{"id":16864,"date":"2024-08-21T10:35:27","date_gmt":"2024-08-21T10:35:27","guid":{"rendered":"https:\/\/digitalx.pt\/rm2\/?page_id=16864"},"modified":"2024-08-21T10:40:37","modified_gmt":"2024-08-21T10:40:37","slug":"guia-de-acolhimento-montijo-2","status":"publish","type":"page","link":"https:\/\/digitalx.pt\/rm2\/guia-de-acolhimento-montijo-2\/","title":{"rendered":"Guia de Acolhimento Montijo"},"content":{"rendered":"\t\t<div data-elementor-type=\"wp-page\" data-elementor-id=\"16864\" class=\"elementor elementor-16864\" data-elementor-post-type=\"page\">\n\t\t\t\t<div class=\"elementor-element elementor-element-b19ae6f e-flex e-con-boxed e-con e-parent\" data-id=\"b19ae6f\" data-element_type=\"container\" data-e-type=\"container\" data-settings=\"{&quot;background_background&quot;:&quot;classic&quot;}\">\n\t\t\t\t\t<div class=\"e-con-inner\">\n\t\t\t\t<div class=\"elementor-element elementor-element-4f7d60d elementor-widget elementor-widget-shortcode\" data-id=\"4f7d60d\" data-element_type=\"widget\" data-e-type=\"widget\" data-widget_type=\"shortcode.default\">\n\t\t\t\t<div class=\"elementor-widget-container\">\n\t\t\t\t\t\t\t<div class=\"elementor-shortcode\"><div class=\"_df_book df-lite\" id=\"df_16843\"  _slug=\"guia-de-acolhimento-montijo\" data-title=\"guia-de-acolhimento-montijo\" wpoptions=\"true\" thumbtype=\"\" ><\/div><script class=\"df-shortcode-script\" nowprocket type=\"application\/javascript\">window.option_df_16843 = {\"outline\":[],\"backgroundColor\":\"#fff\",\"height\":\"650\",\"autoEnableOutline\":\"false\",\"autoEnableThumbnail\":\"false\",\"overwritePDFOutline\":\"false\",\"enableDownload\":\"false\",\"direction\":\"1\",\"pageSize\":\"0\",\"controlsPosition\":\"hide\",\"soundEnable\":\"true\",\"source\":\"https:\\\/\\\/digitalx.pt\\\/rm2\\\/wp-content\\\/uploads\\\/2024\\\/08\\\/Guia-de-Acolhimento-Montijo_A4.pdf\",\"wpOptions\":\"true\"}; if(window.DFLIP && window.DFLIP.parseBooks){window.DFLIP.parseBooks();}<\/script>\t<\/div>\n\t\t\t\t\t\t<\/div>\n\t\t\t\t<\/div>\n\t\t\t\t\t<\/div>\n\t\t\t\t<\/div>\n\t\t\t\t<\/div>\n\t\t","protected":false},"excerpt":{"rendered":"","protected":false},"author":1,"featured_media":211,"parent":0,"menu_order":0,"comment_status":"closed","ping_status":"closed","template":"elementor_header_footer","meta":{"footnotes":""},"class_list":["post-16864","page","type-page","status-publish","has-post-thumbnail","hentry"],"yoast_head":"<!-- This site is optimized with the Yoast SEO plugin v27.0 - https:\/\/yoast.com\/product\/yoast-seo-wordpress\/ -->\n<title>Guia de Acolhimento Montijo - Resid\u00eancias Montepio<\/title>\n<meta name=\"description\" content=\"Veja o documento de Guia de Acolhimento da unidade de Albergaria-a-Velha e conhe\u00e7a todos os passos de nossos residentes.\" \/>\n<meta name=\"robots\" content=\"index, follow, max-snippet:-1, max-image-preview:large, max-video-preview:-1\" \/>\n<link rel=\"canonical\" href=\"https:\/\/digitalx.pt\/rm2\/guia-de-acolhimento-montijo-2\/\" \/>\n<meta property=\"og:locale\" content=\"pt_PT\" \/>\n<meta property=\"og:type\" content=\"article\" \/>\n<meta property=\"og:title\" content=\"Guia de Acolhimento Montijo - Resid\u00eancias Montepio\" \/>\n<meta property=\"og:description\" content=\"Veja o documento de Guia de Acolhimento da unidade de Albergaria-a-Velha e conhe\u00e7a todos os passos de nossos residentes.\" \/>\n<meta property=\"og:url\" content=\"https:\/\/digitalx.pt\/rm2\/guia-de-acolhimento-montijo-2\/\" \/>\n<meta property=\"og:site_name\" content=\"Resid\u00eancias Montepio\" \/>\n<meta property=\"article:publisher\" content=\"https:\/\/m.facebook.com\/residenciasmontepio.sa\/\" \/>\n<meta property=\"article:modified_time\" content=\"2024-08-21T10:40:37+00:00\" \/>\n<meta property=\"og:image\" content=\"https:\/\/digitalx.pt\/rm2\/wp-content\/uploads\/2024\/03\/residencias-montepio-montijo-1.jpg\" \/>\n\t<meta property=\"og:image:width\" content=\"290\" \/>\n\t<meta property=\"og:image:height\" content=\"270\" \/>\n\t<meta property=\"og:image:type\" content=\"image\/jpeg\" \/>\n<meta name=\"twitter:card\" content=\"summary_large_image\" \/>\n<script type=\"application\/ld+json\" class=\"yoast-schema-graph\">{\"@context\":\"https:\/\/schema.org\",\"@graph\":[{\"@type\":\"WebPage\",\"@id\":\"https:\/\/digitalx.pt\/rm2\/guia-de-acolhimento-montijo-2\/\",\"url\":\"https:\/\/digitalx.pt\/rm2\/guia-de-acolhimento-montijo-2\/\",\"name\":\"Guia de Acolhimento Montijo - Resid\u00eancias Montepio\",\"isPartOf\":{\"@id\":\"https:\/\/digitalx.pt\/rm2\/#website\"},\"primaryImageOfPage\":{\"@id\":\"https:\/\/digitalx.pt\/rm2\/guia-de-acolhimento-montijo-2\/#primaryimage\"},\"image\":{\"@id\":\"https:\/\/digitalx.pt\/rm2\/guia-de-acolhimento-montijo-2\/#primaryimage\"},\"thumbnailUrl\":\"https:\/\/digitalx.pt\/rm2\/wp-content\/uploads\/2024\/03\/residencias-montepio-montijo-1.jpg\",\"datePublished\":\"2024-08-21T10:35:27+00:00\",\"dateModified\":\"2024-08-21T10:40:37+00:00\",\"description\":\"Veja o documento de Guia de Acolhimento da unidade de Albergaria-a-Velha e conhe\u00e7a todos os passos de nossos residentes.\",\"breadcrumb\":{\"@id\":\"https:\/\/digitalx.pt\/rm2\/guia-de-acolhimento-montijo-2\/#breadcrumb\"},\"inLanguage\":\"pt-PT\",\"potentialAction\":[{\"@type\":\"ReadAction\",\"target\":[\"https:\/\/digitalx.pt\/rm2\/guia-de-acolhimento-montijo-2\/\"]}]},{\"@type\":\"ImageObject\",\"inLanguage\":\"pt-PT\",\"@id\":\"https:\/\/digitalx.pt\/rm2\/guia-de-acolhimento-montijo-2\/#primaryimage\",\"url\":\"https:\/\/digitalx.pt\/rm2\/wp-content\/uploads\/2024\/03\/residencias-montepio-montijo-1.jpg\",\"contentUrl\":\"https:\/\/digitalx.pt\/rm2\/wp-content\/uploads\/2024\/03\/residencias-montepio-montijo-1.jpg\",\"width\":290,\"height\":270},{\"@type\":\"BreadcrumbList\",\"@id\":\"https:\/\/digitalx.pt\/rm2\/guia-de-acolhimento-montijo-2\/#breadcrumb\",\"itemListElement\":[{\"@type\":\"ListItem\",\"position\":1,\"name\":\"In\u00edcio\",\"item\":\"https:\/\/digitalx.pt\/rm2\/\"},{\"@type\":\"ListItem\",\"position\":2,\"name\":\"Guia de Acolhimento Montijo\"}]},{\"@type\":\"WebSite\",\"@id\":\"https:\/\/digitalx.pt\/rm2\/#website\",\"url\":\"https:\/\/digitalx.pt\/rm2\/\",\"name\":\"Resid\u00eancias Montepio\",\"description\":\"Resid\u00eancias Montepio Servi\u00e7os de Saude SA\",\"publisher\":{\"@id\":\"https:\/\/digitalx.pt\/rm2\/#organization\"},\"potentialAction\":[{\"@type\":\"SearchAction\",\"target\":{\"@type\":\"EntryPoint\",\"urlTemplate\":\"https:\/\/digitalx.pt\/rm2\/?s={search_term_string}\"},\"query-input\":{\"@type\":\"PropertyValueSpecification\",\"valueRequired\":true,\"valueName\":\"search_term_string\"}}],\"inLanguage\":\"pt-PT\"},{\"@type\":\"Organization\",\"@id\":\"https:\/\/digitalx.pt\/rm2\/#organization\",\"name\":\"Resid\u00eancias Montepio\",\"url\":\"https:\/\/digitalx.pt\/rm2\/\",\"logo\":{\"@type\":\"ImageObject\",\"inLanguage\":\"pt-PT\",\"@id\":\"https:\/\/digitalx.pt\/rm2\/#\/schema\/logo\/image\/\",\"url\":\"https:\/\/digitalx.pt\/rm2\/wp-content\/uploads\/2024\/03\/favicon.svg\",\"contentUrl\":\"https:\/\/digitalx.pt\/rm2\/wp-content\/uploads\/2024\/03\/favicon.svg\",\"width\":1,\"height\":1,\"caption\":\"Resid\u00eancias Montepio\"},\"image\":{\"@id\":\"https:\/\/digitalx.pt\/rm2\/#\/schema\/logo\/image\/\"},\"sameAs\":[\"https:\/\/m.facebook.com\/residenciasmontepio.sa\/\",\"https:\/\/www.instagram.com\/residenciasmontepio\/\"]}]}<\/script>\n<!-- \/ Yoast SEO plugin. -->","yoast_head_json":{"title":"Guia de Acolhimento Montijo - Resid\u00eancias Montepio","description":"Veja o documento de Guia de Acolhimento da unidade de Albergaria-a-Velha e conhe\u00e7a todos os passos de nossos residentes.","robots":{"index":"index","follow":"follow","max-snippet":"max-snippet:-1","max-image-preview":"max-image-preview:large","max-video-preview":"max-video-preview:-1"},"canonical":"https:\/\/digitalx.pt\/rm2\/guia-de-acolhimento-montijo-2\/","og_locale":"pt_PT","og_type":"article","og_title":"Guia de Acolhimento Montijo - Resid\u00eancias Montepio","og_description":"Veja o documento de Guia de Acolhimento da unidade de Albergaria-a-Velha e conhe\u00e7a todos os passos de nossos residentes.","og_url":"https:\/\/digitalx.pt\/rm2\/guia-de-acolhimento-montijo-2\/","og_site_name":"Resid\u00eancias Montepio","article_publisher":"https:\/\/m.facebook.com\/residenciasmontepio.sa\/","article_modified_time":"2024-08-21T10:40:37+00:00","og_image":[{"width":290,"height":270,"url":"https:\/\/digitalx.pt\/rm2\/wp-content\/uploads\/2024\/03\/residencias-montepio-montijo-1.jpg","type":"image\/jpeg"}],"twitter_card":"summary_large_image","schema":{"@context":"https:\/\/schema.org","@graph":[{"@type":"WebPage","@id":"https:\/\/digitalx.pt\/rm2\/guia-de-acolhimento-montijo-2\/","url":"https:\/\/digitalx.pt\/rm2\/guia-de-acolhimento-montijo-2\/","name":"Guia de Acolhimento Montijo - Resid\u00eancias Montepio","isPartOf":{"@id":"https:\/\/digitalx.pt\/rm2\/#website"},"primaryImageOfPage":{"@id":"https:\/\/digitalx.pt\/rm2\/guia-de-acolhimento-montijo-2\/#primaryimage"},"image":{"@id":"https:\/\/digitalx.pt\/rm2\/guia-de-acolhimento-montijo-2\/#primaryimage"},"thumbnailUrl":"https:\/\/digitalx.pt\/rm2\/wp-content\/uploads\/2024\/03\/residencias-montepio-montijo-1.jpg","datePublished":"2024-08-21T10:35:27+00:00","dateModified":"2024-08-21T10:40:37+00:00","description":"Veja o documento de Guia de Acolhimento da unidade de Albergaria-a-Velha e conhe\u00e7a todos os passos de nossos residentes.","breadcrumb":{"@id":"https:\/\/digitalx.pt\/rm2\/guia-de-acolhimento-montijo-2\/#breadcrumb"},"inLanguage":"pt-PT","potentialAction":[{"@type":"ReadAction","target":["https:\/\/digitalx.pt\/rm2\/guia-de-acolhimento-montijo-2\/"]}]},{"@type":"ImageObject","inLanguage":"pt-PT","@id":"https:\/\/digitalx.pt\/rm2\/guia-de-acolhimento-montijo-2\/#primaryimage","url":"https:\/\/digitalx.pt\/rm2\/wp-content\/uploads\/2024\/03\/residencias-montepio-montijo-1.jpg","contentUrl":"https:\/\/digitalx.pt\/rm2\/wp-content\/uploads\/2024\/03\/residencias-montepio-montijo-1.jpg","width":290,"height":270},{"@type":"BreadcrumbList","@id":"https:\/\/digitalx.pt\/rm2\/guia-de-acolhimento-montijo-2\/#breadcrumb","itemListElement":[{"@type":"ListItem","position":1,"name":"In\u00edcio","item":"https:\/\/digitalx.pt\/rm2\/"},{"@type":"ListItem","position":2,"name":"Guia de Acolhimento Montijo"}]},{"@type":"WebSite","@id":"https:\/\/digitalx.pt\/rm2\/#website","url":"https:\/\/digitalx.pt\/rm2\/","name":"Resid\u00eancias Montepio","description":"Resid\u00eancias Montepio Servi\u00e7os de Saude SA","publisher":{"@id":"https:\/\/digitalx.pt\/rm2\/#organization"},"potentialAction":[{"@type":"SearchAction","target":{"@type":"EntryPoint","urlTemplate":"https:\/\/digitalx.pt\/rm2\/?s={search_term_string}"},"query-input":{"@type":"PropertyValueSpecification","valueRequired":true,"valueName":"search_term_string"}}],"inLanguage":"pt-PT"},{"@type":"Organization","@id":"https:\/\/digitalx.pt\/rm2\/#organization","name":"Resid\u00eancias Montepio","url":"https:\/\/digitalx.pt\/rm2\/","logo":{"@type":"ImageObject","inLanguage":"pt-PT","@id":"https:\/\/digitalx.pt\/rm2\/#\/schema\/logo\/image\/","url":"https:\/\/digitalx.pt\/rm2\/wp-content\/uploads\/2024\/03\/favicon.svg","contentUrl":"https:\/\/digitalx.pt\/rm2\/wp-content\/uploads\/2024\/03\/favicon.svg","width":1,"height":1,"caption":"Resid\u00eancias Montepio"},"image":{"@id":"https:\/\/digitalx.pt\/rm2\/#\/schema\/logo\/image\/"},"sameAs":["https:\/\/m.facebook.com\/residenciasmontepio.sa\/","https:\/\/www.instagram.com\/residenciasmontepio\/"]}]}},"_links":{"self":[{"href":"https:\/\/digitalx.pt\/rm2\/wp-json\/wp\/v2\/pages\/16864","targetHints":{"allow":["GET"]}}],"collection":[{"href":"https:\/\/digitalx.pt\/rm2\/wp-json\/wp\/v2\/pages"}],"about":[{"href":"https:\/\/digitalx.pt\/rm2\/wp-json\/wp\/v2\/types\/page"}],"author":[{"embeddable":true,"href":"https:\/\/digitalx.pt\/rm2\/wp-json\/wp\/v2\/users\/1"}],"replies":[{"embeddable":true,"href":"https:\/\/digitalx.pt\/rm2\/wp-json\/wp\/v2\/comments?post=16864"}],"version-history":[{"count":7,"href":"https:\/\/digitalx.pt\/rm2\/wp-json\/wp\/v2\/pages\/16864\/revisions"}],"predecessor-version":[{"id":16883,"href":"https:\/\/digitalx.pt\/rm2\/wp-json\/wp\/v2\/pages\/16864\/revisions\/16883"}],"wp:featuredmedia":[{"embeddable":true,"href":"https:\/\/digitalx.pt\/rm2\/wp-json\/wp\/v2\/media\/211"}],"wp:attachment":[{"href":"https:\/\/digitalx.pt\/rm2\/wp-json\/wp\/v2\/media?parent=16864"}],"curies":[{"name":"wp","href":"https:\/\/api.w.org\/{rel}","templated":true}]}}