{"id":17928,"date":"2025-04-17T15:42:13","date_gmt":"2025-04-17T15:42:13","guid":{"rendered":"https:\/\/digitalx.pt\/rm2\/?page_id=17928"},"modified":"2025-04-17T15:42:50","modified_gmt":"2025-04-17T15:42:50","slug":"guia-de-acolhimento-rncci-vila-nova-de-gaia","status":"publish","type":"page","link":"https:\/\/digitalx.pt\/rm2\/guia-de-acolhimento-rncci-vila-nova-de-gaia\/","title":{"rendered":"Guia de Acolhimento (RNCCI) Vila Nova de Gaia"},"content":{"rendered":"\t\t<div data-elementor-type=\"wp-page\" data-elementor-id=\"17928\" class=\"elementor elementor-17928\" data-elementor-post-type=\"page\">\n\t\t\t\t<div class=\"elementor-element elementor-element-b9bfaec e-flex e-con-boxed e-con e-parent\" data-id=\"b9bfaec\" data-element_type=\"container\" data-e-type=\"container\">\n\t\t\t\t\t<div class=\"e-con-inner\">\n\t\t\t\t<div class=\"elementor-element elementor-element-14154fc elementor-widget elementor-widget-shortcode\" data-id=\"14154fc\" data-element_type=\"widget\" data-e-type=\"widget\" data-widget_type=\"shortcode.default\">\n\t\t\t\t<div class=\"elementor-widget-container\">\n\t\t\t\t\t\t\t<div class=\"elementor-shortcode\"><div class=\"_df_book df-lite\" id=\"df_17925\"  _slug=\"guia-de-acolhimento-rncci-vila-nova-de-gaia\" data-title=\"guia-de-acolhimento-rncci-vila-nova-de-gaia\" wpoptions=\"true\" thumbtype=\"\" ><\/div><script class=\"df-shortcode-script\" nowprocket type=\"application\/javascript\">window.option_df_17925 = {\"outline\":[],\"backgroundColor\":\"#fff\",\"height\":\"650\",\"autoEnableOutline\":\"false\",\"autoEnableThumbnail\":\"false\",\"overwritePDFOutline\":\"false\",\"enableDownload\":\"false\",\"direction\":\"1\",\"pageSize\":\"0\",\"controlsPosition\":\"hide\",\"soundEnable\":\"true\",\"source\":\"https:\\\/\\\/digitalx.pt\\\/rm2\\\/wp-content\\\/uploads\\\/2025\\\/04\\\/Guia-de-Acolhimento-Qta-de-Cravel_A4.pdf\",\"wpOptions\":\"true\"}; if(window.DFLIP && window.DFLIP.parseBooks){window.DFLIP.parseBooks();}<\/script><\/div>\n\t\t\t\t\t\t<\/div>\n\t\t\t\t<\/div>\n\t\t\t\t\t<\/div>\n\t\t\t\t<\/div>\n\t\t\t\t<\/div>\n\t\t","protected":false},"excerpt":{"rendered":"","protected":false},"author":1,"featured_media":0,"parent":0,"menu_order":0,"comment_status":"closed","ping_status":"closed","template":"elementor_header_footer","meta":{"footnotes":""},"class_list":["post-17928","page","type-page","status-publish","hentry"],"yoast_head":"<!-- This site is optimized with the Yoast SEO plugin v27.0 - https:\/\/yoast.com\/product\/yoast-seo-wordpress\/ -->\n<title>Guia de Acolhimento (RNCCI) Vila Nova de Gaia - Resid\u00eancias Montepio<\/title>\n<meta name=\"robots\" content=\"index, follow, max-snippet:-1, max-image-preview:large, max-video-preview:-1\" \/>\n<link rel=\"canonical\" href=\"https:\/\/digitalx.pt\/rm2\/guia-de-acolhimento-rncci-vila-nova-de-gaia\/\" \/>\n<meta property=\"og:locale\" content=\"pt_PT\" \/>\n<meta property=\"og:type\" content=\"article\" \/>\n<meta property=\"og:title\" content=\"Guia de Acolhimento (RNCCI) Vila Nova de Gaia - Resid\u00eancias Montepio\" \/>\n<meta property=\"og:url\" content=\"https:\/\/digitalx.pt\/rm2\/guia-de-acolhimento-rncci-vila-nova-de-gaia\/\" \/>\n<meta property=\"og:site_name\" content=\"Resid\u00eancias Montepio\" \/>\n<meta property=\"article:publisher\" content=\"https:\/\/m.facebook.com\/residenciasmontepio.sa\/\" \/>\n<meta property=\"article:modified_time\" content=\"2025-04-17T15:42:50+00:00\" \/>\n<meta name=\"twitter:card\" content=\"summary_large_image\" \/>\n<script type=\"application\/ld+json\" class=\"yoast-schema-graph\">{\"@context\":\"https:\/\/schema.org\",\"@graph\":[{\"@type\":\"WebPage\",\"@id\":\"https:\/\/digitalx.pt\/rm2\/guia-de-acolhimento-rncci-vila-nova-de-gaia\/\",\"url\":\"https:\/\/digitalx.pt\/rm2\/guia-de-acolhimento-rncci-vila-nova-de-gaia\/\",\"name\":\"Guia de Acolhimento (RNCCI) Vila Nova de Gaia - Resid\u00eancias Montepio\",\"isPartOf\":{\"@id\":\"https:\/\/digitalx.pt\/rm2\/#website\"},\"datePublished\":\"2025-04-17T15:42:13+00:00\",\"dateModified\":\"2025-04-17T15:42:50+00:00\",\"breadcrumb\":{\"@id\":\"https:\/\/digitalx.pt\/rm2\/guia-de-acolhimento-rncci-vila-nova-de-gaia\/#breadcrumb\"},\"inLanguage\":\"pt-PT\",\"potentialAction\":[{\"@type\":\"ReadAction\",\"target\":[\"https:\/\/digitalx.pt\/rm2\/guia-de-acolhimento-rncci-vila-nova-de-gaia\/\"]}]},{\"@type\":\"BreadcrumbList\",\"@id\":\"https:\/\/digitalx.pt\/rm2\/guia-de-acolhimento-rncci-vila-nova-de-gaia\/#breadcrumb\",\"itemListElement\":[{\"@type\":\"ListItem\",\"position\":1,\"name\":\"In\u00edcio\",\"item\":\"https:\/\/digitalx.pt\/rm2\/\"},{\"@type\":\"ListItem\",\"position\":2,\"name\":\"Guia de Acolhimento (RNCCI) Vila Nova de Gaia\"}]},{\"@type\":\"WebSite\",\"@id\":\"https:\/\/digitalx.pt\/rm2\/#website\",\"url\":\"https:\/\/digitalx.pt\/rm2\/\",\"name\":\"Resid\u00eancias Montepio\",\"description\":\"Resid\u00eancias Montepio Servi\u00e7os de Saude SA\",\"publisher\":{\"@id\":\"https:\/\/digitalx.pt\/rm2\/#organization\"},\"potentialAction\":[{\"@type\":\"SearchAction\",\"target\":{\"@type\":\"EntryPoint\",\"urlTemplate\":\"https:\/\/digitalx.pt\/rm2\/?s={search_term_string}\"},\"query-input\":{\"@type\":\"PropertyValueSpecification\",\"valueRequired\":true,\"valueName\":\"search_term_string\"}}],\"inLanguage\":\"pt-PT\"},{\"@type\":\"Organization\",\"@id\":\"https:\/\/digitalx.pt\/rm2\/#organization\",\"name\":\"Resid\u00eancias Montepio\",\"url\":\"https:\/\/digitalx.pt\/rm2\/\",\"logo\":{\"@type\":\"ImageObject\",\"inLanguage\":\"pt-PT\",\"@id\":\"https:\/\/digitalx.pt\/rm2\/#\/schema\/logo\/image\/\",\"url\":\"https:\/\/digitalx.pt\/rm2\/wp-content\/uploads\/2024\/03\/favicon.svg\",\"contentUrl\":\"https:\/\/digitalx.pt\/rm2\/wp-content\/uploads\/2024\/03\/favicon.svg\",\"width\":1,\"height\":1,\"caption\":\"Resid\u00eancias Montepio\"},\"image\":{\"@id\":\"https:\/\/digitalx.pt\/rm2\/#\/schema\/logo\/image\/\"},\"sameAs\":[\"https:\/\/m.facebook.com\/residenciasmontepio.sa\/\",\"https:\/\/www.instagram.com\/residenciasmontepio\/\"]}]}<\/script>\n<!-- \/ Yoast SEO plugin. -->","yoast_head_json":{"title":"Guia de Acolhimento (RNCCI) Vila Nova de Gaia - Resid\u00eancias Montepio","robots":{"index":"index","follow":"follow","max-snippet":"max-snippet:-1","max-image-preview":"max-image-preview:large","max-video-preview":"max-video-preview:-1"},"canonical":"https:\/\/digitalx.pt\/rm2\/guia-de-acolhimento-rncci-vila-nova-de-gaia\/","og_locale":"pt_PT","og_type":"article","og_title":"Guia de Acolhimento (RNCCI) Vila Nova de Gaia - Resid\u00eancias Montepio","og_url":"https:\/\/digitalx.pt\/rm2\/guia-de-acolhimento-rncci-vila-nova-de-gaia\/","og_site_name":"Resid\u00eancias Montepio","article_publisher":"https:\/\/m.facebook.com\/residenciasmontepio.sa\/","article_modified_time":"2025-04-17T15:42:50+00:00","twitter_card":"summary_large_image","schema":{"@context":"https:\/\/schema.org","@graph":[{"@type":"WebPage","@id":"https:\/\/digitalx.pt\/rm2\/guia-de-acolhimento-rncci-vila-nova-de-gaia\/","url":"https:\/\/digitalx.pt\/rm2\/guia-de-acolhimento-rncci-vila-nova-de-gaia\/","name":"Guia de Acolhimento (RNCCI) Vila Nova de Gaia - Resid\u00eancias Montepio","isPartOf":{"@id":"https:\/\/digitalx.pt\/rm2\/#website"},"datePublished":"2025-04-17T15:42:13+00:00","dateModified":"2025-04-17T15:42:50+00:00","breadcrumb":{"@id":"https:\/\/digitalx.pt\/rm2\/guia-de-acolhimento-rncci-vila-nova-de-gaia\/#breadcrumb"},"inLanguage":"pt-PT","potentialAction":[{"@type":"ReadAction","target":["https:\/\/digitalx.pt\/rm2\/guia-de-acolhimento-rncci-vila-nova-de-gaia\/"]}]},{"@type":"BreadcrumbList","@id":"https:\/\/digitalx.pt\/rm2\/guia-de-acolhimento-rncci-vila-nova-de-gaia\/#breadcrumb","itemListElement":[{"@type":"ListItem","position":1,"name":"In\u00edcio","item":"https:\/\/digitalx.pt\/rm2\/"},{"@type":"ListItem","position":2,"name":"Guia de Acolhimento (RNCCI) Vila Nova de Gaia"}]},{"@type":"WebSite","@id":"https:\/\/digitalx.pt\/rm2\/#website","url":"https:\/\/digitalx.pt\/rm2\/","name":"Resid\u00eancias Montepio","description":"Resid\u00eancias Montepio Servi\u00e7os de Saude SA","publisher":{"@id":"https:\/\/digitalx.pt\/rm2\/#organization"},"potentialAction":[{"@type":"SearchAction","target":{"@type":"EntryPoint","urlTemplate":"https:\/\/digitalx.pt\/rm2\/?s={search_term_string}"},"query-input":{"@type":"PropertyValueSpecification","valueRequired":true,"valueName":"search_term_string"}}],"inLanguage":"pt-PT"},{"@type":"Organization","@id":"https:\/\/digitalx.pt\/rm2\/#organization","name":"Resid\u00eancias Montepio","url":"https:\/\/digitalx.pt\/rm2\/","logo":{"@type":"ImageObject","inLanguage":"pt-PT","@id":"https:\/\/digitalx.pt\/rm2\/#\/schema\/logo\/image\/","url":"https:\/\/digitalx.pt\/rm2\/wp-content\/uploads\/2024\/03\/favicon.svg","contentUrl":"https:\/\/digitalx.pt\/rm2\/wp-content\/uploads\/2024\/03\/favicon.svg","width":1,"height":1,"caption":"Resid\u00eancias Montepio"},"image":{"@id":"https:\/\/digitalx.pt\/rm2\/#\/schema\/logo\/image\/"},"sameAs":["https:\/\/m.facebook.com\/residenciasmontepio.sa\/","https:\/\/www.instagram.com\/residenciasmontepio\/"]}]}},"_links":{"self":[{"href":"https:\/\/digitalx.pt\/rm2\/wp-json\/wp\/v2\/pages\/17928","targetHints":{"allow":["GET"]}}],"collection":[{"href":"https:\/\/digitalx.pt\/rm2\/wp-json\/wp\/v2\/pages"}],"about":[{"href":"https:\/\/digitalx.pt\/rm2\/wp-json\/wp\/v2\/types\/page"}],"author":[{"embeddable":true,"href":"https:\/\/digitalx.pt\/rm2\/wp-json\/wp\/v2\/users\/1"}],"replies":[{"embeddable":true,"href":"https:\/\/digitalx.pt\/rm2\/wp-json\/wp\/v2\/comments?post=17928"}],"version-history":[{"count":7,"href":"https:\/\/digitalx.pt\/rm2\/wp-json\/wp\/v2\/pages\/17928\/revisions"}],"predecessor-version":[{"id":17936,"href":"https:\/\/digitalx.pt\/rm2\/wp-json\/wp\/v2\/pages\/17928\/revisions\/17936"}],"wp:attachment":[{"href":"https:\/\/digitalx.pt\/rm2\/wp-json\/wp\/v2\/media?parent=17928"}],"curies":[{"name":"wp","href":"https:\/\/api.w.org\/{rel}","templated":true}]}}