{"id":11493,"date":"2023-12-27T15:01:10","date_gmt":"2023-12-27T15:01:10","guid":{"rendered":"https:\/\/residenciasmontepio.digitalx.pt\/?post_type=product&#038;p=11493"},"modified":"2026-02-23T14:21:10","modified_gmt":"2026-02-23T14:21:10","slug":"clean-49cm-cadeira-sanitaria-2r-lagoon-green-nova-versao","status":"publish","type":"product","link":"https:\/\/digitalx.pt\/rm2\/produto\/clean-49cm-cadeira-sanitaria-2r-lagoon-green-nova-versao\/","title":{"rendered":"CLEAN 49cm &#8211; Cadeira sanit\u00e1ria, 2R, Lagoon Green &#8211; NOVA VERS\u00c3O"},"content":{"rendered":"<h4>CLEAN 49 cm &#8211; Cadeira Sanit\u00e1ria e Banho com 2 Rod\u00edzios com Trav\u00e3o Lagoon Green<\/h4>\n<p>A cadeira CLEAN da Etac &#8211; Nova vers\u00e3o &#8211; \u00c9 extremamente f\u00e1cil de operar tanto para cuidadores como para utilizadores, gra\u00e7as \u00e0 largura da pega de empurrar. O seu design inovador facilita a visualiza\u00e7\u00e3o de toda a cadeira, facilitando o encaixe perfeito nos sanit\u00e1rios, mesmo em espa\u00e7os mais estreitos.<br \/>\nO apoio de p\u00e9s da cadeira CLEAL \u00e9 \u00fanico e recolhe-se para o interior da cadeira quando n\u00e3o est\u00e1 em utiliza\u00e7\u00e3o. A sua curvatura suave permite aos p\u00e9s um suporte confort\u00e1vel e seguro, assegurado pelas prote\u00e7\u00f5es laterais.<\/p>\n<p><strong>Estrutura Slim:<\/strong><br \/>\nO design inteligente d\u00e1 \u00e0 Clean uma \u00e1rea de estar grande e confort\u00e1vel, embora a cadeira \u00e9 seja estreita.<br \/>\n<strong>Encaixa sobre o sanit\u00e1rio:<\/strong><br \/>\nA pega de empurar\/manobrar de opera\u00e7\u00e3o vertical permite um ajuste perfeito, mesmo sobre sanit\u00e1rios montados na parede.<br \/>\n<strong>F\u00e1cil acesso:<\/strong><br \/>\nA cadeira possui abertura posterior para facilitar o acesso para fins de higieniza\u00e7\u00e3o;<br \/>\n<strong>Suporte de p\u00e9s projetado para p\u00e9s:<\/strong><br \/>\nO apoio de p\u00e9 \u00e9 pr\u00e1tico e tem uma forma macia, arredondada que d\u00e1 os p\u00e9s conforto extra e prote\u00e7\u00e3o.<\/p>\n<h4>Caracter\u00edsticas T\u00e9cnicas:<\/h4>\n<ul>\n<li>Largura: 52 cm<\/li>\n<li>Largura entre apoios de bra\u00e7o: 43,5 cm<\/li>\n<li>Altura do assento: 49<\/li>\n<li>Largura do assento:48 cm<\/li>\n<li>Profundidade do assento:44 cm<\/li>\n<li>Espa\u00e7o abaixo do assento<\/li>\n<li>Sem suporte arrastadeira : 49,5 (38,5 \/ 43,5 \/ 54,5 cm)<\/li>\n<li>Com suporte para panela: 48 (37\/42\/ 53 cm)<\/li>\n<li>Peso: Modelo 55 cm: 14,5 kg<\/li>\n<li>Peso m\u00e1ximo do usu\u00e1rio: 130 kg<\/li>\n<\/ul>\n<h4>Material<\/h4>\n<ul>\n<li>Chassi: tubo de a\u00e7o pintado a p\u00f3<\/li>\n<li>Suporte de assento \/ encosto: Polipropileno<\/li>\n<li>Suportes de bra\u00e7os: Polipropileno<\/li>\n<li>\u00a0Suporte para p\u00e9s: Polipropileno<\/li>\n<li>Suportes para rod\u00edzios: Poliamida<\/li>\n<li>Rod\u00edzios, fech\u00e1veis, Rolamento de esferas: Poliamida \/ TPE<\/li>\n<\/ul>\n<h4>Manuten\u00e7\u00e3o<\/h4>\n<ul>\n<li>Limpe o produto com um agente de limpeza sem solvente (n\u00edvel de pH 5-9) ou com uma solu\u00e7\u00e3o desinfetante a 70%. Pode ser descontaminado a max 85 \u00b0 C \/ 185 \u00b0 F \u00e9 t\u00e3o necess\u00e1rio.<\/li>\n<\/ul>\n<p>NOTA: Possibilidade de acrescentar in\u00fameros acess\u00f3rios.<\/p>\n<h4>Especifica\u00e7\u00f5es<\/h4>\n<ul>\n<li>Design A&amp;E Design<\/li>\n<li>Marca: ETAC<\/li>\n<li>Pa\u00eds de origem: Su\u00e9cia<\/li>\n<\/ul>\n","protected":false},"excerpt":{"rendered":"<p>CLEAN 49 cm &#8211; Cadeira Sanit\u00e1ria e Banho com 2 Rod\u00edzios com Trav\u00e3o Lagoon Green A cadeira CLEAN da Etac &#8211; Nova vers\u00e3o &#8211; \u00c9 extremamente f\u00e1cil de operar tanto para cuidadores como para utilizadores, gra\u00e7as \u00e0 largura da pega de empurrar. O seu design inovador facilita a visualiza\u00e7\u00e3o de toda a cadeira, facilitando o [&hellip;]<\/p>\n","protected":false},"featured_media":13638,"template":"","meta":[],"product_brand":[],"product_cat":[105,107,43,40],"product_tag":[],"class_list":{"0":"post-11493","1":"product","2":"type-product","3":"status-publish","4":"has-post-thumbnail","6":"product_cat-ajudas-uteis-diarias","7":"product_cat-apoios-sanitarios","8":"product_cat-mobiliario","9":"product_cat-ortopedia","11":"first","12":"instock","13":"taxable","14":"shipping-taxable","15":"purchasable","16":"product-type-simple"},"yoast_head":"<!-- This site is optimized with the Yoast SEO plugin v27.0 - https:\/\/yoast.com\/product\/yoast-seo-wordpress\/ -->\n<title>CLEAN 49cm - Cadeira sanit\u00e1ria, 2R, Lagoon Green - NOVA VERS\u00c3O - Resid\u00eancias Montepio<\/title>\n<meta name=\"robots\" content=\"index, follow, max-snippet:-1, max-image-preview:large, max-video-preview:-1\" \/>\n<link rel=\"canonical\" href=\"https:\/\/digitalx.pt\/rm2\/produto\/clean-49cm-cadeira-sanitaria-2r-lagoon-green-nova-versao\/\" \/>\n<meta property=\"og:locale\" content=\"pt_PT\" \/>\n<meta property=\"og:type\" content=\"article\" \/>\n<meta property=\"og:title\" content=\"CLEAN 49cm - Cadeira sanit\u00e1ria, 2R, Lagoon Green - NOVA VERS\u00c3O - Resid\u00eancias Montepio\" \/>\n<meta property=\"og:description\" content=\"CLEAN 49 cm &#8211; Cadeira Sanit\u00e1ria e Banho com 2 Rod\u00edzios com Trav\u00e3o Lagoon Green A cadeira CLEAN da Etac &#8211; Nova vers\u00e3o &#8211; \u00c9 extremamente f\u00e1cil de operar tanto para cuidadores como para utilizadores, gra\u00e7as \u00e0 largura da pega de empurrar. O seu design inovador facilita a visualiza\u00e7\u00e3o de toda a cadeira, facilitando o [&hellip;]\" \/>\n<meta property=\"og:url\" content=\"https:\/\/digitalx.pt\/rm2\/produto\/clean-49cm-cadeira-sanitaria-2r-lagoon-green-nova-versao\/\" \/>\n<meta property=\"og:site_name\" content=\"Resid\u00eancias Montepio\" \/>\n<meta property=\"article:publisher\" content=\"https:\/\/m.facebook.com\/residenciasmontepio.sa\/\" \/>\n<meta property=\"article:modified_time\" content=\"2026-02-23T14:21:10+00:00\" \/>\n<meta property=\"og:image\" content=\"https:\/\/digitalx.pt\/rm2\/wp-content\/uploads\/2023\/12\/876-1.jpg\" \/>\n\t<meta property=\"og:image:width\" content=\"600\" \/>\n\t<meta property=\"og:image:height\" content=\"600\" \/>\n\t<meta property=\"og:image:type\" content=\"image\/jpeg\" \/>\n<meta name=\"twitter:card\" content=\"summary_large_image\" \/>\n<meta name=\"twitter:label1\" content=\"Tempo estimado de leitura\" \/>\n\t<meta name=\"twitter:data1\" content=\"3 minutos\" \/>\n<script type=\"application\/ld+json\" class=\"yoast-schema-graph\">{\"@context\":\"https:\/\/schema.org\",\"@graph\":[{\"@type\":\"WebPage\",\"@id\":\"https:\/\/digitalx.pt\/rm2\/produto\/clean-49cm-cadeira-sanitaria-2r-lagoon-green-nova-versao\/\",\"url\":\"https:\/\/digitalx.pt\/rm2\/produto\/clean-49cm-cadeira-sanitaria-2r-lagoon-green-nova-versao\/\",\"name\":\"CLEAN 49cm - Cadeira sanit\u00e1ria, 2R, Lagoon Green - NOVA VERS\u00c3O - Resid\u00eancias Montepio\",\"isPartOf\":{\"@id\":\"https:\/\/digitalx.pt\/rm2\/#website\"},\"primaryImageOfPage\":{\"@id\":\"https:\/\/digitalx.pt\/rm2\/produto\/clean-49cm-cadeira-sanitaria-2r-lagoon-green-nova-versao\/#primaryimage\"},\"image\":{\"@id\":\"https:\/\/digitalx.pt\/rm2\/produto\/clean-49cm-cadeira-sanitaria-2r-lagoon-green-nova-versao\/#primaryimage\"},\"thumbnailUrl\":\"https:\/\/digitalx.pt\/rm2\/wp-content\/uploads\/2023\/12\/876-1.jpg\",\"datePublished\":\"2023-12-27T15:01:10+00:00\",\"dateModified\":\"2026-02-23T14:21:10+00:00\",\"breadcrumb\":{\"@id\":\"https:\/\/digitalx.pt\/rm2\/produto\/clean-49cm-cadeira-sanitaria-2r-lagoon-green-nova-versao\/#breadcrumb\"},\"inLanguage\":\"pt-PT\",\"potentialAction\":[{\"@type\":\"ReadAction\",\"target\":[\"https:\/\/digitalx.pt\/rm2\/produto\/clean-49cm-cadeira-sanitaria-2r-lagoon-green-nova-versao\/\"]}]},{\"@type\":\"ImageObject\",\"inLanguage\":\"pt-PT\",\"@id\":\"https:\/\/digitalx.pt\/rm2\/produto\/clean-49cm-cadeira-sanitaria-2r-lagoon-green-nova-versao\/#primaryimage\",\"url\":\"https:\/\/digitalx.pt\/rm2\/wp-content\/uploads\/2023\/12\/876-1.jpg\",\"contentUrl\":\"https:\/\/digitalx.pt\/rm2\/wp-content\/uploads\/2023\/12\/876-1.jpg\",\"width\":600,\"height\":600},{\"@type\":\"BreadcrumbList\",\"@id\":\"https:\/\/digitalx.pt\/rm2\/produto\/clean-49cm-cadeira-sanitaria-2r-lagoon-green-nova-versao\/#breadcrumb\",\"itemListElement\":[{\"@type\":\"ListItem\",\"position\":1,\"name\":\"In\u00edcio\",\"item\":\"https:\/\/digitalx.pt\/rm2\/\"},{\"@type\":\"ListItem\",\"position\":2,\"name\":\"Produtos\",\"item\":\"https:\/\/digitalx.pt\/rm2\/shop\/\"},{\"@type\":\"ListItem\",\"position\":3,\"name\":\"CLEAN 49cm &#8211; Cadeira sanit\u00e1ria, 2R, Lagoon Green &#8211; NOVA VERS\u00c3O\"}]},{\"@type\":\"WebSite\",\"@id\":\"https:\/\/digitalx.pt\/rm2\/#website\",\"url\":\"https:\/\/digitalx.pt\/rm2\/\",\"name\":\"Resid\u00eancias Montepio\",\"description\":\"Resid\u00eancias Montepio Servi\u00e7os de Saude SA\",\"publisher\":{\"@id\":\"https:\/\/digitalx.pt\/rm2\/#organization\"},\"potentialAction\":[{\"@type\":\"SearchAction\",\"target\":{\"@type\":\"EntryPoint\",\"urlTemplate\":\"https:\/\/digitalx.pt\/rm2\/?s={search_term_string}\"},\"query-input\":{\"@type\":\"PropertyValueSpecification\",\"valueRequired\":true,\"valueName\":\"search_term_string\"}}],\"inLanguage\":\"pt-PT\"},{\"@type\":\"Organization\",\"@id\":\"https:\/\/digitalx.pt\/rm2\/#organization\",\"name\":\"Resid\u00eancias Montepio\",\"url\":\"https:\/\/digitalx.pt\/rm2\/\",\"logo\":{\"@type\":\"ImageObject\",\"inLanguage\":\"pt-PT\",\"@id\":\"https:\/\/digitalx.pt\/rm2\/#\/schema\/logo\/image\/\",\"url\":\"https:\/\/digitalx.pt\/rm2\/wp-content\/uploads\/2024\/03\/favicon.svg\",\"contentUrl\":\"https:\/\/digitalx.pt\/rm2\/wp-content\/uploads\/2024\/03\/favicon.svg\",\"width\":1,\"height\":1,\"caption\":\"Resid\u00eancias Montepio\"},\"image\":{\"@id\":\"https:\/\/digitalx.pt\/rm2\/#\/schema\/logo\/image\/\"},\"sameAs\":[\"https:\/\/m.facebook.com\/residenciasmontepio.sa\/\",\"https:\/\/www.instagram.com\/residenciasmontepio\/\"]}]}<\/script>\n<!-- \/ Yoast SEO plugin. -->","yoast_head_json":{"title":"CLEAN 49cm - Cadeira sanit\u00e1ria, 2R, Lagoon Green - NOVA VERS\u00c3O - Resid\u00eancias Montepio","robots":{"index":"index","follow":"follow","max-snippet":"max-snippet:-1","max-image-preview":"max-image-preview:large","max-video-preview":"max-video-preview:-1"},"canonical":"https:\/\/digitalx.pt\/rm2\/produto\/clean-49cm-cadeira-sanitaria-2r-lagoon-green-nova-versao\/","og_locale":"pt_PT","og_type":"article","og_title":"CLEAN 49cm - Cadeira sanit\u00e1ria, 2R, Lagoon Green - NOVA VERS\u00c3O - Resid\u00eancias Montepio","og_description":"CLEAN 49 cm &#8211; Cadeira Sanit\u00e1ria e Banho com 2 Rod\u00edzios com Trav\u00e3o Lagoon Green A cadeira CLEAN da Etac &#8211; Nova vers\u00e3o &#8211; \u00c9 extremamente f\u00e1cil de operar tanto para cuidadores como para utilizadores, gra\u00e7as \u00e0 largura da pega de empurrar. O seu design inovador facilita a visualiza\u00e7\u00e3o de toda a cadeira, facilitando o [&hellip;]","og_url":"https:\/\/digitalx.pt\/rm2\/produto\/clean-49cm-cadeira-sanitaria-2r-lagoon-green-nova-versao\/","og_site_name":"Resid\u00eancias Montepio","article_publisher":"https:\/\/m.facebook.com\/residenciasmontepio.sa\/","article_modified_time":"2026-02-23T14:21:10+00:00","og_image":[{"width":600,"height":600,"url":"https:\/\/digitalx.pt\/rm2\/wp-content\/uploads\/2023\/12\/876-1.jpg","type":"image\/jpeg"}],"twitter_card":"summary_large_image","twitter_misc":{"Tempo estimado de leitura":"3 minutos"},"schema":{"@context":"https:\/\/schema.org","@graph":[{"@type":"WebPage","@id":"https:\/\/digitalx.pt\/rm2\/produto\/clean-49cm-cadeira-sanitaria-2r-lagoon-green-nova-versao\/","url":"https:\/\/digitalx.pt\/rm2\/produto\/clean-49cm-cadeira-sanitaria-2r-lagoon-green-nova-versao\/","name":"CLEAN 49cm - Cadeira sanit\u00e1ria, 2R, Lagoon Green - NOVA VERS\u00c3O - Resid\u00eancias Montepio","isPartOf":{"@id":"https:\/\/digitalx.pt\/rm2\/#website"},"primaryImageOfPage":{"@id":"https:\/\/digitalx.pt\/rm2\/produto\/clean-49cm-cadeira-sanitaria-2r-lagoon-green-nova-versao\/#primaryimage"},"image":{"@id":"https:\/\/digitalx.pt\/rm2\/produto\/clean-49cm-cadeira-sanitaria-2r-lagoon-green-nova-versao\/#primaryimage"},"thumbnailUrl":"https:\/\/digitalx.pt\/rm2\/wp-content\/uploads\/2023\/12\/876-1.jpg","datePublished":"2023-12-27T15:01:10+00:00","dateModified":"2026-02-23T14:21:10+00:00","breadcrumb":{"@id":"https:\/\/digitalx.pt\/rm2\/produto\/clean-49cm-cadeira-sanitaria-2r-lagoon-green-nova-versao\/#breadcrumb"},"inLanguage":"pt-PT","potentialAction":[{"@type":"ReadAction","target":["https:\/\/digitalx.pt\/rm2\/produto\/clean-49cm-cadeira-sanitaria-2r-lagoon-green-nova-versao\/"]}]},{"@type":"ImageObject","inLanguage":"pt-PT","@id":"https:\/\/digitalx.pt\/rm2\/produto\/clean-49cm-cadeira-sanitaria-2r-lagoon-green-nova-versao\/#primaryimage","url":"https:\/\/digitalx.pt\/rm2\/wp-content\/uploads\/2023\/12\/876-1.jpg","contentUrl":"https:\/\/digitalx.pt\/rm2\/wp-content\/uploads\/2023\/12\/876-1.jpg","width":600,"height":600},{"@type":"BreadcrumbList","@id":"https:\/\/digitalx.pt\/rm2\/produto\/clean-49cm-cadeira-sanitaria-2r-lagoon-green-nova-versao\/#breadcrumb","itemListElement":[{"@type":"ListItem","position":1,"name":"In\u00edcio","item":"https:\/\/digitalx.pt\/rm2\/"},{"@type":"ListItem","position":2,"name":"Produtos","item":"https:\/\/digitalx.pt\/rm2\/shop\/"},{"@type":"ListItem","position":3,"name":"CLEAN 49cm &#8211; Cadeira sanit\u00e1ria, 2R, Lagoon Green &#8211; NOVA VERS\u00c3O"}]},{"@type":"WebSite","@id":"https:\/\/digitalx.pt\/rm2\/#website","url":"https:\/\/digitalx.pt\/rm2\/","name":"Resid\u00eancias Montepio","description":"Resid\u00eancias Montepio Servi\u00e7os de Saude SA","publisher":{"@id":"https:\/\/digitalx.pt\/rm2\/#organization"},"potentialAction":[{"@type":"SearchAction","target":{"@type":"EntryPoint","urlTemplate":"https:\/\/digitalx.pt\/rm2\/?s={search_term_string}"},"query-input":{"@type":"PropertyValueSpecification","valueRequired":true,"valueName":"search_term_string"}}],"inLanguage":"pt-PT"},{"@type":"Organization","@id":"https:\/\/digitalx.pt\/rm2\/#organization","name":"Resid\u00eancias Montepio","url":"https:\/\/digitalx.pt\/rm2\/","logo":{"@type":"ImageObject","inLanguage":"pt-PT","@id":"https:\/\/digitalx.pt\/rm2\/#\/schema\/logo\/image\/","url":"https:\/\/digitalx.pt\/rm2\/wp-content\/uploads\/2024\/03\/favicon.svg","contentUrl":"https:\/\/digitalx.pt\/rm2\/wp-content\/uploads\/2024\/03\/favicon.svg","width":1,"height":1,"caption":"Resid\u00eancias Montepio"},"image":{"@id":"https:\/\/digitalx.pt\/rm2\/#\/schema\/logo\/image\/"},"sameAs":["https:\/\/m.facebook.com\/residenciasmontepio.sa\/","https:\/\/www.instagram.com\/residenciasmontepio\/"]}]}},"_links":{"self":[{"href":"https:\/\/digitalx.pt\/rm2\/wp-json\/wp\/v2\/product\/11493","targetHints":{"allow":["GET"]}}],"collection":[{"href":"https:\/\/digitalx.pt\/rm2\/wp-json\/wp\/v2\/product"}],"about":[{"href":"https:\/\/digitalx.pt\/rm2\/wp-json\/wp\/v2\/types\/product"}],"wp:featuredmedia":[{"embeddable":true,"href":"https:\/\/digitalx.pt\/rm2\/wp-json\/wp\/v2\/media\/13638"}],"wp:attachment":[{"href":"https:\/\/digitalx.pt\/rm2\/wp-json\/wp\/v2\/media?parent=11493"}],"wp:term":[{"taxonomy":"product_brand","embeddable":true,"href":"https:\/\/digitalx.pt\/rm2\/wp-json\/wp\/v2\/product_brand?post=11493"},{"taxonomy":"product_cat","embeddable":true,"href":"https:\/\/digitalx.pt\/rm2\/wp-json\/wp\/v2\/product_cat?post=11493"},{"taxonomy":"product_tag","embeddable":true,"href":"https:\/\/digitalx.pt\/rm2\/wp-json\/wp\/v2\/product_tag?post=11493"}],"curies":[{"name":"wp","href":"https:\/\/api.w.org\/{rel}","templated":true}]}}