{"id":11639,"date":"2023-12-27T16:02:12","date_gmt":"2023-12-27T16:02:12","guid":{"rendered":"https:\/\/residenciasmontepio.digitalx.pt\/?post_type=product&#038;p=11639"},"modified":"2026-02-23T14:22:13","modified_gmt":"2026-02-23T14:22:13","slug":"11639","status":"publish","type":"product","link":"https:\/\/digitalx.pt\/rm2\/produto\/11639\/","title":{"rendered":"SABANINDAS &#8211; Resguardo de cama 60x40cm (B.30)"},"content":{"rendered":"<p>Ref.\u00aa 1834011<br \/>\nSabanindas &#8211; Resguardo de cama 60&#215;40 cm B.30<\/p>\n<p>* Caracter\u00edsticas:<br \/>\n* PROTECTOR ABSORBENTE DE USO \u00daNICO<br \/>\nProtector de cama, que protege a pele do paciente acamado ou em cadeira de rodas.<\/p>\n<p>* Benef\u00edcios:<br \/>\n&#8211; Protec\u00e7\u00e3o: Mantem a pele massacrada pela h\u00famidade, reduzindo o risco de dermatites e \u00falceras de press\u00e3o.<br \/>\n&#8211; Comodidade: Reduz a press\u00e3o corporal evitando a forma\u00e7\u00e3o de \u00falceras por ser almofadada.<br \/>\n&#8211; Funcionalidade: protege o paciente acamado ou na cadeira de rodas, satisfazendo a necessidade de protec\u00e7\u00e3o.<\/p>\n<p>* Caracter\u00edsticas t\u00e9cnicas:<br \/>\n&#8211; Capa tecido filtrante suave que isola a h\u00famidade da pele.<br \/>\n&#8211; Superficie absorbente composta de celulose que oferece grande protec\u00e7\u00e3o e absor\u00e7\u00e3o.<br \/>\n&#8211; Estrutura romb\u00f3ide que facilita a propaga\u00e7\u00e3o da urina e impede encharcamentos.<br \/>\n&#8211; Elevada compacta\u00e7\u00e3o da celulosa que confere uma maior resist\u00eancia \u00e0 ruptura.<br \/>\n&#8211; Suave polietileno imperme\u00e1vel e antideslizante.<\/p>\n<p>* Marca: Indas<br \/>\n* Pa\u00eds de origem: Espanha<\/p>\n<p>1caixa-8pacotes<\/p>\n","protected":false},"excerpt":{"rendered":"<p>Ref.\u00aa 1834011 Sabanindas &#8211; Resguardo de cama 60&#215;40 cm B.30 * Caracter\u00edsticas: * PROTECTOR ABSORBENTE DE USO \u00daNICO Protector de cama, que protege a pele do paciente acamado ou em cadeira de rodas. * Benef\u00edcios: &#8211; Protec\u00e7\u00e3o: Mantem a pele massacrada pela h\u00famidade, reduzindo o risco de dermatites e \u00falceras de press\u00e3o. &#8211; Comodidade: Reduz [&hellip;]<\/p>\n","protected":false},"featured_media":13502,"template":"","meta":[],"product_brand":[],"product_cat":[101,104,47,48],"product_tag":[],"class_list":{"0":"post-11639","1":"product","2":"type-product","3":"status-publish","4":"has-post-thumbnail","6":"product_cat-higiene-2","7":"product_cat-incontinencia","8":"product_cat-produtos-de-incontinencia","9":"product_cat-resguardos","11":"first","12":"instock","13":"taxable","14":"shipping-taxable","15":"purchasable","16":"product-type-simple"},"yoast_head":"<!-- This site is optimized with the Yoast SEO plugin v27.0 - https:\/\/yoast.com\/product\/yoast-seo-wordpress\/ -->\n<title>SABANINDAS - Resguardo de cama 60x40cm (B.30) - Resid\u00eancias Montepio<\/title>\n<meta name=\"robots\" content=\"index, follow, max-snippet:-1, max-image-preview:large, max-video-preview:-1\" \/>\n<link rel=\"canonical\" href=\"https:\/\/digitalx.pt\/rm2\/produto\/11639\/\" \/>\n<meta property=\"og:locale\" content=\"pt_PT\" \/>\n<meta property=\"og:type\" content=\"article\" \/>\n<meta property=\"og:title\" content=\"SABANINDAS - Resguardo de cama 60x40cm (B.30) - Resid\u00eancias Montepio\" \/>\n<meta property=\"og:description\" content=\"Ref.\u00aa 1834011 Sabanindas &#8211; Resguardo de cama 60&#215;40 cm B.30 * Caracter\u00edsticas: * PROTECTOR ABSORBENTE DE USO \u00daNICO Protector de cama, que protege a pele do paciente acamado ou em cadeira de rodas. * Benef\u00edcios: &#8211; Protec\u00e7\u00e3o: Mantem a pele massacrada pela h\u00famidade, reduzindo o risco de dermatites e \u00falceras de press\u00e3o. &#8211; Comodidade: Reduz [&hellip;]\" \/>\n<meta property=\"og:url\" content=\"https:\/\/digitalx.pt\/rm2\/produto\/11639\/\" \/>\n<meta property=\"og:site_name\" content=\"Resid\u00eancias Montepio\" \/>\n<meta property=\"article:publisher\" content=\"https:\/\/m.facebook.com\/residenciasmontepio.sa\/\" \/>\n<meta property=\"article:modified_time\" content=\"2026-02-23T14:22:13+00:00\" \/>\n<meta property=\"og:image\" content=\"https:\/\/digitalx.pt\/rm2\/wp-content\/uploads\/2023\/12\/4789-1.jpg\" \/>\n\t<meta property=\"og:image:width\" content=\"760\" \/>\n\t<meta property=\"og:image:height\" content=\"760\" \/>\n\t<meta property=\"og:image:type\" content=\"image\/jpeg\" \/>\n<meta name=\"twitter:card\" content=\"summary_large_image\" \/>\n<meta name=\"twitter:label1\" content=\"Tempo estimado de leitura\" \/>\n\t<meta name=\"twitter:data1\" content=\"1 minuto\" \/>\n<script type=\"application\/ld+json\" class=\"yoast-schema-graph\">{\"@context\":\"https:\/\/schema.org\",\"@graph\":[{\"@type\":\"WebPage\",\"@id\":\"https:\/\/digitalx.pt\/rm2\/produto\/11639\/\",\"url\":\"https:\/\/digitalx.pt\/rm2\/produto\/11639\/\",\"name\":\"SABANINDAS - Resguardo de cama 60x40cm (B.30) - Resid\u00eancias Montepio\",\"isPartOf\":{\"@id\":\"https:\/\/digitalx.pt\/rm2\/#website\"},\"primaryImageOfPage\":{\"@id\":\"https:\/\/digitalx.pt\/rm2\/produto\/11639\/#primaryimage\"},\"image\":{\"@id\":\"https:\/\/digitalx.pt\/rm2\/produto\/11639\/#primaryimage\"},\"thumbnailUrl\":\"https:\/\/digitalx.pt\/rm2\/wp-content\/uploads\/2023\/12\/4789-1.jpg\",\"datePublished\":\"2023-12-27T16:02:12+00:00\",\"dateModified\":\"2026-02-23T14:22:13+00:00\",\"breadcrumb\":{\"@id\":\"https:\/\/digitalx.pt\/rm2\/produto\/11639\/#breadcrumb\"},\"inLanguage\":\"pt-PT\",\"potentialAction\":[{\"@type\":\"ReadAction\",\"target\":[\"https:\/\/digitalx.pt\/rm2\/produto\/11639\/\"]}]},{\"@type\":\"ImageObject\",\"inLanguage\":\"pt-PT\",\"@id\":\"https:\/\/digitalx.pt\/rm2\/produto\/11639\/#primaryimage\",\"url\":\"https:\/\/digitalx.pt\/rm2\/wp-content\/uploads\/2023\/12\/4789-1.jpg\",\"contentUrl\":\"https:\/\/digitalx.pt\/rm2\/wp-content\/uploads\/2023\/12\/4789-1.jpg\",\"width\":760,\"height\":760},{\"@type\":\"BreadcrumbList\",\"@id\":\"https:\/\/digitalx.pt\/rm2\/produto\/11639\/#breadcrumb\",\"itemListElement\":[{\"@type\":\"ListItem\",\"position\":1,\"name\":\"In\u00edcio\",\"item\":\"https:\/\/digitalx.pt\/rm2\/\"},{\"@type\":\"ListItem\",\"position\":2,\"name\":\"Produtos\",\"item\":\"https:\/\/digitalx.pt\/rm2\/shop\/\"},{\"@type\":\"ListItem\",\"position\":3,\"name\":\"SABANINDAS &#8211; Resguardo de cama 60x40cm (B.30)\"}]},{\"@type\":\"WebSite\",\"@id\":\"https:\/\/digitalx.pt\/rm2\/#website\",\"url\":\"https:\/\/digitalx.pt\/rm2\/\",\"name\":\"Resid\u00eancias Montepio\",\"description\":\"Resid\u00eancias Montepio Servi\u00e7os de Saude SA\",\"publisher\":{\"@id\":\"https:\/\/digitalx.pt\/rm2\/#organization\"},\"potentialAction\":[{\"@type\":\"SearchAction\",\"target\":{\"@type\":\"EntryPoint\",\"urlTemplate\":\"https:\/\/digitalx.pt\/rm2\/?s={search_term_string}\"},\"query-input\":{\"@type\":\"PropertyValueSpecification\",\"valueRequired\":true,\"valueName\":\"search_term_string\"}}],\"inLanguage\":\"pt-PT\"},{\"@type\":\"Organization\",\"@id\":\"https:\/\/digitalx.pt\/rm2\/#organization\",\"name\":\"Resid\u00eancias Montepio\",\"url\":\"https:\/\/digitalx.pt\/rm2\/\",\"logo\":{\"@type\":\"ImageObject\",\"inLanguage\":\"pt-PT\",\"@id\":\"https:\/\/digitalx.pt\/rm2\/#\/schema\/logo\/image\/\",\"url\":\"https:\/\/digitalx.pt\/rm2\/wp-content\/uploads\/2024\/03\/favicon.svg\",\"contentUrl\":\"https:\/\/digitalx.pt\/rm2\/wp-content\/uploads\/2024\/03\/favicon.svg\",\"width\":1,\"height\":1,\"caption\":\"Resid\u00eancias Montepio\"},\"image\":{\"@id\":\"https:\/\/digitalx.pt\/rm2\/#\/schema\/logo\/image\/\"},\"sameAs\":[\"https:\/\/m.facebook.com\/residenciasmontepio.sa\/\",\"https:\/\/www.instagram.com\/residenciasmontepio\/\"]}]}<\/script>\n<!-- \/ Yoast SEO plugin. -->","yoast_head_json":{"title":"SABANINDAS - Resguardo de cama 60x40cm (B.30) - Resid\u00eancias Montepio","robots":{"index":"index","follow":"follow","max-snippet":"max-snippet:-1","max-image-preview":"max-image-preview:large","max-video-preview":"max-video-preview:-1"},"canonical":"https:\/\/digitalx.pt\/rm2\/produto\/11639\/","og_locale":"pt_PT","og_type":"article","og_title":"SABANINDAS - Resguardo de cama 60x40cm (B.30) - Resid\u00eancias Montepio","og_description":"Ref.\u00aa 1834011 Sabanindas &#8211; Resguardo de cama 60&#215;40 cm B.30 * Caracter\u00edsticas: * PROTECTOR ABSORBENTE DE USO \u00daNICO Protector de cama, que protege a pele do paciente acamado ou em cadeira de rodas. * Benef\u00edcios: &#8211; Protec\u00e7\u00e3o: Mantem a pele massacrada pela h\u00famidade, reduzindo o risco de dermatites e \u00falceras de press\u00e3o. &#8211; Comodidade: Reduz [&hellip;]","og_url":"https:\/\/digitalx.pt\/rm2\/produto\/11639\/","og_site_name":"Resid\u00eancias Montepio","article_publisher":"https:\/\/m.facebook.com\/residenciasmontepio.sa\/","article_modified_time":"2026-02-23T14:22:13+00:00","og_image":[{"width":760,"height":760,"url":"https:\/\/digitalx.pt\/rm2\/wp-content\/uploads\/2023\/12\/4789-1.jpg","type":"image\/jpeg"}],"twitter_card":"summary_large_image","twitter_misc":{"Tempo estimado de leitura":"1 minuto"},"schema":{"@context":"https:\/\/schema.org","@graph":[{"@type":"WebPage","@id":"https:\/\/digitalx.pt\/rm2\/produto\/11639\/","url":"https:\/\/digitalx.pt\/rm2\/produto\/11639\/","name":"SABANINDAS - Resguardo de cama 60x40cm (B.30) - Resid\u00eancias Montepio","isPartOf":{"@id":"https:\/\/digitalx.pt\/rm2\/#website"},"primaryImageOfPage":{"@id":"https:\/\/digitalx.pt\/rm2\/produto\/11639\/#primaryimage"},"image":{"@id":"https:\/\/digitalx.pt\/rm2\/produto\/11639\/#primaryimage"},"thumbnailUrl":"https:\/\/digitalx.pt\/rm2\/wp-content\/uploads\/2023\/12\/4789-1.jpg","datePublished":"2023-12-27T16:02:12+00:00","dateModified":"2026-02-23T14:22:13+00:00","breadcrumb":{"@id":"https:\/\/digitalx.pt\/rm2\/produto\/11639\/#breadcrumb"},"inLanguage":"pt-PT","potentialAction":[{"@type":"ReadAction","target":["https:\/\/digitalx.pt\/rm2\/produto\/11639\/"]}]},{"@type":"ImageObject","inLanguage":"pt-PT","@id":"https:\/\/digitalx.pt\/rm2\/produto\/11639\/#primaryimage","url":"https:\/\/digitalx.pt\/rm2\/wp-content\/uploads\/2023\/12\/4789-1.jpg","contentUrl":"https:\/\/digitalx.pt\/rm2\/wp-content\/uploads\/2023\/12\/4789-1.jpg","width":760,"height":760},{"@type":"BreadcrumbList","@id":"https:\/\/digitalx.pt\/rm2\/produto\/11639\/#breadcrumb","itemListElement":[{"@type":"ListItem","position":1,"name":"In\u00edcio","item":"https:\/\/digitalx.pt\/rm2\/"},{"@type":"ListItem","position":2,"name":"Produtos","item":"https:\/\/digitalx.pt\/rm2\/shop\/"},{"@type":"ListItem","position":3,"name":"SABANINDAS &#8211; Resguardo de cama 60x40cm (B.30)"}]},{"@type":"WebSite","@id":"https:\/\/digitalx.pt\/rm2\/#website","url":"https:\/\/digitalx.pt\/rm2\/","name":"Resid\u00eancias Montepio","description":"Resid\u00eancias Montepio Servi\u00e7os de Saude SA","publisher":{"@id":"https:\/\/digitalx.pt\/rm2\/#organization"},"potentialAction":[{"@type":"SearchAction","target":{"@type":"EntryPoint","urlTemplate":"https:\/\/digitalx.pt\/rm2\/?s={search_term_string}"},"query-input":{"@type":"PropertyValueSpecification","valueRequired":true,"valueName":"search_term_string"}}],"inLanguage":"pt-PT"},{"@type":"Organization","@id":"https:\/\/digitalx.pt\/rm2\/#organization","name":"Resid\u00eancias Montepio","url":"https:\/\/digitalx.pt\/rm2\/","logo":{"@type":"ImageObject","inLanguage":"pt-PT","@id":"https:\/\/digitalx.pt\/rm2\/#\/schema\/logo\/image\/","url":"https:\/\/digitalx.pt\/rm2\/wp-content\/uploads\/2024\/03\/favicon.svg","contentUrl":"https:\/\/digitalx.pt\/rm2\/wp-content\/uploads\/2024\/03\/favicon.svg","width":1,"height":1,"caption":"Resid\u00eancias Montepio"},"image":{"@id":"https:\/\/digitalx.pt\/rm2\/#\/schema\/logo\/image\/"},"sameAs":["https:\/\/m.facebook.com\/residenciasmontepio.sa\/","https:\/\/www.instagram.com\/residenciasmontepio\/"]}]}},"_links":{"self":[{"href":"https:\/\/digitalx.pt\/rm2\/wp-json\/wp\/v2\/product\/11639","targetHints":{"allow":["GET"]}}],"collection":[{"href":"https:\/\/digitalx.pt\/rm2\/wp-json\/wp\/v2\/product"}],"about":[{"href":"https:\/\/digitalx.pt\/rm2\/wp-json\/wp\/v2\/types\/product"}],"wp:featuredmedia":[{"embeddable":true,"href":"https:\/\/digitalx.pt\/rm2\/wp-json\/wp\/v2\/media\/13502"}],"wp:attachment":[{"href":"https:\/\/digitalx.pt\/rm2\/wp-json\/wp\/v2\/media?parent=11639"}],"wp:term":[{"taxonomy":"product_brand","embeddable":true,"href":"https:\/\/digitalx.pt\/rm2\/wp-json\/wp\/v2\/product_brand?post=11639"},{"taxonomy":"product_cat","embeddable":true,"href":"https:\/\/digitalx.pt\/rm2\/wp-json\/wp\/v2\/product_cat?post=11639"},{"taxonomy":"product_tag","embeddable":true,"href":"https:\/\/digitalx.pt\/rm2\/wp-json\/wp\/v2\/product_tag?post=11639"}],"curies":[{"name":"wp","href":"https:\/\/api.w.org\/{rel}","templated":true}]}}