{"id":15612,"date":"2024-07-25T09:00:48","date_gmt":"2024-07-25T09:00:48","guid":{"rendered":"https:\/\/digitalx.pt\/rm2\/produto\/gt-colchao-hospitalar-viscoelastico-biopruf\/"},"modified":"2026-02-23T14:21:25","modified_gmt":"2026-02-23T14:21:25","slug":"gt-colchao-hospitalar-viscoelastico-biopruf","status":"publish","type":"product","link":"https:\/\/digitalx.pt\/rm2\/produto\/gt-colchao-hospitalar-viscoelastico-biopruf\/","title":{"rendered":"GT &#8211;  Colch\u00e3o Hospitalar Viscoel\u00e1stico Biopruf\u00ae"},"content":{"rendered":"<h4>GT &#8211; Colch\u00e3o Hospitalar Viscoel\u00e1stico Biopruf\u00ae<\/h4>\n<h4>Composi\u00e7\u00e3o<\/h4>\n<ul>\n<li>Capa: 100% poli\u00e9ster imperme\u00e1vel &#8211; Biopruf\u00ae<\/li>\n<li>N\u00facleo:\u00a010 cm espuma A 23 (23kg\/ m3) e 4 cm espuma viscoel\u00e1stica D45 (45 kg\/m3)<\/li>\n<\/ul>\n<h4>Dimens\u00e3o:<\/h4>\n<ul>\n<li>1880x880x140mm<\/li>\n<\/ul>\n<h4>Finalidade M\u00e9dica<\/h4>\n<ul>\n<li>Distribuir melhor a press\u00e3o nos pontos de apoio do corpo do doente<\/li>\n<\/ul>\n<h4>Caracter\u00edsticas do BIOPRUF\u00ae<\/h4>\n<ul>\n<li>Antibacteriano<\/li>\n<li>Antif\u00fangico<\/li>\n<li>Antial\u00e9rgico<\/li>\n<li>Assegurados quando est\u00e3o garantidas as condi\u00e7\u00f5es de utiliza\u00e7\u00e3o do colch\u00e3o sem exposi\u00e7\u00e3o a elementos e\/ou ambientes contaminados.<\/li>\n<\/ul>\n<h4>Certifica\u00e7\u00f5es<\/h4>\n<ul>\n<li>UNE EN ISO 868; 527-3;<\/li>\n<\/ul>\n","protected":false},"excerpt":{"rendered":"<p>Colch\u00e3o hospitalar com capa 100% poli\u00e9ster imperme\u00e1vel e tecnologia Biopruf\u00ae (antibacteriana, antif\u00fangica e antial\u00e9rgica). N\u00facleo de 10 cm de espuma A23 e 4 cm de espuma viscoel\u00e1stica D45, garantindo excelente distribui\u00e7\u00e3o de press\u00e3o. Dimens\u00e3o: 1880x880x140mm. Certifica\u00e7\u00f5es: UNE EN ISO 868; 527-3.<\/p>\n","protected":false},"featured_media":16553,"template":"","meta":[],"product_brand":[],"product_cat":[43,108,40,119,109,118],"product_tag":[],"class_list":{"0":"post-15612","1":"product","2":"type-product","3":"status-publish","4":"has-post-thumbnail","6":"product_cat-mobiliario","7":"product_cat-mobiliario-2","8":"product_cat-ortopedia","9":"product_cat-prevencao-de-escaras-seguranca-e-conforto","10":"product_cat-prevencao-de-escaras","11":"product_cat-seguranca-e-conforto","13":"first","14":"instock","15":"taxable","16":"shipping-taxable","17":"purchasable","18":"product-type-simple"},"yoast_head":"<!-- This site is optimized with the Yoast SEO plugin v27.0 - https:\/\/yoast.com\/product\/yoast-seo-wordpress\/ -->\n<title>GT - Colch\u00e3o Hospitalar Viscoel\u00e1stico Biopruf\u00ae - Resid\u00eancias Montepio<\/title>\n<meta name=\"description\" content=\"Colch\u00e3o Hospitalar Viscoel\u00e1stico Biopruf\u00ae: prote\u00e7\u00e3o antibacteriana, antif\u00fangica e antial\u00e9rgica. Conforto e seguran\u00e7a. Dimens\u00e3o: 1880x880x140mm\" \/>\n<meta name=\"robots\" content=\"index, follow, max-snippet:-1, max-image-preview:large, max-video-preview:-1\" \/>\n<link rel=\"canonical\" href=\"https:\/\/digitalx.pt\/rm2\/produto\/gt-colchao-hospitalar-viscoelastico-biopruf\/\" \/>\n<meta property=\"og:locale\" content=\"pt_PT\" \/>\n<meta property=\"og:type\" content=\"article\" \/>\n<meta property=\"og:title\" content=\"GT - Colch\u00e3o Hospitalar Viscoel\u00e1stico Biopruf\u00ae - Resid\u00eancias Montepio\" \/>\n<meta property=\"og:description\" content=\"Colch\u00e3o Hospitalar Viscoel\u00e1stico Biopruf\u00ae: prote\u00e7\u00e3o antibacteriana, antif\u00fangica e antial\u00e9rgica. Conforto e seguran\u00e7a. Dimens\u00e3o: 1880x880x140mm\" \/>\n<meta property=\"og:url\" content=\"https:\/\/digitalx.pt\/rm2\/produto\/gt-colchao-hospitalar-viscoelastico-biopruf\/\" \/>\n<meta property=\"og:site_name\" content=\"Resid\u00eancias Montepio\" \/>\n<meta property=\"article:publisher\" content=\"https:\/\/m.facebook.com\/residenciasmontepio.sa\/\" \/>\n<meta property=\"article:modified_time\" content=\"2026-02-23T14:21:25+00:00\" \/>\n<meta property=\"og:image\" content=\"https:\/\/digitalx.pt\/rm2\/wp-content\/uploads\/2024\/04\/Colchao-Hospitalar-Viscoelastico-Biopruf.jpg\" \/>\n\t<meta property=\"og:image:width\" content=\"512\" \/>\n\t<meta property=\"og:image:height\" content=\"512\" \/>\n\t<meta property=\"og:image:type\" content=\"image\/jpeg\" \/>\n<meta name=\"twitter:card\" content=\"summary_large_image\" \/>\n<meta name=\"twitter:label1\" content=\"Tempo estimado de leitura\" \/>\n\t<meta name=\"twitter:data1\" content=\"1 minuto\" \/>\n<script type=\"application\/ld+json\" class=\"yoast-schema-graph\">{\"@context\":\"https:\/\/schema.org\",\"@graph\":[{\"@type\":\"WebPage\",\"@id\":\"https:\/\/digitalx.pt\/rm2\/produto\/gt-colchao-hospitalar-viscoelastico-biopruf\/\",\"url\":\"https:\/\/digitalx.pt\/rm2\/produto\/gt-colchao-hospitalar-viscoelastico-biopruf\/\",\"name\":\"GT - Colch\u00e3o Hospitalar Viscoel\u00e1stico Biopruf\u00ae - Resid\u00eancias Montepio\",\"isPartOf\":{\"@id\":\"https:\/\/digitalx.pt\/rm2\/#website\"},\"primaryImageOfPage\":{\"@id\":\"https:\/\/digitalx.pt\/rm2\/produto\/gt-colchao-hospitalar-viscoelastico-biopruf\/#primaryimage\"},\"image\":{\"@id\":\"https:\/\/digitalx.pt\/rm2\/produto\/gt-colchao-hospitalar-viscoelastico-biopruf\/#primaryimage\"},\"thumbnailUrl\":\"https:\/\/digitalx.pt\/rm2\/wp-content\/uploads\/2024\/04\/Colchao-Hospitalar-Viscoelastico-Biopruf.jpg\",\"datePublished\":\"2024-07-25T09:00:48+00:00\",\"dateModified\":\"2026-02-23T14:21:25+00:00\",\"description\":\"Colch\u00e3o Hospitalar Viscoel\u00e1stico Biopruf\u00ae: prote\u00e7\u00e3o antibacteriana, antif\u00fangica e antial\u00e9rgica. Conforto e seguran\u00e7a. Dimens\u00e3o: 1880x880x140mm\",\"breadcrumb\":{\"@id\":\"https:\/\/digitalx.pt\/rm2\/produto\/gt-colchao-hospitalar-viscoelastico-biopruf\/#breadcrumb\"},\"inLanguage\":\"pt-PT\",\"potentialAction\":[{\"@type\":\"ReadAction\",\"target\":[\"https:\/\/digitalx.pt\/rm2\/produto\/gt-colchao-hospitalar-viscoelastico-biopruf\/\"]}]},{\"@type\":\"ImageObject\",\"inLanguage\":\"pt-PT\",\"@id\":\"https:\/\/digitalx.pt\/rm2\/produto\/gt-colchao-hospitalar-viscoelastico-biopruf\/#primaryimage\",\"url\":\"https:\/\/digitalx.pt\/rm2\/wp-content\/uploads\/2024\/04\/Colchao-Hospitalar-Viscoelastico-Biopruf.jpg\",\"contentUrl\":\"https:\/\/digitalx.pt\/rm2\/wp-content\/uploads\/2024\/04\/Colchao-Hospitalar-Viscoelastico-Biopruf.jpg\",\"width\":512,\"height\":512},{\"@type\":\"BreadcrumbList\",\"@id\":\"https:\/\/digitalx.pt\/rm2\/produto\/gt-colchao-hospitalar-viscoelastico-biopruf\/#breadcrumb\",\"itemListElement\":[{\"@type\":\"ListItem\",\"position\":1,\"name\":\"In\u00edcio\",\"item\":\"https:\/\/digitalx.pt\/rm2\/\"},{\"@type\":\"ListItem\",\"position\":2,\"name\":\"Produtos\",\"item\":\"https:\/\/digitalx.pt\/rm2\/shop\/\"},{\"@type\":\"ListItem\",\"position\":3,\"name\":\"GT &#8211; Colch\u00e3o Hospitalar Viscoel\u00e1stico Biopruf\u00ae\"}]},{\"@type\":\"WebSite\",\"@id\":\"https:\/\/digitalx.pt\/rm2\/#website\",\"url\":\"https:\/\/digitalx.pt\/rm2\/\",\"name\":\"Resid\u00eancias Montepio\",\"description\":\"Resid\u00eancias Montepio Servi\u00e7os de Saude SA\",\"publisher\":{\"@id\":\"https:\/\/digitalx.pt\/rm2\/#organization\"},\"potentialAction\":[{\"@type\":\"SearchAction\",\"target\":{\"@type\":\"EntryPoint\",\"urlTemplate\":\"https:\/\/digitalx.pt\/rm2\/?s={search_term_string}\"},\"query-input\":{\"@type\":\"PropertyValueSpecification\",\"valueRequired\":true,\"valueName\":\"search_term_string\"}}],\"inLanguage\":\"pt-PT\"},{\"@type\":\"Organization\",\"@id\":\"https:\/\/digitalx.pt\/rm2\/#organization\",\"name\":\"Resid\u00eancias Montepio\",\"url\":\"https:\/\/digitalx.pt\/rm2\/\",\"logo\":{\"@type\":\"ImageObject\",\"inLanguage\":\"pt-PT\",\"@id\":\"https:\/\/digitalx.pt\/rm2\/#\/schema\/logo\/image\/\",\"url\":\"https:\/\/digitalx.pt\/rm2\/wp-content\/uploads\/2024\/03\/favicon.svg\",\"contentUrl\":\"https:\/\/digitalx.pt\/rm2\/wp-content\/uploads\/2024\/03\/favicon.svg\",\"width\":1,\"height\":1,\"caption\":\"Resid\u00eancias Montepio\"},\"image\":{\"@id\":\"https:\/\/digitalx.pt\/rm2\/#\/schema\/logo\/image\/\"},\"sameAs\":[\"https:\/\/m.facebook.com\/residenciasmontepio.sa\/\",\"https:\/\/www.instagram.com\/residenciasmontepio\/\"]}]}<\/script>\n<!-- \/ Yoast SEO plugin. -->","yoast_head_json":{"title":"GT - Colch\u00e3o Hospitalar Viscoel\u00e1stico Biopruf\u00ae - Resid\u00eancias Montepio","description":"Colch\u00e3o Hospitalar Viscoel\u00e1stico Biopruf\u00ae: prote\u00e7\u00e3o antibacteriana, antif\u00fangica e antial\u00e9rgica. Conforto e seguran\u00e7a. Dimens\u00e3o: 1880x880x140mm","robots":{"index":"index","follow":"follow","max-snippet":"max-snippet:-1","max-image-preview":"max-image-preview:large","max-video-preview":"max-video-preview:-1"},"canonical":"https:\/\/digitalx.pt\/rm2\/produto\/gt-colchao-hospitalar-viscoelastico-biopruf\/","og_locale":"pt_PT","og_type":"article","og_title":"GT - Colch\u00e3o Hospitalar Viscoel\u00e1stico Biopruf\u00ae - Resid\u00eancias Montepio","og_description":"Colch\u00e3o Hospitalar Viscoel\u00e1stico Biopruf\u00ae: prote\u00e7\u00e3o antibacteriana, antif\u00fangica e antial\u00e9rgica. Conforto e seguran\u00e7a. Dimens\u00e3o: 1880x880x140mm","og_url":"https:\/\/digitalx.pt\/rm2\/produto\/gt-colchao-hospitalar-viscoelastico-biopruf\/","og_site_name":"Resid\u00eancias Montepio","article_publisher":"https:\/\/m.facebook.com\/residenciasmontepio.sa\/","article_modified_time":"2026-02-23T14:21:25+00:00","og_image":[{"width":512,"height":512,"url":"https:\/\/digitalx.pt\/rm2\/wp-content\/uploads\/2024\/04\/Colchao-Hospitalar-Viscoelastico-Biopruf.jpg","type":"image\/jpeg"}],"twitter_card":"summary_large_image","twitter_misc":{"Tempo estimado de leitura":"1 minuto"},"schema":{"@context":"https:\/\/schema.org","@graph":[{"@type":"WebPage","@id":"https:\/\/digitalx.pt\/rm2\/produto\/gt-colchao-hospitalar-viscoelastico-biopruf\/","url":"https:\/\/digitalx.pt\/rm2\/produto\/gt-colchao-hospitalar-viscoelastico-biopruf\/","name":"GT - Colch\u00e3o Hospitalar Viscoel\u00e1stico Biopruf\u00ae - Resid\u00eancias Montepio","isPartOf":{"@id":"https:\/\/digitalx.pt\/rm2\/#website"},"primaryImageOfPage":{"@id":"https:\/\/digitalx.pt\/rm2\/produto\/gt-colchao-hospitalar-viscoelastico-biopruf\/#primaryimage"},"image":{"@id":"https:\/\/digitalx.pt\/rm2\/produto\/gt-colchao-hospitalar-viscoelastico-biopruf\/#primaryimage"},"thumbnailUrl":"https:\/\/digitalx.pt\/rm2\/wp-content\/uploads\/2024\/04\/Colchao-Hospitalar-Viscoelastico-Biopruf.jpg","datePublished":"2024-07-25T09:00:48+00:00","dateModified":"2026-02-23T14:21:25+00:00","description":"Colch\u00e3o Hospitalar Viscoel\u00e1stico Biopruf\u00ae: prote\u00e7\u00e3o antibacteriana, antif\u00fangica e antial\u00e9rgica. Conforto e seguran\u00e7a. Dimens\u00e3o: 1880x880x140mm","breadcrumb":{"@id":"https:\/\/digitalx.pt\/rm2\/produto\/gt-colchao-hospitalar-viscoelastico-biopruf\/#breadcrumb"},"inLanguage":"pt-PT","potentialAction":[{"@type":"ReadAction","target":["https:\/\/digitalx.pt\/rm2\/produto\/gt-colchao-hospitalar-viscoelastico-biopruf\/"]}]},{"@type":"ImageObject","inLanguage":"pt-PT","@id":"https:\/\/digitalx.pt\/rm2\/produto\/gt-colchao-hospitalar-viscoelastico-biopruf\/#primaryimage","url":"https:\/\/digitalx.pt\/rm2\/wp-content\/uploads\/2024\/04\/Colchao-Hospitalar-Viscoelastico-Biopruf.jpg","contentUrl":"https:\/\/digitalx.pt\/rm2\/wp-content\/uploads\/2024\/04\/Colchao-Hospitalar-Viscoelastico-Biopruf.jpg","width":512,"height":512},{"@type":"BreadcrumbList","@id":"https:\/\/digitalx.pt\/rm2\/produto\/gt-colchao-hospitalar-viscoelastico-biopruf\/#breadcrumb","itemListElement":[{"@type":"ListItem","position":1,"name":"In\u00edcio","item":"https:\/\/digitalx.pt\/rm2\/"},{"@type":"ListItem","position":2,"name":"Produtos","item":"https:\/\/digitalx.pt\/rm2\/shop\/"},{"@type":"ListItem","position":3,"name":"GT &#8211; Colch\u00e3o Hospitalar Viscoel\u00e1stico Biopruf\u00ae"}]},{"@type":"WebSite","@id":"https:\/\/digitalx.pt\/rm2\/#website","url":"https:\/\/digitalx.pt\/rm2\/","name":"Resid\u00eancias Montepio","description":"Resid\u00eancias Montepio Servi\u00e7os de Saude SA","publisher":{"@id":"https:\/\/digitalx.pt\/rm2\/#organization"},"potentialAction":[{"@type":"SearchAction","target":{"@type":"EntryPoint","urlTemplate":"https:\/\/digitalx.pt\/rm2\/?s={search_term_string}"},"query-input":{"@type":"PropertyValueSpecification","valueRequired":true,"valueName":"search_term_string"}}],"inLanguage":"pt-PT"},{"@type":"Organization","@id":"https:\/\/digitalx.pt\/rm2\/#organization","name":"Resid\u00eancias Montepio","url":"https:\/\/digitalx.pt\/rm2\/","logo":{"@type":"ImageObject","inLanguage":"pt-PT","@id":"https:\/\/digitalx.pt\/rm2\/#\/schema\/logo\/image\/","url":"https:\/\/digitalx.pt\/rm2\/wp-content\/uploads\/2024\/03\/favicon.svg","contentUrl":"https:\/\/digitalx.pt\/rm2\/wp-content\/uploads\/2024\/03\/favicon.svg","width":1,"height":1,"caption":"Resid\u00eancias Montepio"},"image":{"@id":"https:\/\/digitalx.pt\/rm2\/#\/schema\/logo\/image\/"},"sameAs":["https:\/\/m.facebook.com\/residenciasmontepio.sa\/","https:\/\/www.instagram.com\/residenciasmontepio\/"]}]}},"_links":{"self":[{"href":"https:\/\/digitalx.pt\/rm2\/wp-json\/wp\/v2\/product\/15612","targetHints":{"allow":["GET"]}}],"collection":[{"href":"https:\/\/digitalx.pt\/rm2\/wp-json\/wp\/v2\/product"}],"about":[{"href":"https:\/\/digitalx.pt\/rm2\/wp-json\/wp\/v2\/types\/product"}],"wp:featuredmedia":[{"embeddable":true,"href":"https:\/\/digitalx.pt\/rm2\/wp-json\/wp\/v2\/media\/16553"}],"wp:attachment":[{"href":"https:\/\/digitalx.pt\/rm2\/wp-json\/wp\/v2\/media?parent=15612"}],"wp:term":[{"taxonomy":"product_brand","embeddable":true,"href":"https:\/\/digitalx.pt\/rm2\/wp-json\/wp\/v2\/product_brand?post=15612"},{"taxonomy":"product_cat","embeddable":true,"href":"https:\/\/digitalx.pt\/rm2\/wp-json\/wp\/v2\/product_cat?post=15612"},{"taxonomy":"product_tag","embeddable":true,"href":"https:\/\/digitalx.pt\/rm2\/wp-json\/wp\/v2\/product_tag?post=15612"}],"curies":[{"name":"wp","href":"https:\/\/api.w.org\/{rel}","templated":true}]}}