{"id":16779,"date":"2024-08-14T16:08:29","date_gmt":"2024-08-14T16:08:29","guid":{"rendered":"https:\/\/digitalx.pt\/rm2\/?post_type=product&#038;p=16779"},"modified":"2025-06-16T14:45:16","modified_gmt":"2025-06-16T14:45:16","slug":"aktiv-pinca-recolhedora-60cm","status":"publish","type":"product","link":"https:\/\/digitalx.pt\/rm2\/produto\/aktiv-pinca-recolhedora-60cm\/","title":{"rendered":"Aktiv &#8211; Pin\u00e7a recolhedora 60cm"},"content":{"rendered":"<p>A Pin\u00e7a Recolhedora Aktiv de 60 cm \u00e9 uma ferramenta indispens\u00e1vel para pessoas com mobilidade reduzida nas m\u00e3os e bra\u00e7os. Com um design ergon\u00f4mico e peso leve de apenas 120g, facilita o alcance e o agarre de objetos, mesmo os mais pequenos. As garras revestidas em borracha oferecem alta fric\u00e7\u00e3o, garantindo um agarre seguro com menor esfor\u00e7o. A pega em \u00e2ngulo e o apoio para o dedo indicador proporcionam maior precis\u00e3o e controle. Al\u00e9m disso, as garras podem ser posicionadas horizontalmente ou verticalmente, e um \u00edman integrado na pega ajuda a recolher objetos met\u00e1licos. Fabricada com materiais dur\u00e1veis como policarbonato, alum\u00ednio e poliamida, a pin\u00e7a suporta at\u00e9 2 kg, sendo uma solu\u00e7\u00e3o pr\u00e1tica e eficiente para diversas tarefas di\u00e1rias.<\/p>\n<h4>Caracter\u00edsticas:<\/h4>\n<ul>\n<li>As pin\u00e7as Aktiv facilitam o alcan\u00e7ar e agarrar a pessoas com fun\u00e7\u00f5es diminu\u00eddas do bra\u00e7o e da m\u00e3o, gra\u00e7as ao peso leve e \u00e0s pegas de concep\u00e7\u00e3o ergon\u00f3mica.<\/li>\n<li>As garras podem abrir muito mas mesmo assim agarrar itens pequeninos.<\/li>\n<li>Est\u00e3o dispon\u00edveis em v\u00e1rios modelos para satisfazer v\u00e1rios requisitos.<\/li>\n<li>Todos os modelos t\u00eam um \u00edman na pega para o ajudar a apanhar objetos met\u00e1licos.<\/li>\n<li>A pega \u00e9 em \u00e2ngulo para usar a for\u00e7a da m\u00e3o e permitir agarrar bem.<\/li>\n<li>A asa tem um apoio para o dedo indicador, o que d\u00e1 maior precis\u00e3o.<\/li>\n<li>A superf\u00edcie de agarrar das garras est\u00e1 coberta de borracha resistente, garantindo uma grande fric\u00e7\u00e3o o que tamb\u00e9m reduz a for\u00e7a exigida.<\/li>\n<li>As garras da pin\u00e7a tamb\u00e9m podem ser colocadas em duas posi\u00e7\u00f5es.\u00a0Isto significa que o agarrador pode ser usado horizontalmente e verticalmente, tendo de virar o bra\u00e7o.<\/li>\n<li>Capacidade de levantamento: &#8211; As pin\u00e7as n\u00e3o devem ser usados para levantar cargas acima dos 2 kg<\/li>\n<\/ul>\n<p><img fetchpriority=\"high\" decoding=\"async\" src=\"https:\/\/artifofo.pt\/img\/cms\/Icon\/Aktiv%20icon.png\" alt=\"Aktiv\" width=\"403\" height=\"131\" \/><img decoding=\"async\" src=\"https:\/\/artifofo.pt\/img\/cms\/Icon\/Aktiv%20icon_2.png\" alt=\"Aktiv 60 cm\" width=\"413\" height=\"134\" \/><\/p>\n<p>&nbsp;<\/p>\n<h4>Composi\u00e7\u00e3o<\/h4>\n<ul>\n<li>Pega, chave e garras: Policarbonato\/ABS<\/li>\n<li>Suporte para o antebra\u00e7o e apoio da garra: Poliamida<\/li>\n<li>Tubo: Alum\u00ednio<\/li>\n<li>Peso: 120g<\/li>\n<\/ul>\n<p>Design: Ergonomidesign<br \/>\nMarca: ETAC<br \/>\nPa\u00eds origem: Su\u00e9cia<\/p>\n","protected":false},"excerpt":{"rendered":"<p>Pin\u00e7a recolhedora Aktiv de 60 cm, leve e ergon\u00f4mica, ideal para alcan\u00e7ar e agarrar objetos com facilidade, com capacidade de levantamento de at\u00e9 2 kg.<\/p>\n","protected":false},"featured_media":16791,"template":"","meta":[],"product_brand":[],"product_cat":[105,106,40,42],"product_tag":[],"class_list":{"0":"post-16779","1":"product","2":"type-product","3":"status-publish","4":"has-post-thumbnail","6":"product_cat-ajudas-uteis-diarias","7":"product_cat-atividade-vida-diaria","8":"product_cat-ortopedia","9":"product_cat-produtos-de-apoio","11":"first","12":"instock","13":"taxable","14":"shipping-taxable","15":"purchasable","16":"product-type-simple"},"yoast_head":"<!-- This site is optimized with the Yoast SEO plugin v27.0 - https:\/\/yoast.com\/product\/yoast-seo-wordpress\/ -->\n<title>Aktiv - Pin\u00e7a recolhedora 60cm - Resid\u00eancias Montepio<\/title>\n<meta name=\"description\" content=\"Pin\u00e7a recolhedora Aktiv 60 cm, ergon\u00f4mica e leve, ideal para alcan\u00e7ar objetos com facilidade. Suporta at\u00e9 2 kg, com garras ajust\u00e1veis e \u00edman integrado.\" \/>\n<meta name=\"robots\" content=\"index, follow, max-snippet:-1, max-image-preview:large, max-video-preview:-1\" \/>\n<link rel=\"canonical\" href=\"https:\/\/digitalx.pt\/rm2\/produto\/aktiv-pinca-recolhedora-60cm\/\" \/>\n<meta property=\"og:locale\" content=\"pt_PT\" \/>\n<meta property=\"og:type\" content=\"article\" \/>\n<meta property=\"og:title\" content=\"Aktiv - Pin\u00e7a recolhedora 60cm - Resid\u00eancias Montepio\" \/>\n<meta property=\"og:description\" content=\"Pin\u00e7a recolhedora Aktiv 60 cm, ergon\u00f4mica e leve, ideal para alcan\u00e7ar objetos com facilidade. Suporta at\u00e9 2 kg, com garras ajust\u00e1veis e \u00edman integrado.\" \/>\n<meta property=\"og:url\" content=\"https:\/\/digitalx.pt\/rm2\/produto\/aktiv-pinca-recolhedora-60cm\/\" \/>\n<meta property=\"og:site_name\" content=\"Resid\u00eancias Montepio\" \/>\n<meta property=\"article:publisher\" content=\"https:\/\/m.facebook.com\/residenciasmontepio.sa\/\" \/>\n<meta property=\"article:modified_time\" content=\"2025-06-16T14:45:16+00:00\" \/>\n<meta property=\"og:image\" content=\"https:\/\/digitalx.pt\/rm2\/wp-content\/uploads\/2024\/08\/Pinca-recolhedora-90cm.jpg\" \/>\n\t<meta property=\"og:image:width\" content=\"512\" \/>\n\t<meta property=\"og:image:height\" content=\"512\" \/>\n\t<meta property=\"og:image:type\" content=\"image\/jpeg\" \/>\n<meta name=\"twitter:card\" content=\"summary_large_image\" \/>\n<meta name=\"twitter:label1\" content=\"Tempo estimado de leitura\" \/>\n\t<meta name=\"twitter:data1\" content=\"3 minutos\" \/>\n<script type=\"application\/ld+json\" class=\"yoast-schema-graph\">{\"@context\":\"https:\/\/schema.org\",\"@graph\":[{\"@type\":\"WebPage\",\"@id\":\"https:\/\/digitalx.pt\/rm2\/produto\/aktiv-pinca-recolhedora-60cm\/\",\"url\":\"https:\/\/digitalx.pt\/rm2\/produto\/aktiv-pinca-recolhedora-60cm\/\",\"name\":\"Aktiv - Pin\u00e7a recolhedora 60cm - Resid\u00eancias Montepio\",\"isPartOf\":{\"@id\":\"https:\/\/digitalx.pt\/rm2\/#website\"},\"primaryImageOfPage\":{\"@id\":\"https:\/\/digitalx.pt\/rm2\/produto\/aktiv-pinca-recolhedora-60cm\/#primaryimage\"},\"image\":{\"@id\":\"https:\/\/digitalx.pt\/rm2\/produto\/aktiv-pinca-recolhedora-60cm\/#primaryimage\"},\"thumbnailUrl\":\"https:\/\/digitalx.pt\/rm2\/wp-content\/uploads\/2024\/08\/Pinca-recolhedora-90cm.jpg\",\"datePublished\":\"2024-08-14T16:08:29+00:00\",\"dateModified\":\"2025-06-16T14:45:16+00:00\",\"description\":\"Pin\u00e7a recolhedora Aktiv 60 cm, ergon\u00f4mica e leve, ideal para alcan\u00e7ar objetos com facilidade. Suporta at\u00e9 2 kg, com garras ajust\u00e1veis e \u00edman integrado.\",\"breadcrumb\":{\"@id\":\"https:\/\/digitalx.pt\/rm2\/produto\/aktiv-pinca-recolhedora-60cm\/#breadcrumb\"},\"inLanguage\":\"pt-PT\",\"potentialAction\":[{\"@type\":\"ReadAction\",\"target\":[\"https:\/\/digitalx.pt\/rm2\/produto\/aktiv-pinca-recolhedora-60cm\/\"]}]},{\"@type\":\"ImageObject\",\"inLanguage\":\"pt-PT\",\"@id\":\"https:\/\/digitalx.pt\/rm2\/produto\/aktiv-pinca-recolhedora-60cm\/#primaryimage\",\"url\":\"https:\/\/digitalx.pt\/rm2\/wp-content\/uploads\/2024\/08\/Pinca-recolhedora-90cm.jpg\",\"contentUrl\":\"https:\/\/digitalx.pt\/rm2\/wp-content\/uploads\/2024\/08\/Pinca-recolhedora-90cm.jpg\",\"width\":512,\"height\":512},{\"@type\":\"BreadcrumbList\",\"@id\":\"https:\/\/digitalx.pt\/rm2\/produto\/aktiv-pinca-recolhedora-60cm\/#breadcrumb\",\"itemListElement\":[{\"@type\":\"ListItem\",\"position\":1,\"name\":\"In\u00edcio\",\"item\":\"https:\/\/digitalx.pt\/rm2\/\"},{\"@type\":\"ListItem\",\"position\":2,\"name\":\"Produtos\",\"item\":\"https:\/\/digitalx.pt\/rm2\/shop\/\"},{\"@type\":\"ListItem\",\"position\":3,\"name\":\"Aktiv &#8211; Pin\u00e7a recolhedora 60cm\"}]},{\"@type\":\"WebSite\",\"@id\":\"https:\/\/digitalx.pt\/rm2\/#website\",\"url\":\"https:\/\/digitalx.pt\/rm2\/\",\"name\":\"Resid\u00eancias Montepio\",\"description\":\"Resid\u00eancias Montepio Servi\u00e7os de Saude SA\",\"publisher\":{\"@id\":\"https:\/\/digitalx.pt\/rm2\/#organization\"},\"potentialAction\":[{\"@type\":\"SearchAction\",\"target\":{\"@type\":\"EntryPoint\",\"urlTemplate\":\"https:\/\/digitalx.pt\/rm2\/?s={search_term_string}\"},\"query-input\":{\"@type\":\"PropertyValueSpecification\",\"valueRequired\":true,\"valueName\":\"search_term_string\"}}],\"inLanguage\":\"pt-PT\"},{\"@type\":\"Organization\",\"@id\":\"https:\/\/digitalx.pt\/rm2\/#organization\",\"name\":\"Resid\u00eancias Montepio\",\"url\":\"https:\/\/digitalx.pt\/rm2\/\",\"logo\":{\"@type\":\"ImageObject\",\"inLanguage\":\"pt-PT\",\"@id\":\"https:\/\/digitalx.pt\/rm2\/#\/schema\/logo\/image\/\",\"url\":\"https:\/\/digitalx.pt\/rm2\/wp-content\/uploads\/2024\/03\/favicon.svg\",\"contentUrl\":\"https:\/\/digitalx.pt\/rm2\/wp-content\/uploads\/2024\/03\/favicon.svg\",\"width\":1,\"height\":1,\"caption\":\"Resid\u00eancias Montepio\"},\"image\":{\"@id\":\"https:\/\/digitalx.pt\/rm2\/#\/schema\/logo\/image\/\"},\"sameAs\":[\"https:\/\/m.facebook.com\/residenciasmontepio.sa\/\",\"https:\/\/www.instagram.com\/residenciasmontepio\/\"]}]}<\/script>\n<!-- \/ Yoast SEO plugin. -->","yoast_head_json":{"title":"Aktiv - Pin\u00e7a recolhedora 60cm - Resid\u00eancias Montepio","description":"Pin\u00e7a recolhedora Aktiv 60 cm, ergon\u00f4mica e leve, ideal para alcan\u00e7ar objetos com facilidade. Suporta at\u00e9 2 kg, com garras ajust\u00e1veis e \u00edman integrado.","robots":{"index":"index","follow":"follow","max-snippet":"max-snippet:-1","max-image-preview":"max-image-preview:large","max-video-preview":"max-video-preview:-1"},"canonical":"https:\/\/digitalx.pt\/rm2\/produto\/aktiv-pinca-recolhedora-60cm\/","og_locale":"pt_PT","og_type":"article","og_title":"Aktiv - Pin\u00e7a recolhedora 60cm - Resid\u00eancias Montepio","og_description":"Pin\u00e7a recolhedora Aktiv 60 cm, ergon\u00f4mica e leve, ideal para alcan\u00e7ar objetos com facilidade. Suporta at\u00e9 2 kg, com garras ajust\u00e1veis e \u00edman integrado.","og_url":"https:\/\/digitalx.pt\/rm2\/produto\/aktiv-pinca-recolhedora-60cm\/","og_site_name":"Resid\u00eancias Montepio","article_publisher":"https:\/\/m.facebook.com\/residenciasmontepio.sa\/","article_modified_time":"2025-06-16T14:45:16+00:00","og_image":[{"width":512,"height":512,"url":"https:\/\/digitalx.pt\/rm2\/wp-content\/uploads\/2024\/08\/Pinca-recolhedora-90cm.jpg","type":"image\/jpeg"}],"twitter_card":"summary_large_image","twitter_misc":{"Tempo estimado de leitura":"3 minutos"},"schema":{"@context":"https:\/\/schema.org","@graph":[{"@type":"WebPage","@id":"https:\/\/digitalx.pt\/rm2\/produto\/aktiv-pinca-recolhedora-60cm\/","url":"https:\/\/digitalx.pt\/rm2\/produto\/aktiv-pinca-recolhedora-60cm\/","name":"Aktiv - Pin\u00e7a recolhedora 60cm - Resid\u00eancias Montepio","isPartOf":{"@id":"https:\/\/digitalx.pt\/rm2\/#website"},"primaryImageOfPage":{"@id":"https:\/\/digitalx.pt\/rm2\/produto\/aktiv-pinca-recolhedora-60cm\/#primaryimage"},"image":{"@id":"https:\/\/digitalx.pt\/rm2\/produto\/aktiv-pinca-recolhedora-60cm\/#primaryimage"},"thumbnailUrl":"https:\/\/digitalx.pt\/rm2\/wp-content\/uploads\/2024\/08\/Pinca-recolhedora-90cm.jpg","datePublished":"2024-08-14T16:08:29+00:00","dateModified":"2025-06-16T14:45:16+00:00","description":"Pin\u00e7a recolhedora Aktiv 60 cm, ergon\u00f4mica e leve, ideal para alcan\u00e7ar objetos com facilidade. Suporta at\u00e9 2 kg, com garras ajust\u00e1veis e \u00edman integrado.","breadcrumb":{"@id":"https:\/\/digitalx.pt\/rm2\/produto\/aktiv-pinca-recolhedora-60cm\/#breadcrumb"},"inLanguage":"pt-PT","potentialAction":[{"@type":"ReadAction","target":["https:\/\/digitalx.pt\/rm2\/produto\/aktiv-pinca-recolhedora-60cm\/"]}]},{"@type":"ImageObject","inLanguage":"pt-PT","@id":"https:\/\/digitalx.pt\/rm2\/produto\/aktiv-pinca-recolhedora-60cm\/#primaryimage","url":"https:\/\/digitalx.pt\/rm2\/wp-content\/uploads\/2024\/08\/Pinca-recolhedora-90cm.jpg","contentUrl":"https:\/\/digitalx.pt\/rm2\/wp-content\/uploads\/2024\/08\/Pinca-recolhedora-90cm.jpg","width":512,"height":512},{"@type":"BreadcrumbList","@id":"https:\/\/digitalx.pt\/rm2\/produto\/aktiv-pinca-recolhedora-60cm\/#breadcrumb","itemListElement":[{"@type":"ListItem","position":1,"name":"In\u00edcio","item":"https:\/\/digitalx.pt\/rm2\/"},{"@type":"ListItem","position":2,"name":"Produtos","item":"https:\/\/digitalx.pt\/rm2\/shop\/"},{"@type":"ListItem","position":3,"name":"Aktiv &#8211; Pin\u00e7a recolhedora 60cm"}]},{"@type":"WebSite","@id":"https:\/\/digitalx.pt\/rm2\/#website","url":"https:\/\/digitalx.pt\/rm2\/","name":"Resid\u00eancias Montepio","description":"Resid\u00eancias Montepio Servi\u00e7os de Saude SA","publisher":{"@id":"https:\/\/digitalx.pt\/rm2\/#organization"},"potentialAction":[{"@type":"SearchAction","target":{"@type":"EntryPoint","urlTemplate":"https:\/\/digitalx.pt\/rm2\/?s={search_term_string}"},"query-input":{"@type":"PropertyValueSpecification","valueRequired":true,"valueName":"search_term_string"}}],"inLanguage":"pt-PT"},{"@type":"Organization","@id":"https:\/\/digitalx.pt\/rm2\/#organization","name":"Resid\u00eancias Montepio","url":"https:\/\/digitalx.pt\/rm2\/","logo":{"@type":"ImageObject","inLanguage":"pt-PT","@id":"https:\/\/digitalx.pt\/rm2\/#\/schema\/logo\/image\/","url":"https:\/\/digitalx.pt\/rm2\/wp-content\/uploads\/2024\/03\/favicon.svg","contentUrl":"https:\/\/digitalx.pt\/rm2\/wp-content\/uploads\/2024\/03\/favicon.svg","width":1,"height":1,"caption":"Resid\u00eancias Montepio"},"image":{"@id":"https:\/\/digitalx.pt\/rm2\/#\/schema\/logo\/image\/"},"sameAs":["https:\/\/m.facebook.com\/residenciasmontepio.sa\/","https:\/\/www.instagram.com\/residenciasmontepio\/"]}]}},"_links":{"self":[{"href":"https:\/\/digitalx.pt\/rm2\/wp-json\/wp\/v2\/product\/16779","targetHints":{"allow":["GET"]}}],"collection":[{"href":"https:\/\/digitalx.pt\/rm2\/wp-json\/wp\/v2\/product"}],"about":[{"href":"https:\/\/digitalx.pt\/rm2\/wp-json\/wp\/v2\/types\/product"}],"wp:featuredmedia":[{"embeddable":true,"href":"https:\/\/digitalx.pt\/rm2\/wp-json\/wp\/v2\/media\/16791"}],"wp:attachment":[{"href":"https:\/\/digitalx.pt\/rm2\/wp-json\/wp\/v2\/media?parent=16779"}],"wp:term":[{"taxonomy":"product_brand","embeddable":true,"href":"https:\/\/digitalx.pt\/rm2\/wp-json\/wp\/v2\/product_brand?post=16779"},{"taxonomy":"product_cat","embeddable":true,"href":"https:\/\/digitalx.pt\/rm2\/wp-json\/wp\/v2\/product_cat?post=16779"},{"taxonomy":"product_tag","embeddable":true,"href":"https:\/\/digitalx.pt\/rm2\/wp-json\/wp\/v2\/product_tag?post=16779"}],"curies":[{"name":"wp","href":"https:\/\/api.w.org\/{rel}","templated":true}]}}