{"id":16784,"date":"2024-08-14T16:27:53","date_gmt":"2024-08-14T16:27:53","guid":{"rendered":"https:\/\/digitalx.pt\/rm2\/?post_type=product&#038;p=16784"},"modified":"2025-06-17T09:45:43","modified_gmt":"2025-06-17T09:45:43","slug":"homecraft-calcadeira-comprida-cromada","status":"publish","type":"product","link":"https:\/\/digitalx.pt\/rm2\/produto\/homecraft-calcadeira-comprida-cromada\/","title":{"rendered":"Homecraft &#8211; Cal\u00e7adeira comprida cromada"},"content":{"rendered":"<p>A Cal\u00e7adeira Comprida Cromada da Homecraft \u00e9 uma solu\u00e7\u00e3o elegante e pr\u00e1tica para quem busca facilidade ao cal\u00e7ar sapatos. Com um comprimento de 600 mm, esta cal\u00e7adeira oferece um alcance excepcional, tornando-a ideal para pessoas com mobilidade reduzida ou dificuldades em se curvar. Feita de metal com um acabamento cromado requintado, \u00e9 tanto dur\u00e1vel quanto visualmente atraente. A pega em PVC proporciona uma preens\u00e3o segura e confort\u00e1vel, garantindo facilidade de uso. Pesando apenas 115g, \u00e9 leve e f\u00e1cil de manusear, sendo uma ajuda t\u00e9cnica essencial no dia a dia.<\/p>\n<p><strong>\u00a0Caracter\u00edsticas:<\/strong><\/p>\n<ul>\n<li>Uma cal\u00e7adeira met\u00e1lica requintada revestima em cor cromada;<\/li>\n<li>Al\u00e7ance extremamente facilitado;<\/li>\n<li>Pega em PVC de f\u00e1cio preens\u00e3o;<\/li>\n<li>Comprimento: 600 mil\u00edmetros<\/li>\n<li>Peso: 115g<\/li>\n<\/ul>\n<p>Marca: Homecraft<br \/>\nPa\u00eds de origem: Reino Unido<\/p>\n","protected":false},"excerpt":{"rendered":"<p>Cal\u00e7adeira comprida Homecraft, revestida em cromado, com pega em PVC. Facilita o cal\u00e7ar de sapatos, medindo 600 mm de comprimento.<\/p>\n","protected":false},"featured_media":16785,"template":"","meta":[],"product_brand":[],"product_cat":[105,106,40,42],"product_tag":[],"class_list":{"0":"post-16784","1":"product","2":"type-product","3":"status-publish","4":"has-post-thumbnail","6":"product_cat-ajudas-uteis-diarias","7":"product_cat-atividade-vida-diaria","8":"product_cat-ortopedia","9":"product_cat-produtos-de-apoio","11":"first","12":"instock","13":"taxable","14":"shipping-taxable","15":"purchasable","16":"product-type-simple"},"yoast_head":"<!-- This site is optimized with the Yoast SEO plugin v27.0 - https:\/\/yoast.com\/product\/yoast-seo-wordpress\/ -->\n<title>Homecraft - Cal\u00e7adeira comprida cromada - Resid\u00eancias Montepio<\/title>\n<meta name=\"description\" content=\"Cal\u00e7adeira comprida cromada Homecraft, 600 mm, com pega em PVC, facilita o cal\u00e7ar de sapatos. Elegante, dur\u00e1vel e leve, ideal para mobilidade reduzida.\" \/>\n<meta name=\"robots\" content=\"index, follow, max-snippet:-1, max-image-preview:large, max-video-preview:-1\" \/>\n<link rel=\"canonical\" href=\"https:\/\/digitalx.pt\/rm2\/produto\/homecraft-calcadeira-comprida-cromada\/\" \/>\n<meta property=\"og:locale\" content=\"pt_PT\" \/>\n<meta property=\"og:type\" content=\"article\" \/>\n<meta property=\"og:title\" content=\"Homecraft - Cal\u00e7adeira comprida cromada - Resid\u00eancias Montepio\" \/>\n<meta property=\"og:description\" content=\"Cal\u00e7adeira comprida cromada Homecraft, 600 mm, com pega em PVC, facilita o cal\u00e7ar de sapatos. Elegante, dur\u00e1vel e leve, ideal para mobilidade reduzida.\" \/>\n<meta property=\"og:url\" content=\"https:\/\/digitalx.pt\/rm2\/produto\/homecraft-calcadeira-comprida-cromada\/\" \/>\n<meta property=\"og:site_name\" content=\"Resid\u00eancias Montepio\" \/>\n<meta property=\"article:publisher\" content=\"https:\/\/m.facebook.com\/residenciasmontepio.sa\/\" \/>\n<meta property=\"article:modified_time\" content=\"2025-06-17T09:45:43+00:00\" \/>\n<meta property=\"og:image\" content=\"https:\/\/digitalx.pt\/rm2\/wp-content\/uploads\/2024\/08\/Calcadeira-comprida-cromada.jpg\" \/>\n\t<meta property=\"og:image:width\" content=\"512\" \/>\n\t<meta property=\"og:image:height\" content=\"512\" \/>\n\t<meta property=\"og:image:type\" content=\"image\/jpeg\" \/>\n<meta name=\"twitter:card\" content=\"summary_large_image\" \/>\n<meta name=\"twitter:label1\" content=\"Tempo estimado de leitura\" \/>\n\t<meta name=\"twitter:data1\" content=\"1 minuto\" \/>\n<script type=\"application\/ld+json\" class=\"yoast-schema-graph\">{\"@context\":\"https:\/\/schema.org\",\"@graph\":[{\"@type\":\"WebPage\",\"@id\":\"https:\/\/digitalx.pt\/rm2\/produto\/homecraft-calcadeira-comprida-cromada\/\",\"url\":\"https:\/\/digitalx.pt\/rm2\/produto\/homecraft-calcadeira-comprida-cromada\/\",\"name\":\"Homecraft - Cal\u00e7adeira comprida cromada - Resid\u00eancias Montepio\",\"isPartOf\":{\"@id\":\"https:\/\/digitalx.pt\/rm2\/#website\"},\"primaryImageOfPage\":{\"@id\":\"https:\/\/digitalx.pt\/rm2\/produto\/homecraft-calcadeira-comprida-cromada\/#primaryimage\"},\"image\":{\"@id\":\"https:\/\/digitalx.pt\/rm2\/produto\/homecraft-calcadeira-comprida-cromada\/#primaryimage\"},\"thumbnailUrl\":\"https:\/\/digitalx.pt\/rm2\/wp-content\/uploads\/2024\/08\/Calcadeira-comprida-cromada.jpg\",\"datePublished\":\"2024-08-14T16:27:53+00:00\",\"dateModified\":\"2025-06-17T09:45:43+00:00\",\"description\":\"Cal\u00e7adeira comprida cromada Homecraft, 600 mm, com pega em PVC, facilita o cal\u00e7ar de sapatos. Elegante, dur\u00e1vel e leve, ideal para mobilidade reduzida.\",\"breadcrumb\":{\"@id\":\"https:\/\/digitalx.pt\/rm2\/produto\/homecraft-calcadeira-comprida-cromada\/#breadcrumb\"},\"inLanguage\":\"pt-PT\",\"potentialAction\":[{\"@type\":\"ReadAction\",\"target\":[\"https:\/\/digitalx.pt\/rm2\/produto\/homecraft-calcadeira-comprida-cromada\/\"]}]},{\"@type\":\"ImageObject\",\"inLanguage\":\"pt-PT\",\"@id\":\"https:\/\/digitalx.pt\/rm2\/produto\/homecraft-calcadeira-comprida-cromada\/#primaryimage\",\"url\":\"https:\/\/digitalx.pt\/rm2\/wp-content\/uploads\/2024\/08\/Calcadeira-comprida-cromada.jpg\",\"contentUrl\":\"https:\/\/digitalx.pt\/rm2\/wp-content\/uploads\/2024\/08\/Calcadeira-comprida-cromada.jpg\",\"width\":512,\"height\":512},{\"@type\":\"BreadcrumbList\",\"@id\":\"https:\/\/digitalx.pt\/rm2\/produto\/homecraft-calcadeira-comprida-cromada\/#breadcrumb\",\"itemListElement\":[{\"@type\":\"ListItem\",\"position\":1,\"name\":\"In\u00edcio\",\"item\":\"https:\/\/digitalx.pt\/rm2\/\"},{\"@type\":\"ListItem\",\"position\":2,\"name\":\"Produtos\",\"item\":\"https:\/\/digitalx.pt\/rm2\/shop\/\"},{\"@type\":\"ListItem\",\"position\":3,\"name\":\"Homecraft &#8211; Cal\u00e7adeira comprida cromada\"}]},{\"@type\":\"WebSite\",\"@id\":\"https:\/\/digitalx.pt\/rm2\/#website\",\"url\":\"https:\/\/digitalx.pt\/rm2\/\",\"name\":\"Resid\u00eancias Montepio\",\"description\":\"Resid\u00eancias Montepio Servi\u00e7os de Saude SA\",\"publisher\":{\"@id\":\"https:\/\/digitalx.pt\/rm2\/#organization\"},\"potentialAction\":[{\"@type\":\"SearchAction\",\"target\":{\"@type\":\"EntryPoint\",\"urlTemplate\":\"https:\/\/digitalx.pt\/rm2\/?s={search_term_string}\"},\"query-input\":{\"@type\":\"PropertyValueSpecification\",\"valueRequired\":true,\"valueName\":\"search_term_string\"}}],\"inLanguage\":\"pt-PT\"},{\"@type\":\"Organization\",\"@id\":\"https:\/\/digitalx.pt\/rm2\/#organization\",\"name\":\"Resid\u00eancias Montepio\",\"url\":\"https:\/\/digitalx.pt\/rm2\/\",\"logo\":{\"@type\":\"ImageObject\",\"inLanguage\":\"pt-PT\",\"@id\":\"https:\/\/digitalx.pt\/rm2\/#\/schema\/logo\/image\/\",\"url\":\"https:\/\/digitalx.pt\/rm2\/wp-content\/uploads\/2024\/03\/favicon.svg\",\"contentUrl\":\"https:\/\/digitalx.pt\/rm2\/wp-content\/uploads\/2024\/03\/favicon.svg\",\"width\":1,\"height\":1,\"caption\":\"Resid\u00eancias Montepio\"},\"image\":{\"@id\":\"https:\/\/digitalx.pt\/rm2\/#\/schema\/logo\/image\/\"},\"sameAs\":[\"https:\/\/m.facebook.com\/residenciasmontepio.sa\/\",\"https:\/\/www.instagram.com\/residenciasmontepio\/\"]}]}<\/script>\n<!-- \/ Yoast SEO plugin. -->","yoast_head_json":{"title":"Homecraft - Cal\u00e7adeira comprida cromada - Resid\u00eancias Montepio","description":"Cal\u00e7adeira comprida cromada Homecraft, 600 mm, com pega em PVC, facilita o cal\u00e7ar de sapatos. Elegante, dur\u00e1vel e leve, ideal para mobilidade reduzida.","robots":{"index":"index","follow":"follow","max-snippet":"max-snippet:-1","max-image-preview":"max-image-preview:large","max-video-preview":"max-video-preview:-1"},"canonical":"https:\/\/digitalx.pt\/rm2\/produto\/homecraft-calcadeira-comprida-cromada\/","og_locale":"pt_PT","og_type":"article","og_title":"Homecraft - Cal\u00e7adeira comprida cromada - Resid\u00eancias Montepio","og_description":"Cal\u00e7adeira comprida cromada Homecraft, 600 mm, com pega em PVC, facilita o cal\u00e7ar de sapatos. Elegante, dur\u00e1vel e leve, ideal para mobilidade reduzida.","og_url":"https:\/\/digitalx.pt\/rm2\/produto\/homecraft-calcadeira-comprida-cromada\/","og_site_name":"Resid\u00eancias Montepio","article_publisher":"https:\/\/m.facebook.com\/residenciasmontepio.sa\/","article_modified_time":"2025-06-17T09:45:43+00:00","og_image":[{"width":512,"height":512,"url":"https:\/\/digitalx.pt\/rm2\/wp-content\/uploads\/2024\/08\/Calcadeira-comprida-cromada.jpg","type":"image\/jpeg"}],"twitter_card":"summary_large_image","twitter_misc":{"Tempo estimado de leitura":"1 minuto"},"schema":{"@context":"https:\/\/schema.org","@graph":[{"@type":"WebPage","@id":"https:\/\/digitalx.pt\/rm2\/produto\/homecraft-calcadeira-comprida-cromada\/","url":"https:\/\/digitalx.pt\/rm2\/produto\/homecraft-calcadeira-comprida-cromada\/","name":"Homecraft - Cal\u00e7adeira comprida cromada - Resid\u00eancias Montepio","isPartOf":{"@id":"https:\/\/digitalx.pt\/rm2\/#website"},"primaryImageOfPage":{"@id":"https:\/\/digitalx.pt\/rm2\/produto\/homecraft-calcadeira-comprida-cromada\/#primaryimage"},"image":{"@id":"https:\/\/digitalx.pt\/rm2\/produto\/homecraft-calcadeira-comprida-cromada\/#primaryimage"},"thumbnailUrl":"https:\/\/digitalx.pt\/rm2\/wp-content\/uploads\/2024\/08\/Calcadeira-comprida-cromada.jpg","datePublished":"2024-08-14T16:27:53+00:00","dateModified":"2025-06-17T09:45:43+00:00","description":"Cal\u00e7adeira comprida cromada Homecraft, 600 mm, com pega em PVC, facilita o cal\u00e7ar de sapatos. Elegante, dur\u00e1vel e leve, ideal para mobilidade reduzida.","breadcrumb":{"@id":"https:\/\/digitalx.pt\/rm2\/produto\/homecraft-calcadeira-comprida-cromada\/#breadcrumb"},"inLanguage":"pt-PT","potentialAction":[{"@type":"ReadAction","target":["https:\/\/digitalx.pt\/rm2\/produto\/homecraft-calcadeira-comprida-cromada\/"]}]},{"@type":"ImageObject","inLanguage":"pt-PT","@id":"https:\/\/digitalx.pt\/rm2\/produto\/homecraft-calcadeira-comprida-cromada\/#primaryimage","url":"https:\/\/digitalx.pt\/rm2\/wp-content\/uploads\/2024\/08\/Calcadeira-comprida-cromada.jpg","contentUrl":"https:\/\/digitalx.pt\/rm2\/wp-content\/uploads\/2024\/08\/Calcadeira-comprida-cromada.jpg","width":512,"height":512},{"@type":"BreadcrumbList","@id":"https:\/\/digitalx.pt\/rm2\/produto\/homecraft-calcadeira-comprida-cromada\/#breadcrumb","itemListElement":[{"@type":"ListItem","position":1,"name":"In\u00edcio","item":"https:\/\/digitalx.pt\/rm2\/"},{"@type":"ListItem","position":2,"name":"Produtos","item":"https:\/\/digitalx.pt\/rm2\/shop\/"},{"@type":"ListItem","position":3,"name":"Homecraft &#8211; Cal\u00e7adeira comprida cromada"}]},{"@type":"WebSite","@id":"https:\/\/digitalx.pt\/rm2\/#website","url":"https:\/\/digitalx.pt\/rm2\/","name":"Resid\u00eancias Montepio","description":"Resid\u00eancias Montepio Servi\u00e7os de Saude SA","publisher":{"@id":"https:\/\/digitalx.pt\/rm2\/#organization"},"potentialAction":[{"@type":"SearchAction","target":{"@type":"EntryPoint","urlTemplate":"https:\/\/digitalx.pt\/rm2\/?s={search_term_string}"},"query-input":{"@type":"PropertyValueSpecification","valueRequired":true,"valueName":"search_term_string"}}],"inLanguage":"pt-PT"},{"@type":"Organization","@id":"https:\/\/digitalx.pt\/rm2\/#organization","name":"Resid\u00eancias Montepio","url":"https:\/\/digitalx.pt\/rm2\/","logo":{"@type":"ImageObject","inLanguage":"pt-PT","@id":"https:\/\/digitalx.pt\/rm2\/#\/schema\/logo\/image\/","url":"https:\/\/digitalx.pt\/rm2\/wp-content\/uploads\/2024\/03\/favicon.svg","contentUrl":"https:\/\/digitalx.pt\/rm2\/wp-content\/uploads\/2024\/03\/favicon.svg","width":1,"height":1,"caption":"Resid\u00eancias Montepio"},"image":{"@id":"https:\/\/digitalx.pt\/rm2\/#\/schema\/logo\/image\/"},"sameAs":["https:\/\/m.facebook.com\/residenciasmontepio.sa\/","https:\/\/www.instagram.com\/residenciasmontepio\/"]}]}},"_links":{"self":[{"href":"https:\/\/digitalx.pt\/rm2\/wp-json\/wp\/v2\/product\/16784","targetHints":{"allow":["GET"]}}],"collection":[{"href":"https:\/\/digitalx.pt\/rm2\/wp-json\/wp\/v2\/product"}],"about":[{"href":"https:\/\/digitalx.pt\/rm2\/wp-json\/wp\/v2\/types\/product"}],"wp:featuredmedia":[{"embeddable":true,"href":"https:\/\/digitalx.pt\/rm2\/wp-json\/wp\/v2\/media\/16785"}],"wp:attachment":[{"href":"https:\/\/digitalx.pt\/rm2\/wp-json\/wp\/v2\/media?parent=16784"}],"wp:term":[{"taxonomy":"product_brand","embeddable":true,"href":"https:\/\/digitalx.pt\/rm2\/wp-json\/wp\/v2\/product_brand?post=16784"},{"taxonomy":"product_cat","embeddable":true,"href":"https:\/\/digitalx.pt\/rm2\/wp-json\/wp\/v2\/product_cat?post=16784"},{"taxonomy":"product_tag","embeddable":true,"href":"https:\/\/digitalx.pt\/rm2\/wp-json\/wp\/v2\/product_tag?post=16784"}],"curies":[{"name":"wp","href":"https:\/\/api.w.org\/{rel}","templated":true}]}}