{"id":16800,"date":"2024-08-20T13:41:09","date_gmt":"2024-08-20T13:41:09","guid":{"rendered":"https:\/\/digitalx.pt\/rm2\/?post_type=product&#038;p=16800"},"modified":"2025-06-17T10:41:44","modified_gmt":"2025-06-17T10:41:44","slug":"biort-pedaleira-para-exercicio-com-barra","status":"publish","type":"product","link":"https:\/\/digitalx.pt\/rm2\/produto\/biort-pedaleira-para-exercicio-com-barra\/","title":{"rendered":"Biort &#8211; Pedaleira para exerc\u00edcio com barra"},"content":{"rendered":"<p>A Pedaleira para Exerc\u00edcio com Barra da Biort \u00e9 projetada para auxiliar no fortalecimento dos membros inferiores, oferecendo suporte adicional para os membros superiores durante o exerc\u00edcio. Com dimens\u00f5es de 565 x 400 x 650 mm, esta pedaleira \u00e9 ideal para quem busca melhorar a mobilidade e a for\u00e7a de forma pr\u00e1tica e segura. O sistema mec\u00e2nico fixo proporciona uma experi\u00eancia de exerc\u00edcio est\u00e1vel, enquanto as borrachas antiderrapantes garantem ader\u00eancia e seguran\u00e7a durante o uso. A pedaleira \u00e9 entregue desmontada em 10 pe\u00e7as, facilitando o transporte e a montagem. Possui ainda um parafuso superior para ajustes personalizados, adaptando-se \u00e0s necessidades individuais de cada utilizador.<\/p>\n<h4>Caracter\u00edsticas:<\/h4>\n<ul>\n<li>Dimens\u00f5es: 565 x 400 x 650 mm (Comp x Larg x Altura )<\/li>\n<li>Para exercicio dos membros inferiores com apoio dos membros superiores.<\/li>\n<li>Sistema mec\u00e2nico fixo.<\/li>\n<li>Produto embalado desmontado (10 pe\u00e7as).<\/li>\n<li>Borrachas anti-derrapantes<\/li>\n<li>Parafuso superior para ajustes<\/li>\n<\/ul>\n<h4>Especifica\u00e7\u00f5es<\/h4>\n<ul>\n<li>Marca: BIORT<\/li>\n<li>Pa\u00eds de origem: \u00c1sia<\/li>\n<\/ul>\n","protected":false},"excerpt":{"rendered":"<p>Pedaleira Biort para exerc\u00edcio com barra, ideal para fortalecer membros inferiores com apoio superior. Possui sistema mec\u00e2nico fixo e borrachas antiderrapantes.<\/p>\n","protected":false},"featured_media":16801,"template":"","meta":[],"product_brand":[],"product_cat":[40,42,114,115],"product_tag":[],"class_list":{"0":"post-16800","1":"product","2":"type-product","3":"status-publish","4":"has-post-thumbnail","6":"product_cat-ortopedia","7":"product_cat-produtos-de-apoio","8":"product_cat-produtos-ortopedicos","9":"product_cat-reabilitacao","11":"first","12":"instock","13":"taxable","14":"shipping-taxable","15":"purchasable","16":"product-type-simple"},"yoast_head":"<!-- This site is optimized with the Yoast SEO plugin v27.0 - https:\/\/yoast.com\/product\/yoast-seo-wordpress\/ -->\n<title>Biort - Pedaleira para exerc\u00edcio com barra - Resid\u00eancias Montepio<\/title>\n<meta name=\"description\" content=\"Pedaleira para exerc\u00edcio com barra, sistema mec\u00e2nico fixo, borrachas antiderrapantes, ajust\u00e1vel, ideal para fortalecer membros inferiores e superiores.\" \/>\n<meta name=\"robots\" content=\"index, follow, max-snippet:-1, max-image-preview:large, max-video-preview:-1\" \/>\n<link rel=\"canonical\" href=\"https:\/\/digitalx.pt\/rm2\/produto\/biort-pedaleira-para-exercicio-com-barra\/\" \/>\n<meta property=\"og:locale\" content=\"pt_PT\" \/>\n<meta property=\"og:type\" content=\"article\" \/>\n<meta property=\"og:title\" content=\"Biort - Pedaleira para exerc\u00edcio com barra - Resid\u00eancias Montepio\" \/>\n<meta property=\"og:description\" content=\"Pedaleira para exerc\u00edcio com barra, sistema mec\u00e2nico fixo, borrachas antiderrapantes, ajust\u00e1vel, ideal para fortalecer membros inferiores e superiores.\" \/>\n<meta property=\"og:url\" content=\"https:\/\/digitalx.pt\/rm2\/produto\/biort-pedaleira-para-exercicio-com-barra\/\" \/>\n<meta property=\"og:site_name\" content=\"Resid\u00eancias Montepio\" \/>\n<meta property=\"article:publisher\" content=\"https:\/\/m.facebook.com\/residenciasmontepio.sa\/\" \/>\n<meta property=\"article:modified_time\" content=\"2025-06-17T10:41:44+00:00\" \/>\n<meta property=\"og:image\" content=\"https:\/\/digitalx.pt\/rm2\/wp-content\/uploads\/2024\/08\/Pedaleira-para-exercicio-com-barra.jpg\" \/>\n\t<meta property=\"og:image:width\" content=\"512\" \/>\n\t<meta property=\"og:image:height\" content=\"512\" \/>\n\t<meta property=\"og:image:type\" content=\"image\/jpeg\" \/>\n<meta name=\"twitter:card\" content=\"summary_large_image\" \/>\n<meta name=\"twitter:label1\" content=\"Tempo estimado de leitura\" \/>\n\t<meta name=\"twitter:data1\" content=\"2 minutos\" \/>\n<script type=\"application\/ld+json\" class=\"yoast-schema-graph\">{\"@context\":\"https:\/\/schema.org\",\"@graph\":[{\"@type\":\"WebPage\",\"@id\":\"https:\/\/digitalx.pt\/rm2\/produto\/biort-pedaleira-para-exercicio-com-barra\/\",\"url\":\"https:\/\/digitalx.pt\/rm2\/produto\/biort-pedaleira-para-exercicio-com-barra\/\",\"name\":\"Biort - Pedaleira para exerc\u00edcio com barra - Resid\u00eancias Montepio\",\"isPartOf\":{\"@id\":\"https:\/\/digitalx.pt\/rm2\/#website\"},\"primaryImageOfPage\":{\"@id\":\"https:\/\/digitalx.pt\/rm2\/produto\/biort-pedaleira-para-exercicio-com-barra\/#primaryimage\"},\"image\":{\"@id\":\"https:\/\/digitalx.pt\/rm2\/produto\/biort-pedaleira-para-exercicio-com-barra\/#primaryimage\"},\"thumbnailUrl\":\"https:\/\/digitalx.pt\/rm2\/wp-content\/uploads\/2024\/08\/Pedaleira-para-exercicio-com-barra.jpg\",\"datePublished\":\"2024-08-20T13:41:09+00:00\",\"dateModified\":\"2025-06-17T10:41:44+00:00\",\"description\":\"Pedaleira para exerc\u00edcio com barra, sistema mec\u00e2nico fixo, borrachas antiderrapantes, ajust\u00e1vel, ideal para fortalecer membros inferiores e superiores.\",\"breadcrumb\":{\"@id\":\"https:\/\/digitalx.pt\/rm2\/produto\/biort-pedaleira-para-exercicio-com-barra\/#breadcrumb\"},\"inLanguage\":\"pt-PT\",\"potentialAction\":[{\"@type\":\"ReadAction\",\"target\":[\"https:\/\/digitalx.pt\/rm2\/produto\/biort-pedaleira-para-exercicio-com-barra\/\"]}]},{\"@type\":\"ImageObject\",\"inLanguage\":\"pt-PT\",\"@id\":\"https:\/\/digitalx.pt\/rm2\/produto\/biort-pedaleira-para-exercicio-com-barra\/#primaryimage\",\"url\":\"https:\/\/digitalx.pt\/rm2\/wp-content\/uploads\/2024\/08\/Pedaleira-para-exercicio-com-barra.jpg\",\"contentUrl\":\"https:\/\/digitalx.pt\/rm2\/wp-content\/uploads\/2024\/08\/Pedaleira-para-exercicio-com-barra.jpg\",\"width\":512,\"height\":512,\"caption\":\"Pedaleira para exerc\u00edcio com barra\"},{\"@type\":\"BreadcrumbList\",\"@id\":\"https:\/\/digitalx.pt\/rm2\/produto\/biort-pedaleira-para-exercicio-com-barra\/#breadcrumb\",\"itemListElement\":[{\"@type\":\"ListItem\",\"position\":1,\"name\":\"In\u00edcio\",\"item\":\"https:\/\/digitalx.pt\/rm2\/\"},{\"@type\":\"ListItem\",\"position\":2,\"name\":\"Produtos\",\"item\":\"https:\/\/digitalx.pt\/rm2\/shop\/\"},{\"@type\":\"ListItem\",\"position\":3,\"name\":\"Biort &#8211; Pedaleira para exerc\u00edcio com barra\"}]},{\"@type\":\"WebSite\",\"@id\":\"https:\/\/digitalx.pt\/rm2\/#website\",\"url\":\"https:\/\/digitalx.pt\/rm2\/\",\"name\":\"Resid\u00eancias Montepio\",\"description\":\"Resid\u00eancias Montepio Servi\u00e7os de Saude SA\",\"publisher\":{\"@id\":\"https:\/\/digitalx.pt\/rm2\/#organization\"},\"potentialAction\":[{\"@type\":\"SearchAction\",\"target\":{\"@type\":\"EntryPoint\",\"urlTemplate\":\"https:\/\/digitalx.pt\/rm2\/?s={search_term_string}\"},\"query-input\":{\"@type\":\"PropertyValueSpecification\",\"valueRequired\":true,\"valueName\":\"search_term_string\"}}],\"inLanguage\":\"pt-PT\"},{\"@type\":\"Organization\",\"@id\":\"https:\/\/digitalx.pt\/rm2\/#organization\",\"name\":\"Resid\u00eancias Montepio\",\"url\":\"https:\/\/digitalx.pt\/rm2\/\",\"logo\":{\"@type\":\"ImageObject\",\"inLanguage\":\"pt-PT\",\"@id\":\"https:\/\/digitalx.pt\/rm2\/#\/schema\/logo\/image\/\",\"url\":\"https:\/\/digitalx.pt\/rm2\/wp-content\/uploads\/2024\/03\/favicon.svg\",\"contentUrl\":\"https:\/\/digitalx.pt\/rm2\/wp-content\/uploads\/2024\/03\/favicon.svg\",\"width\":1,\"height\":1,\"caption\":\"Resid\u00eancias Montepio\"},\"image\":{\"@id\":\"https:\/\/digitalx.pt\/rm2\/#\/schema\/logo\/image\/\"},\"sameAs\":[\"https:\/\/m.facebook.com\/residenciasmontepio.sa\/\",\"https:\/\/www.instagram.com\/residenciasmontepio\/\"]}]}<\/script>\n<!-- \/ Yoast SEO plugin. -->","yoast_head_json":{"title":"Biort - Pedaleira para exerc\u00edcio com barra - Resid\u00eancias Montepio","description":"Pedaleira para exerc\u00edcio com barra, sistema mec\u00e2nico fixo, borrachas antiderrapantes, ajust\u00e1vel, ideal para fortalecer membros inferiores e superiores.","robots":{"index":"index","follow":"follow","max-snippet":"max-snippet:-1","max-image-preview":"max-image-preview:large","max-video-preview":"max-video-preview:-1"},"canonical":"https:\/\/digitalx.pt\/rm2\/produto\/biort-pedaleira-para-exercicio-com-barra\/","og_locale":"pt_PT","og_type":"article","og_title":"Biort - Pedaleira para exerc\u00edcio com barra - Resid\u00eancias Montepio","og_description":"Pedaleira para exerc\u00edcio com barra, sistema mec\u00e2nico fixo, borrachas antiderrapantes, ajust\u00e1vel, ideal para fortalecer membros inferiores e superiores.","og_url":"https:\/\/digitalx.pt\/rm2\/produto\/biort-pedaleira-para-exercicio-com-barra\/","og_site_name":"Resid\u00eancias Montepio","article_publisher":"https:\/\/m.facebook.com\/residenciasmontepio.sa\/","article_modified_time":"2025-06-17T10:41:44+00:00","og_image":[{"width":512,"height":512,"url":"https:\/\/digitalx.pt\/rm2\/wp-content\/uploads\/2024\/08\/Pedaleira-para-exercicio-com-barra.jpg","type":"image\/jpeg"}],"twitter_card":"summary_large_image","twitter_misc":{"Tempo estimado de leitura":"2 minutos"},"schema":{"@context":"https:\/\/schema.org","@graph":[{"@type":"WebPage","@id":"https:\/\/digitalx.pt\/rm2\/produto\/biort-pedaleira-para-exercicio-com-barra\/","url":"https:\/\/digitalx.pt\/rm2\/produto\/biort-pedaleira-para-exercicio-com-barra\/","name":"Biort - Pedaleira para exerc\u00edcio com barra - Resid\u00eancias Montepio","isPartOf":{"@id":"https:\/\/digitalx.pt\/rm2\/#website"},"primaryImageOfPage":{"@id":"https:\/\/digitalx.pt\/rm2\/produto\/biort-pedaleira-para-exercicio-com-barra\/#primaryimage"},"image":{"@id":"https:\/\/digitalx.pt\/rm2\/produto\/biort-pedaleira-para-exercicio-com-barra\/#primaryimage"},"thumbnailUrl":"https:\/\/digitalx.pt\/rm2\/wp-content\/uploads\/2024\/08\/Pedaleira-para-exercicio-com-barra.jpg","datePublished":"2024-08-20T13:41:09+00:00","dateModified":"2025-06-17T10:41:44+00:00","description":"Pedaleira para exerc\u00edcio com barra, sistema mec\u00e2nico fixo, borrachas antiderrapantes, ajust\u00e1vel, ideal para fortalecer membros inferiores e superiores.","breadcrumb":{"@id":"https:\/\/digitalx.pt\/rm2\/produto\/biort-pedaleira-para-exercicio-com-barra\/#breadcrumb"},"inLanguage":"pt-PT","potentialAction":[{"@type":"ReadAction","target":["https:\/\/digitalx.pt\/rm2\/produto\/biort-pedaleira-para-exercicio-com-barra\/"]}]},{"@type":"ImageObject","inLanguage":"pt-PT","@id":"https:\/\/digitalx.pt\/rm2\/produto\/biort-pedaleira-para-exercicio-com-barra\/#primaryimage","url":"https:\/\/digitalx.pt\/rm2\/wp-content\/uploads\/2024\/08\/Pedaleira-para-exercicio-com-barra.jpg","contentUrl":"https:\/\/digitalx.pt\/rm2\/wp-content\/uploads\/2024\/08\/Pedaleira-para-exercicio-com-barra.jpg","width":512,"height":512,"caption":"Pedaleira para exerc\u00edcio com barra"},{"@type":"BreadcrumbList","@id":"https:\/\/digitalx.pt\/rm2\/produto\/biort-pedaleira-para-exercicio-com-barra\/#breadcrumb","itemListElement":[{"@type":"ListItem","position":1,"name":"In\u00edcio","item":"https:\/\/digitalx.pt\/rm2\/"},{"@type":"ListItem","position":2,"name":"Produtos","item":"https:\/\/digitalx.pt\/rm2\/shop\/"},{"@type":"ListItem","position":3,"name":"Biort &#8211; Pedaleira para exerc\u00edcio com barra"}]},{"@type":"WebSite","@id":"https:\/\/digitalx.pt\/rm2\/#website","url":"https:\/\/digitalx.pt\/rm2\/","name":"Resid\u00eancias Montepio","description":"Resid\u00eancias Montepio Servi\u00e7os de Saude SA","publisher":{"@id":"https:\/\/digitalx.pt\/rm2\/#organization"},"potentialAction":[{"@type":"SearchAction","target":{"@type":"EntryPoint","urlTemplate":"https:\/\/digitalx.pt\/rm2\/?s={search_term_string}"},"query-input":{"@type":"PropertyValueSpecification","valueRequired":true,"valueName":"search_term_string"}}],"inLanguage":"pt-PT"},{"@type":"Organization","@id":"https:\/\/digitalx.pt\/rm2\/#organization","name":"Resid\u00eancias Montepio","url":"https:\/\/digitalx.pt\/rm2\/","logo":{"@type":"ImageObject","inLanguage":"pt-PT","@id":"https:\/\/digitalx.pt\/rm2\/#\/schema\/logo\/image\/","url":"https:\/\/digitalx.pt\/rm2\/wp-content\/uploads\/2024\/03\/favicon.svg","contentUrl":"https:\/\/digitalx.pt\/rm2\/wp-content\/uploads\/2024\/03\/favicon.svg","width":1,"height":1,"caption":"Resid\u00eancias Montepio"},"image":{"@id":"https:\/\/digitalx.pt\/rm2\/#\/schema\/logo\/image\/"},"sameAs":["https:\/\/m.facebook.com\/residenciasmontepio.sa\/","https:\/\/www.instagram.com\/residenciasmontepio\/"]}]}},"_links":{"self":[{"href":"https:\/\/digitalx.pt\/rm2\/wp-json\/wp\/v2\/product\/16800","targetHints":{"allow":["GET"]}}],"collection":[{"href":"https:\/\/digitalx.pt\/rm2\/wp-json\/wp\/v2\/product"}],"about":[{"href":"https:\/\/digitalx.pt\/rm2\/wp-json\/wp\/v2\/types\/product"}],"wp:featuredmedia":[{"embeddable":true,"href":"https:\/\/digitalx.pt\/rm2\/wp-json\/wp\/v2\/media\/16801"}],"wp:attachment":[{"href":"https:\/\/digitalx.pt\/rm2\/wp-json\/wp\/v2\/media?parent=16800"}],"wp:term":[{"taxonomy":"product_brand","embeddable":true,"href":"https:\/\/digitalx.pt\/rm2\/wp-json\/wp\/v2\/product_brand?post=16800"},{"taxonomy":"product_cat","embeddable":true,"href":"https:\/\/digitalx.pt\/rm2\/wp-json\/wp\/v2\/product_cat?post=16800"},{"taxonomy":"product_tag","embeddable":true,"href":"https:\/\/digitalx.pt\/rm2\/wp-json\/wp\/v2\/product_tag?post=16800"}],"curies":[{"name":"wp","href":"https:\/\/api.w.org\/{rel}","templated":true}]}}