{"id":17087,"date":"2024-09-13T11:04:06","date_gmt":"2024-09-13T11:04:06","guid":{"rendered":"https:\/\/digitalx.pt\/rm2\/?post_type=product&#038;p=17087"},"modified":"2025-06-16T15:53:42","modified_gmt":"2025-06-16T15:53:42","slug":"homecraft-cuidar-colher-ponta-adaptavel-para-sobremesa","status":"publish","type":"product","link":"https:\/\/digitalx.pt\/rm2\/produto\/homecraft-cuidar-colher-ponta-adaptavel-para-sobremesa\/","title":{"rendered":"Colher ponta adapt\u00e1vel para sobremesa &#8211; Homecraft Cuidar"},"content":{"rendered":"<p>A Colher Ponta Adapt\u00e1vel Homecraft Cuidar \u00e9 um utens\u00edlio inovador, projetado especialmente para pessoas com perda de for\u00e7a no pulso, dificuldades de preens\u00e3o ou desafios ao se alimentar. O cabo espesso proporciona um aperto confort\u00e1vel e seguro, enquanto a tor\u00e7\u00e3o no eixo met\u00e1lico permite que a colher seja ajustada em qualquer \u00e2ngulo para adaptar-se ao movimento do pulso. Ideal para facilitar a alimenta\u00e7\u00e3o de forma pr\u00e1tica e ergon\u00f3mica. Este produto \u00e9 livre de BPA, ftalatos e l\u00e1tex, podendo ser lavado a temperaturas de at\u00e9 125 \u00b0C, garantindo higiene e seguran\u00e7a. Fabricado no Reino Unido.<\/p>\n<p><strong>Caracter\u00edsticas:<\/strong><\/p>\n<ul>\n<li>Utens\u00edlio vers\u00e1til que podem ser repetidamente angulados ou posicionados.<\/li>\n<li>Estes utens\u00edlios s\u00e3o ideais para perdas de for\u00e7a no pulso, na preens\u00e3o ou dificuldades na tarefa de se alimentar<\/li>\n<li>O cabo espesso fornece um aperto confort\u00e1vel e seguro.<\/li>\n<li>A tor\u00e7\u00e3o original no eixo met\u00e1lico permite que o utens\u00edlio seja dobrado em qualquer \u00e2ngulo para acomodar o movimento do pulso.<\/li>\n<\/ul>\n<ol>\n<li>Segure o cabo firmemente<\/li>\n<li>Pressione a pressa para a esquerda ou para a direita<\/li>\n<li>Adaptar \u00e0 necessidade do usu\u00e1rio<\/li>\n<\/ol>\n<ul>\n<li>Livre de BPA, ftalatos e l\u00e1tex.<\/li>\n<li>Lav\u00e1veis at\u00e9 125 \u00b0<\/li>\n<\/ul>\n<p>Marca: Homecraft<br \/>\nOrigem: Reino Unido<\/p>\n","protected":false},"excerpt":{"rendered":"<p>Colher adapt\u00e1vel com cabo ergon\u00f3mico e ajust\u00e1vel para facilitar a alimenta\u00e7\u00e3o. Livre de BPA, ftalatos e l\u00e1tex.<\/p>\n","protected":false},"featured_media":17088,"template":"","meta":[],"product_brand":[],"product_cat":[105,106,40,42],"product_tag":[],"class_list":{"0":"post-17087","1":"product","2":"type-product","3":"status-publish","4":"has-post-thumbnail","6":"product_cat-ajudas-uteis-diarias","7":"product_cat-atividade-vida-diaria","8":"product_cat-ortopedia","9":"product_cat-produtos-de-apoio","11":"first","12":"instock","13":"taxable","14":"shipping-taxable","15":"purchasable","16":"product-type-simple"},"yoast_head":"<!-- This site is optimized with the Yoast SEO plugin v27.0 - https:\/\/yoast.com\/product\/yoast-seo-wordpress\/ -->\n<title>Colher Adapt\u00e1vel Homecraft Cuidar - Sobremesa<\/title>\n<meta name=\"description\" content=\"Colher adapt\u00e1vel Homecraft para facilitar a alimenta\u00e7\u00e3o, com cabo ajust\u00e1vel. Livre de BPA, ftalatos e l\u00e1tex. Lav\u00e1vel at\u00e9 125 \u00b0C.\" \/>\n<meta name=\"robots\" content=\"index, follow, max-snippet:-1, max-image-preview:large, max-video-preview:-1\" \/>\n<link rel=\"canonical\" href=\"https:\/\/digitalx.pt\/rm2\/produto\/homecraft-cuidar-colher-ponta-adaptavel-para-sobremesa\/\" \/>\n<meta property=\"og:locale\" content=\"pt_PT\" \/>\n<meta property=\"og:type\" content=\"article\" \/>\n<meta property=\"og:title\" content=\"Colher Adapt\u00e1vel Homecraft Cuidar - Sobremesa\" \/>\n<meta property=\"og:description\" content=\"Colher adapt\u00e1vel Homecraft para facilitar a alimenta\u00e7\u00e3o, com cabo ajust\u00e1vel. Livre de BPA, ftalatos e l\u00e1tex. Lav\u00e1vel at\u00e9 125 \u00b0C.\" \/>\n<meta property=\"og:url\" content=\"https:\/\/digitalx.pt\/rm2\/produto\/homecraft-cuidar-colher-ponta-adaptavel-para-sobremesa\/\" \/>\n<meta property=\"og:site_name\" content=\"Resid\u00eancias Montepio\" \/>\n<meta property=\"article:publisher\" content=\"https:\/\/m.facebook.com\/residenciasmontepio.sa\/\" \/>\n<meta property=\"article:modified_time\" content=\"2025-06-16T15:53:42+00:00\" \/>\n<meta name=\"twitter:card\" content=\"summary_large_image\" \/>\n<meta name=\"twitter:label1\" content=\"Tempo estimado de leitura\" \/>\n\t<meta name=\"twitter:data1\" content=\"2 minutos\" \/>\n<script type=\"application\/ld+json\" class=\"yoast-schema-graph\">{\"@context\":\"https:\/\/schema.org\",\"@graph\":[{\"@type\":\"WebPage\",\"@id\":\"https:\/\/digitalx.pt\/rm2\/produto\/homecraft-cuidar-colher-ponta-adaptavel-para-sobremesa\/\",\"url\":\"https:\/\/digitalx.pt\/rm2\/produto\/homecraft-cuidar-colher-ponta-adaptavel-para-sobremesa\/\",\"name\":\"Colher Adapt\u00e1vel Homecraft Cuidar - Sobremesa\",\"isPartOf\":{\"@id\":\"https:\/\/digitalx.pt\/rm2\/#website\"},\"primaryImageOfPage\":{\"@id\":\"https:\/\/digitalx.pt\/rm2\/produto\/homecraft-cuidar-colher-ponta-adaptavel-para-sobremesa\/#primaryimage\"},\"image\":{\"@id\":\"https:\/\/digitalx.pt\/rm2\/produto\/homecraft-cuidar-colher-ponta-adaptavel-para-sobremesa\/#primaryimage\"},\"thumbnailUrl\":\"https:\/\/digitalx.pt\/rm2\/wp-content\/uploads\/2024\/09\/colher-adaptada-sobremesa.avif\",\"datePublished\":\"2024-09-13T11:04:06+00:00\",\"dateModified\":\"2025-06-16T15:53:42+00:00\",\"description\":\"Colher adapt\u00e1vel Homecraft para facilitar a alimenta\u00e7\u00e3o, com cabo ajust\u00e1vel. Livre de BPA, ftalatos e l\u00e1tex. Lav\u00e1vel at\u00e9 125 \u00b0C.\",\"breadcrumb\":{\"@id\":\"https:\/\/digitalx.pt\/rm2\/produto\/homecraft-cuidar-colher-ponta-adaptavel-para-sobremesa\/#breadcrumb\"},\"inLanguage\":\"pt-PT\",\"potentialAction\":[{\"@type\":\"ReadAction\",\"target\":[\"https:\/\/digitalx.pt\/rm2\/produto\/homecraft-cuidar-colher-ponta-adaptavel-para-sobremesa\/\"]}]},{\"@type\":\"ImageObject\",\"inLanguage\":\"pt-PT\",\"@id\":\"https:\/\/digitalx.pt\/rm2\/produto\/homecraft-cuidar-colher-ponta-adaptavel-para-sobremesa\/#primaryimage\",\"url\":\"https:\/\/digitalx.pt\/rm2\/wp-content\/uploads\/2024\/09\/colher-adaptada-sobremesa.avif\",\"contentUrl\":\"https:\/\/digitalx.pt\/rm2\/wp-content\/uploads\/2024\/09\/colher-adaptada-sobremesa.avif\",\"width\":512,\"height\":512},{\"@type\":\"BreadcrumbList\",\"@id\":\"https:\/\/digitalx.pt\/rm2\/produto\/homecraft-cuidar-colher-ponta-adaptavel-para-sobremesa\/#breadcrumb\",\"itemListElement\":[{\"@type\":\"ListItem\",\"position\":1,\"name\":\"In\u00edcio\",\"item\":\"https:\/\/digitalx.pt\/rm2\/\"},{\"@type\":\"ListItem\",\"position\":2,\"name\":\"Produtos\",\"item\":\"https:\/\/digitalx.pt\/rm2\/shop\/\"},{\"@type\":\"ListItem\",\"position\":3,\"name\":\"Colher ponta adapt\u00e1vel para sobremesa &#8211; Homecraft Cuidar\"}]},{\"@type\":\"WebSite\",\"@id\":\"https:\/\/digitalx.pt\/rm2\/#website\",\"url\":\"https:\/\/digitalx.pt\/rm2\/\",\"name\":\"Resid\u00eancias Montepio\",\"description\":\"Resid\u00eancias Montepio Servi\u00e7os de Saude SA\",\"publisher\":{\"@id\":\"https:\/\/digitalx.pt\/rm2\/#organization\"},\"potentialAction\":[{\"@type\":\"SearchAction\",\"target\":{\"@type\":\"EntryPoint\",\"urlTemplate\":\"https:\/\/digitalx.pt\/rm2\/?s={search_term_string}\"},\"query-input\":{\"@type\":\"PropertyValueSpecification\",\"valueRequired\":true,\"valueName\":\"search_term_string\"}}],\"inLanguage\":\"pt-PT\"},{\"@type\":\"Organization\",\"@id\":\"https:\/\/digitalx.pt\/rm2\/#organization\",\"name\":\"Resid\u00eancias Montepio\",\"url\":\"https:\/\/digitalx.pt\/rm2\/\",\"logo\":{\"@type\":\"ImageObject\",\"inLanguage\":\"pt-PT\",\"@id\":\"https:\/\/digitalx.pt\/rm2\/#\/schema\/logo\/image\/\",\"url\":\"https:\/\/digitalx.pt\/rm2\/wp-content\/uploads\/2024\/03\/favicon.svg\",\"contentUrl\":\"https:\/\/digitalx.pt\/rm2\/wp-content\/uploads\/2024\/03\/favicon.svg\",\"width\":1,\"height\":1,\"caption\":\"Resid\u00eancias Montepio\"},\"image\":{\"@id\":\"https:\/\/digitalx.pt\/rm2\/#\/schema\/logo\/image\/\"},\"sameAs\":[\"https:\/\/m.facebook.com\/residenciasmontepio.sa\/\",\"https:\/\/www.instagram.com\/residenciasmontepio\/\"]}]}<\/script>\n<!-- \/ Yoast SEO plugin. -->","yoast_head_json":{"title":"Colher Adapt\u00e1vel Homecraft Cuidar - Sobremesa","description":"Colher adapt\u00e1vel Homecraft para facilitar a alimenta\u00e7\u00e3o, com cabo ajust\u00e1vel. Livre de BPA, ftalatos e l\u00e1tex. Lav\u00e1vel at\u00e9 125 \u00b0C.","robots":{"index":"index","follow":"follow","max-snippet":"max-snippet:-1","max-image-preview":"max-image-preview:large","max-video-preview":"max-video-preview:-1"},"canonical":"https:\/\/digitalx.pt\/rm2\/produto\/homecraft-cuidar-colher-ponta-adaptavel-para-sobremesa\/","og_locale":"pt_PT","og_type":"article","og_title":"Colher Adapt\u00e1vel Homecraft Cuidar - Sobremesa","og_description":"Colher adapt\u00e1vel Homecraft para facilitar a alimenta\u00e7\u00e3o, com cabo ajust\u00e1vel. Livre de BPA, ftalatos e l\u00e1tex. Lav\u00e1vel at\u00e9 125 \u00b0C.","og_url":"https:\/\/digitalx.pt\/rm2\/produto\/homecraft-cuidar-colher-ponta-adaptavel-para-sobremesa\/","og_site_name":"Resid\u00eancias Montepio","article_publisher":"https:\/\/m.facebook.com\/residenciasmontepio.sa\/","article_modified_time":"2025-06-16T15:53:42+00:00","twitter_card":"summary_large_image","twitter_misc":{"Tempo estimado de leitura":"2 minutos"},"schema":{"@context":"https:\/\/schema.org","@graph":[{"@type":"WebPage","@id":"https:\/\/digitalx.pt\/rm2\/produto\/homecraft-cuidar-colher-ponta-adaptavel-para-sobremesa\/","url":"https:\/\/digitalx.pt\/rm2\/produto\/homecraft-cuidar-colher-ponta-adaptavel-para-sobremesa\/","name":"Colher Adapt\u00e1vel Homecraft Cuidar - Sobremesa","isPartOf":{"@id":"https:\/\/digitalx.pt\/rm2\/#website"},"primaryImageOfPage":{"@id":"https:\/\/digitalx.pt\/rm2\/produto\/homecraft-cuidar-colher-ponta-adaptavel-para-sobremesa\/#primaryimage"},"image":{"@id":"https:\/\/digitalx.pt\/rm2\/produto\/homecraft-cuidar-colher-ponta-adaptavel-para-sobremesa\/#primaryimage"},"thumbnailUrl":"https:\/\/digitalx.pt\/rm2\/wp-content\/uploads\/2024\/09\/colher-adaptada-sobremesa.avif","datePublished":"2024-09-13T11:04:06+00:00","dateModified":"2025-06-16T15:53:42+00:00","description":"Colher adapt\u00e1vel Homecraft para facilitar a alimenta\u00e7\u00e3o, com cabo ajust\u00e1vel. Livre de BPA, ftalatos e l\u00e1tex. Lav\u00e1vel at\u00e9 125 \u00b0C.","breadcrumb":{"@id":"https:\/\/digitalx.pt\/rm2\/produto\/homecraft-cuidar-colher-ponta-adaptavel-para-sobremesa\/#breadcrumb"},"inLanguage":"pt-PT","potentialAction":[{"@type":"ReadAction","target":["https:\/\/digitalx.pt\/rm2\/produto\/homecraft-cuidar-colher-ponta-adaptavel-para-sobremesa\/"]}]},{"@type":"ImageObject","inLanguage":"pt-PT","@id":"https:\/\/digitalx.pt\/rm2\/produto\/homecraft-cuidar-colher-ponta-adaptavel-para-sobremesa\/#primaryimage","url":"https:\/\/digitalx.pt\/rm2\/wp-content\/uploads\/2024\/09\/colher-adaptada-sobremesa.avif","contentUrl":"https:\/\/digitalx.pt\/rm2\/wp-content\/uploads\/2024\/09\/colher-adaptada-sobremesa.avif","width":512,"height":512},{"@type":"BreadcrumbList","@id":"https:\/\/digitalx.pt\/rm2\/produto\/homecraft-cuidar-colher-ponta-adaptavel-para-sobremesa\/#breadcrumb","itemListElement":[{"@type":"ListItem","position":1,"name":"In\u00edcio","item":"https:\/\/digitalx.pt\/rm2\/"},{"@type":"ListItem","position":2,"name":"Produtos","item":"https:\/\/digitalx.pt\/rm2\/shop\/"},{"@type":"ListItem","position":3,"name":"Colher ponta adapt\u00e1vel para sobremesa &#8211; Homecraft Cuidar"}]},{"@type":"WebSite","@id":"https:\/\/digitalx.pt\/rm2\/#website","url":"https:\/\/digitalx.pt\/rm2\/","name":"Resid\u00eancias Montepio","description":"Resid\u00eancias Montepio Servi\u00e7os de Saude SA","publisher":{"@id":"https:\/\/digitalx.pt\/rm2\/#organization"},"potentialAction":[{"@type":"SearchAction","target":{"@type":"EntryPoint","urlTemplate":"https:\/\/digitalx.pt\/rm2\/?s={search_term_string}"},"query-input":{"@type":"PropertyValueSpecification","valueRequired":true,"valueName":"search_term_string"}}],"inLanguage":"pt-PT"},{"@type":"Organization","@id":"https:\/\/digitalx.pt\/rm2\/#organization","name":"Resid\u00eancias Montepio","url":"https:\/\/digitalx.pt\/rm2\/","logo":{"@type":"ImageObject","inLanguage":"pt-PT","@id":"https:\/\/digitalx.pt\/rm2\/#\/schema\/logo\/image\/","url":"https:\/\/digitalx.pt\/rm2\/wp-content\/uploads\/2024\/03\/favicon.svg","contentUrl":"https:\/\/digitalx.pt\/rm2\/wp-content\/uploads\/2024\/03\/favicon.svg","width":1,"height":1,"caption":"Resid\u00eancias Montepio"},"image":{"@id":"https:\/\/digitalx.pt\/rm2\/#\/schema\/logo\/image\/"},"sameAs":["https:\/\/m.facebook.com\/residenciasmontepio.sa\/","https:\/\/www.instagram.com\/residenciasmontepio\/"]}]}},"_links":{"self":[{"href":"https:\/\/digitalx.pt\/rm2\/wp-json\/wp\/v2\/product\/17087","targetHints":{"allow":["GET"]}}],"collection":[{"href":"https:\/\/digitalx.pt\/rm2\/wp-json\/wp\/v2\/product"}],"about":[{"href":"https:\/\/digitalx.pt\/rm2\/wp-json\/wp\/v2\/types\/product"}],"wp:featuredmedia":[{"embeddable":true,"href":"https:\/\/digitalx.pt\/rm2\/wp-json\/wp\/v2\/media\/17088"}],"wp:attachment":[{"href":"https:\/\/digitalx.pt\/rm2\/wp-json\/wp\/v2\/media?parent=17087"}],"wp:term":[{"taxonomy":"product_brand","embeddable":true,"href":"https:\/\/digitalx.pt\/rm2\/wp-json\/wp\/v2\/product_brand?post=17087"},{"taxonomy":"product_cat","embeddable":true,"href":"https:\/\/digitalx.pt\/rm2\/wp-json\/wp\/v2\/product_cat?post=17087"},{"taxonomy":"product_tag","embeddable":true,"href":"https:\/\/digitalx.pt\/rm2\/wp-json\/wp\/v2\/product_tag?post=17087"}],"curies":[{"name":"wp","href":"https:\/\/api.w.org\/{rel}","templated":true}]}}