{"id":17172,"date":"2024-10-11T16:05:44","date_gmt":"2024-10-11T16:05:44","guid":{"rendered":"https:\/\/digitalx.pt\/rm2\/?post_type=product&#038;p=17172"},"modified":"2025-06-17T10:44:42","modified_gmt":"2025-06-17T10:44:42","slug":"boxia-ortotese-antiequino-xs-ao-l-preto","status":"publish","type":"product","link":"https:\/\/digitalx.pt\/rm2\/produto\/boxia-ortotese-antiequino-xs-ao-l-preto\/","title":{"rendered":"BOXIA\u00ae &#8211; Ortotese Antiequino (XS ao L) &#8211; Preto"},"content":{"rendered":"<p>A Ortotese Antiequino BOXIA\u00ae \u00e9 um dispositivo inovador que oferece seguran\u00e7a e conforto na marcha. Com uma cinta supramaleolar ajust\u00e1vel e uma bra\u00e7adeira de fixa\u00e7\u00e3o antideslizante, ela \u00e9 ideal para elevar a parte dianteira do antep\u00e9 e permitir uma flex\u00e3o plantar suave. As almofadas em gel, integradas na zona posterior e frontal da cinta, proporcionam conforto extra, especialmente no tend\u00e3o de Aquiles, enquanto o revestimento no peito do p\u00e9 evita fric\u00e7\u00f5es indesejadas. F\u00e1cil de usar e discreto, este dispositivo \u00e9 perfeito para evitar quedas em superf\u00edcies irregulares. Dispon\u00edvel em v\u00e1rias tamanhos (XS ao L) e na cor preta.<\/p>\n<p><strong>Caracter\u00edsticas:<\/strong><\/p>\n<ul>\n<li>O dispositivo \u00ae \u00e9 composto por dois componentes, uma cinta supramaleolar por cima dos mal\u00e9olos e uma bra\u00e7adeira de fixa\u00e7\u00e3o antideslizante para permitir a uni\u00e3o ao sapato (requisito indispens\u00e1vel em modelos de atacador).<\/li>\n<li>Ambas as partes s\u00e3o unidas por um sistema de trac\u00e7\u00e3o el\u00e1stico ajust\u00e1vel para uma melhor flex\u00e3o;<\/li>\n<li>A zona posterior e fontal da cinta integram uma almofadada em gel para extra conforto no tend\u00e3o de Aquiles;<\/li>\n<li>A zona do peito do p\u00e9 \u00e9 revestida para evitar fric\u00e7\u00f5es e evitar compress\u00e3o n\u00e3o desejada.<\/li>\n<\/ul>\n<p><strong>Funcionalidades:<\/strong><\/p>\n<ul>\n<li>Eleva a parte dianteira do ante p\u00e9, permitindo uma flex\u00e3o plantar no apoio do calcanhar aquando da marcha;<\/li>\n<li>Evita o risco quedas, especialmente em zonas de piso irregul\u00e1vel;<\/li>\n<li>Produto discreto para n\u00e3o ocupando espa\u00e7o no cal\u00e7ado;<\/li>\n<li>Utiliza\u00e7\u00e3o f\u00e1cil;<\/li>\n<\/ul>\n<p>Marca: Orliman<br \/>\nClassifica\u00e7\u00e3o DM: Classe R &#8211; N\u00e3o est\u00e9ril<\/p>\n","protected":false},"excerpt":{"rendered":"<p>A Ortotese Antiequino BOXIA\u00ae eleva o antep\u00e9, proporcionando uma marcha mais segura e confort\u00e1vel. Design discreto, ajuste flex\u00edvel e almofadas em gel para m\u00e1ximo conforto.<\/p>\n","protected":false},"featured_media":17173,"template":"","meta":[],"product_brand":[],"product_cat":[40,116,42,114],"product_tag":[],"class_list":{"0":"post-17172","1":"product","2":"type-product","3":"status-publish","4":"has-post-thumbnail","6":"product_cat-ortopedia","7":"product_cat-ortoteses","8":"product_cat-produtos-de-apoio","9":"product_cat-produtos-ortopedicos","11":"first","12":"instock","13":"taxable","14":"shipping-taxable","15":"purchasable","16":"product-type-simple"},"yoast_head":"<!-- This site is optimized with the Yoast SEO plugin v27.0 - https:\/\/yoast.com\/product\/yoast-seo-wordpress\/ -->\n<title>BOXIA\u00ae - Ortotese Antiequino (Preto, XS ao L)<\/title>\n<meta name=\"description\" content=\"Ortotese Antiequino BOXIA\u00ae (XS ao L) na cor preta. Conforto, flexibilidade e seguran\u00e7a para evitar quedas durante a marcha. F\u00e1cil de usar e discreto.\" \/>\n<meta name=\"robots\" content=\"index, follow, max-snippet:-1, max-image-preview:large, max-video-preview:-1\" \/>\n<link rel=\"canonical\" href=\"https:\/\/digitalx.pt\/rm2\/produto\/boxia-ortotese-antiequino-xs-ao-l-preto\/\" \/>\n<meta property=\"og:locale\" content=\"pt_PT\" \/>\n<meta property=\"og:type\" content=\"article\" \/>\n<meta property=\"og:title\" content=\"BOXIA\u00ae - Ortotese Antiequino (Preto, XS ao L)\" \/>\n<meta property=\"og:description\" content=\"Ortotese Antiequino BOXIA\u00ae (XS ao L) na cor preta. Conforto, flexibilidade e seguran\u00e7a para evitar quedas durante a marcha. F\u00e1cil de usar e discreto.\" \/>\n<meta property=\"og:url\" content=\"https:\/\/digitalx.pt\/rm2\/produto\/boxia-ortotese-antiequino-xs-ao-l-preto\/\" \/>\n<meta property=\"og:site_name\" content=\"Resid\u00eancias Montepio\" \/>\n<meta property=\"article:publisher\" content=\"https:\/\/m.facebook.com\/residenciasmontepio.sa\/\" \/>\n<meta property=\"article:modified_time\" content=\"2025-06-17T10:44:42+00:00\" \/>\n<meta property=\"og:image\" content=\"https:\/\/digitalx.pt\/rm2\/wp-content\/uploads\/2024\/10\/Ortotese-Antiequino.jpg\" \/>\n\t<meta property=\"og:image:width\" content=\"512\" \/>\n\t<meta property=\"og:image:height\" content=\"512\" \/>\n\t<meta property=\"og:image:type\" content=\"image\/jpeg\" \/>\n<meta name=\"twitter:card\" content=\"summary_large_image\" \/>\n<meta name=\"twitter:label1\" content=\"Tempo estimado de leitura\" \/>\n\t<meta name=\"twitter:data1\" content=\"2 minutos\" \/>\n<script type=\"application\/ld+json\" class=\"yoast-schema-graph\">{\"@context\":\"https:\/\/schema.org\",\"@graph\":[{\"@type\":\"WebPage\",\"@id\":\"https:\/\/digitalx.pt\/rm2\/produto\/boxia-ortotese-antiequino-xs-ao-l-preto\/\",\"url\":\"https:\/\/digitalx.pt\/rm2\/produto\/boxia-ortotese-antiequino-xs-ao-l-preto\/\",\"name\":\"BOXIA\u00ae - Ortotese Antiequino (Preto, XS ao L)\",\"isPartOf\":{\"@id\":\"https:\/\/digitalx.pt\/rm2\/#website\"},\"primaryImageOfPage\":{\"@id\":\"https:\/\/digitalx.pt\/rm2\/produto\/boxia-ortotese-antiequino-xs-ao-l-preto\/#primaryimage\"},\"image\":{\"@id\":\"https:\/\/digitalx.pt\/rm2\/produto\/boxia-ortotese-antiequino-xs-ao-l-preto\/#primaryimage\"},\"thumbnailUrl\":\"https:\/\/digitalx.pt\/rm2\/wp-content\/uploads\/2024\/10\/Ortotese-Antiequino.jpg\",\"datePublished\":\"2024-10-11T16:05:44+00:00\",\"dateModified\":\"2025-06-17T10:44:42+00:00\",\"description\":\"Ortotese Antiequino BOXIA\u00ae (XS ao L) na cor preta. Conforto, flexibilidade e seguran\u00e7a para evitar quedas durante a marcha. F\u00e1cil de usar e discreto.\",\"breadcrumb\":{\"@id\":\"https:\/\/digitalx.pt\/rm2\/produto\/boxia-ortotese-antiequino-xs-ao-l-preto\/#breadcrumb\"},\"inLanguage\":\"pt-PT\",\"potentialAction\":[{\"@type\":\"ReadAction\",\"target\":[\"https:\/\/digitalx.pt\/rm2\/produto\/boxia-ortotese-antiequino-xs-ao-l-preto\/\"]}]},{\"@type\":\"ImageObject\",\"inLanguage\":\"pt-PT\",\"@id\":\"https:\/\/digitalx.pt\/rm2\/produto\/boxia-ortotese-antiequino-xs-ao-l-preto\/#primaryimage\",\"url\":\"https:\/\/digitalx.pt\/rm2\/wp-content\/uploads\/2024\/10\/Ortotese-Antiequino.jpg\",\"contentUrl\":\"https:\/\/digitalx.pt\/rm2\/wp-content\/uploads\/2024\/10\/Ortotese-Antiequino.jpg\",\"width\":512,\"height\":512},{\"@type\":\"BreadcrumbList\",\"@id\":\"https:\/\/digitalx.pt\/rm2\/produto\/boxia-ortotese-antiequino-xs-ao-l-preto\/#breadcrumb\",\"itemListElement\":[{\"@type\":\"ListItem\",\"position\":1,\"name\":\"In\u00edcio\",\"item\":\"https:\/\/digitalx.pt\/rm2\/\"},{\"@type\":\"ListItem\",\"position\":2,\"name\":\"Produtos\",\"item\":\"https:\/\/digitalx.pt\/rm2\/shop\/\"},{\"@type\":\"ListItem\",\"position\":3,\"name\":\"BOXIA\u00ae &#8211; Ortotese Antiequino (XS ao L) &#8211; Preto\"}]},{\"@type\":\"WebSite\",\"@id\":\"https:\/\/digitalx.pt\/rm2\/#website\",\"url\":\"https:\/\/digitalx.pt\/rm2\/\",\"name\":\"Resid\u00eancias Montepio\",\"description\":\"Resid\u00eancias Montepio Servi\u00e7os de Saude SA\",\"publisher\":{\"@id\":\"https:\/\/digitalx.pt\/rm2\/#organization\"},\"potentialAction\":[{\"@type\":\"SearchAction\",\"target\":{\"@type\":\"EntryPoint\",\"urlTemplate\":\"https:\/\/digitalx.pt\/rm2\/?s={search_term_string}\"},\"query-input\":{\"@type\":\"PropertyValueSpecification\",\"valueRequired\":true,\"valueName\":\"search_term_string\"}}],\"inLanguage\":\"pt-PT\"},{\"@type\":\"Organization\",\"@id\":\"https:\/\/digitalx.pt\/rm2\/#organization\",\"name\":\"Resid\u00eancias Montepio\",\"url\":\"https:\/\/digitalx.pt\/rm2\/\",\"logo\":{\"@type\":\"ImageObject\",\"inLanguage\":\"pt-PT\",\"@id\":\"https:\/\/digitalx.pt\/rm2\/#\/schema\/logo\/image\/\",\"url\":\"https:\/\/digitalx.pt\/rm2\/wp-content\/uploads\/2024\/03\/favicon.svg\",\"contentUrl\":\"https:\/\/digitalx.pt\/rm2\/wp-content\/uploads\/2024\/03\/favicon.svg\",\"width\":1,\"height\":1,\"caption\":\"Resid\u00eancias Montepio\"},\"image\":{\"@id\":\"https:\/\/digitalx.pt\/rm2\/#\/schema\/logo\/image\/\"},\"sameAs\":[\"https:\/\/m.facebook.com\/residenciasmontepio.sa\/\",\"https:\/\/www.instagram.com\/residenciasmontepio\/\"]}]}<\/script>\n<!-- \/ Yoast SEO plugin. -->","yoast_head_json":{"title":"BOXIA\u00ae - Ortotese Antiequino (Preto, XS ao L)","description":"Ortotese Antiequino BOXIA\u00ae (XS ao L) na cor preta. Conforto, flexibilidade e seguran\u00e7a para evitar quedas durante a marcha. F\u00e1cil de usar e discreto.","robots":{"index":"index","follow":"follow","max-snippet":"max-snippet:-1","max-image-preview":"max-image-preview:large","max-video-preview":"max-video-preview:-1"},"canonical":"https:\/\/digitalx.pt\/rm2\/produto\/boxia-ortotese-antiequino-xs-ao-l-preto\/","og_locale":"pt_PT","og_type":"article","og_title":"BOXIA\u00ae - Ortotese Antiequino (Preto, XS ao L)","og_description":"Ortotese Antiequino BOXIA\u00ae (XS ao L) na cor preta. Conforto, flexibilidade e seguran\u00e7a para evitar quedas durante a marcha. F\u00e1cil de usar e discreto.","og_url":"https:\/\/digitalx.pt\/rm2\/produto\/boxia-ortotese-antiequino-xs-ao-l-preto\/","og_site_name":"Resid\u00eancias Montepio","article_publisher":"https:\/\/m.facebook.com\/residenciasmontepio.sa\/","article_modified_time":"2025-06-17T10:44:42+00:00","og_image":[{"width":512,"height":512,"url":"https:\/\/digitalx.pt\/rm2\/wp-content\/uploads\/2024\/10\/Ortotese-Antiequino.jpg","type":"image\/jpeg"}],"twitter_card":"summary_large_image","twitter_misc":{"Tempo estimado de leitura":"2 minutos"},"schema":{"@context":"https:\/\/schema.org","@graph":[{"@type":"WebPage","@id":"https:\/\/digitalx.pt\/rm2\/produto\/boxia-ortotese-antiequino-xs-ao-l-preto\/","url":"https:\/\/digitalx.pt\/rm2\/produto\/boxia-ortotese-antiequino-xs-ao-l-preto\/","name":"BOXIA\u00ae - Ortotese Antiequino (Preto, XS ao L)","isPartOf":{"@id":"https:\/\/digitalx.pt\/rm2\/#website"},"primaryImageOfPage":{"@id":"https:\/\/digitalx.pt\/rm2\/produto\/boxia-ortotese-antiequino-xs-ao-l-preto\/#primaryimage"},"image":{"@id":"https:\/\/digitalx.pt\/rm2\/produto\/boxia-ortotese-antiequino-xs-ao-l-preto\/#primaryimage"},"thumbnailUrl":"https:\/\/digitalx.pt\/rm2\/wp-content\/uploads\/2024\/10\/Ortotese-Antiequino.jpg","datePublished":"2024-10-11T16:05:44+00:00","dateModified":"2025-06-17T10:44:42+00:00","description":"Ortotese Antiequino BOXIA\u00ae (XS ao L) na cor preta. Conforto, flexibilidade e seguran\u00e7a para evitar quedas durante a marcha. F\u00e1cil de usar e discreto.","breadcrumb":{"@id":"https:\/\/digitalx.pt\/rm2\/produto\/boxia-ortotese-antiequino-xs-ao-l-preto\/#breadcrumb"},"inLanguage":"pt-PT","potentialAction":[{"@type":"ReadAction","target":["https:\/\/digitalx.pt\/rm2\/produto\/boxia-ortotese-antiequino-xs-ao-l-preto\/"]}]},{"@type":"ImageObject","inLanguage":"pt-PT","@id":"https:\/\/digitalx.pt\/rm2\/produto\/boxia-ortotese-antiequino-xs-ao-l-preto\/#primaryimage","url":"https:\/\/digitalx.pt\/rm2\/wp-content\/uploads\/2024\/10\/Ortotese-Antiequino.jpg","contentUrl":"https:\/\/digitalx.pt\/rm2\/wp-content\/uploads\/2024\/10\/Ortotese-Antiequino.jpg","width":512,"height":512},{"@type":"BreadcrumbList","@id":"https:\/\/digitalx.pt\/rm2\/produto\/boxia-ortotese-antiequino-xs-ao-l-preto\/#breadcrumb","itemListElement":[{"@type":"ListItem","position":1,"name":"In\u00edcio","item":"https:\/\/digitalx.pt\/rm2\/"},{"@type":"ListItem","position":2,"name":"Produtos","item":"https:\/\/digitalx.pt\/rm2\/shop\/"},{"@type":"ListItem","position":3,"name":"BOXIA\u00ae &#8211; Ortotese Antiequino (XS ao L) &#8211; Preto"}]},{"@type":"WebSite","@id":"https:\/\/digitalx.pt\/rm2\/#website","url":"https:\/\/digitalx.pt\/rm2\/","name":"Resid\u00eancias Montepio","description":"Resid\u00eancias Montepio Servi\u00e7os de Saude SA","publisher":{"@id":"https:\/\/digitalx.pt\/rm2\/#organization"},"potentialAction":[{"@type":"SearchAction","target":{"@type":"EntryPoint","urlTemplate":"https:\/\/digitalx.pt\/rm2\/?s={search_term_string}"},"query-input":{"@type":"PropertyValueSpecification","valueRequired":true,"valueName":"search_term_string"}}],"inLanguage":"pt-PT"},{"@type":"Organization","@id":"https:\/\/digitalx.pt\/rm2\/#organization","name":"Resid\u00eancias Montepio","url":"https:\/\/digitalx.pt\/rm2\/","logo":{"@type":"ImageObject","inLanguage":"pt-PT","@id":"https:\/\/digitalx.pt\/rm2\/#\/schema\/logo\/image\/","url":"https:\/\/digitalx.pt\/rm2\/wp-content\/uploads\/2024\/03\/favicon.svg","contentUrl":"https:\/\/digitalx.pt\/rm2\/wp-content\/uploads\/2024\/03\/favicon.svg","width":1,"height":1,"caption":"Resid\u00eancias Montepio"},"image":{"@id":"https:\/\/digitalx.pt\/rm2\/#\/schema\/logo\/image\/"},"sameAs":["https:\/\/m.facebook.com\/residenciasmontepio.sa\/","https:\/\/www.instagram.com\/residenciasmontepio\/"]}]}},"_links":{"self":[{"href":"https:\/\/digitalx.pt\/rm2\/wp-json\/wp\/v2\/product\/17172","targetHints":{"allow":["GET"]}}],"collection":[{"href":"https:\/\/digitalx.pt\/rm2\/wp-json\/wp\/v2\/product"}],"about":[{"href":"https:\/\/digitalx.pt\/rm2\/wp-json\/wp\/v2\/types\/product"}],"wp:featuredmedia":[{"embeddable":true,"href":"https:\/\/digitalx.pt\/rm2\/wp-json\/wp\/v2\/media\/17173"}],"wp:attachment":[{"href":"https:\/\/digitalx.pt\/rm2\/wp-json\/wp\/v2\/media?parent=17172"}],"wp:term":[{"taxonomy":"product_brand","embeddable":true,"href":"https:\/\/digitalx.pt\/rm2\/wp-json\/wp\/v2\/product_brand?post=17172"},{"taxonomy":"product_cat","embeddable":true,"href":"https:\/\/digitalx.pt\/rm2\/wp-json\/wp\/v2\/product_cat?post=17172"},{"taxonomy":"product_tag","embeddable":true,"href":"https:\/\/digitalx.pt\/rm2\/wp-json\/wp\/v2\/product_tag?post=17172"}],"curies":[{"name":"wp","href":"https:\/\/api.w.org\/{rel}","templated":true}]}}