{"id":17466,"date":"2025-01-22T11:15:30","date_gmt":"2025-01-22T11:15:30","guid":{"rendered":"https:\/\/digitalx.pt\/rm2\/?post_type=product&#038;p=17466"},"modified":"2025-06-17T14:43:19","modified_gmt":"2025-06-17T14:43:19","slug":"almofada-viscoflex-plus-42x42x8cm-systam","status":"publish","type":"product","link":"https:\/\/digitalx.pt\/rm2\/produto\/almofada-viscoflex-plus-42x42x8cm-systam\/","title":{"rendered":"Almofada Viscoflex Plus, 42x42x8cm Systam\u00ae"},"content":{"rendered":"<h3>* Caracter\u00edsticas:<\/h3>\n<p>Indicada e em espuma viscoel\u00e1stica com mem\u00f3ria, a sua forma anat\u00f3mica combinada com as propriedades mec\u00e2nicas da espuma viscoel\u00e1stica permite aumentar a superf\u00edcie de contacto com a almofada, originando uma clara redu\u00e7\u00e3o das press\u00f5es transcut\u00e2neas assim como aumenta a estabilidade e o conforto do paciente.<br \/>\n&#8211; Fruto de uma pesquisa avan\u00e7ada no dom\u00ednio da f\u00f3rmula qu\u00edmica, esta almofada foi especialmente pensada para uma utiliza\u00e7\u00e3o em situa\u00e7\u00f5es de preven\u00e7\u00e3o de escaras.<br \/>\n&#8211; Uma vez que a densidade (80kg\/m3) da espuma viscoel\u00e1stica \u00e9 muito elevada, a almofada Viscoflex+ Plus resiste ao afundamento e deforma\u00e7\u00e3o quando comparada com outras espumas viscoel\u00e1sticas do tipo industrial, permitindo assim uma melhor preven\u00e7\u00e3o no fen\u00f3meno de trilhamento.<br \/>\n&#8211; O m\u00e9todo de inser\u00e7\u00e3o em espuma de resist\u00eancia elevada que faz parte da estrutura da almofada<br \/>\n&#8211; Forma de Esqueleto &#8211; conhecido pelo sistema Concept insert HR &#8211; isto permite aumentar ou diminuir a press\u00e3o sobre algumas zonas com o objectivo de obter um afundamento correcto da espuma nas sali\u00eancias \u00f3sseas da bacia (sacro, il\u00edaca), ou seja, evitar que ocorra o risco de trilhamento<br \/>\n&#8211; Transfer\u00eancia dos apoios nas zonas da almofada onde a espuma \u00e9 mais densa (zonas de menor risco de escara) &#8211; devido \u00e0 sua inser\u00e7\u00e3o longitudinal o fen\u00f3meno deslizar para a frente e situa\u00e7\u00f5es de retrovers\u00e3o da bacia s\u00e3o eliminados.<\/p>\n<h3>* Indica\u00e7\u00f5es:<\/h3>\n<p>&#8211; Em sita\u00e7\u00f5es de pacientes em cadeira de rodas com uma utiliza\u00e7\u00e3o di\u00e1ria superior a 10 horas por dia;<br \/>\n&#8211; Pacientes com hist\u00f3rico de escara ou que apresentem um risco de escara avaliado na escala de Norton inferior ou igual a 14.<\/p>\n<p>*Marca: Systam<br \/>\nOrigem: Fran\u00e7a<\/p>\n","protected":false},"excerpt":{"rendered":"<p>Indicada e em espuma viscoel\u00e1stica com mem\u00f3ria, a sua forma anat\u00f3mica combinada com as propriedades mec\u00e2nicas da espuma viscoel\u00e1stica permite aumentar a superf\u00edcie de contacto com a almofada, originando uma clara redu\u00e7\u00e3o das press\u00f5es transcut\u00e2neas assim como aumenta a estabilidade e o conforto do paciente.<\/p>\n","protected":false},"featured_media":17467,"template":"","meta":[],"product_brand":[],"product_cat":[40,119,42,118],"product_tag":[],"class_list":{"0":"post-17466","1":"product","2":"type-product","3":"status-publish","4":"has-post-thumbnail","6":"product_cat-ortopedia","7":"product_cat-prevencao-de-escaras-seguranca-e-conforto","8":"product_cat-produtos-de-apoio","9":"product_cat-seguranca-e-conforto","11":"first","12":"instock","13":"taxable","14":"shipping-taxable","15":"purchasable","16":"product-type-simple"},"yoast_head":"<!-- This site is optimized with the Yoast SEO plugin v27.0 - https:\/\/yoast.com\/product\/yoast-seo-wordpress\/ -->\n<title>Almofada Viscoflex Plus, 42x42x8cm Systam\u00ae - Resid\u00eancias Montepio<\/title>\n<meta name=\"robots\" content=\"index, follow, max-snippet:-1, max-image-preview:large, max-video-preview:-1\" \/>\n<link rel=\"canonical\" href=\"https:\/\/digitalx.pt\/rm2\/produto\/almofada-viscoflex-plus-42x42x8cm-systam\/\" \/>\n<meta property=\"og:locale\" content=\"pt_PT\" \/>\n<meta property=\"og:type\" content=\"article\" \/>\n<meta property=\"og:title\" content=\"Almofada Viscoflex Plus, 42x42x8cm Systam\u00ae - Resid\u00eancias Montepio\" \/>\n<meta property=\"og:description\" content=\"Indicada e em espuma viscoel\u00e1stica com mem\u00f3ria, a sua forma anat\u00f3mica combinada com as propriedades mec\u00e2nicas da espuma viscoel\u00e1stica permite aumentar a superf\u00edcie de contacto com a almofada, originando uma clara redu\u00e7\u00e3o das press\u00f5es transcut\u00e2neas assim como aumenta a estabilidade e o conforto do paciente.\" \/>\n<meta property=\"og:url\" content=\"https:\/\/digitalx.pt\/rm2\/produto\/almofada-viscoflex-plus-42x42x8cm-systam\/\" \/>\n<meta property=\"og:site_name\" content=\"Resid\u00eancias Montepio\" \/>\n<meta property=\"article:publisher\" content=\"https:\/\/m.facebook.com\/residenciasmontepio.sa\/\" \/>\n<meta property=\"article:modified_time\" content=\"2025-06-17T14:43:19+00:00\" \/>\n<meta property=\"og:image\" content=\"https:\/\/digitalx.pt\/rm2\/wp-content\/uploads\/2025\/01\/Almofada-Viscoflex-Plus.jpg\" \/>\n\t<meta property=\"og:image:width\" content=\"465\" \/>\n\t<meta property=\"og:image:height\" content=\"465\" \/>\n\t<meta property=\"og:image:type\" content=\"image\/jpeg\" \/>\n<meta name=\"twitter:card\" content=\"summary_large_image\" \/>\n<meta name=\"twitter:label1\" content=\"Tempo estimado de leitura\" \/>\n\t<meta name=\"twitter:data1\" content=\"2 minutos\" \/>\n<script type=\"application\/ld+json\" class=\"yoast-schema-graph\">{\"@context\":\"https:\/\/schema.org\",\"@graph\":[{\"@type\":\"WebPage\",\"@id\":\"https:\/\/digitalx.pt\/rm2\/produto\/almofada-viscoflex-plus-42x42x8cm-systam\/\",\"url\":\"https:\/\/digitalx.pt\/rm2\/produto\/almofada-viscoflex-plus-42x42x8cm-systam\/\",\"name\":\"Almofada Viscoflex Plus, 42x42x8cm Systam\u00ae - Resid\u00eancias Montepio\",\"isPartOf\":{\"@id\":\"https:\/\/digitalx.pt\/rm2\/#website\"},\"primaryImageOfPage\":{\"@id\":\"https:\/\/digitalx.pt\/rm2\/produto\/almofada-viscoflex-plus-42x42x8cm-systam\/#primaryimage\"},\"image\":{\"@id\":\"https:\/\/digitalx.pt\/rm2\/produto\/almofada-viscoflex-plus-42x42x8cm-systam\/#primaryimage\"},\"thumbnailUrl\":\"https:\/\/digitalx.pt\/rm2\/wp-content\/uploads\/2025\/01\/Almofada-Viscoflex-Plus.jpg\",\"datePublished\":\"2025-01-22T11:15:30+00:00\",\"dateModified\":\"2025-06-17T14:43:19+00:00\",\"breadcrumb\":{\"@id\":\"https:\/\/digitalx.pt\/rm2\/produto\/almofada-viscoflex-plus-42x42x8cm-systam\/#breadcrumb\"},\"inLanguage\":\"pt-PT\",\"potentialAction\":[{\"@type\":\"ReadAction\",\"target\":[\"https:\/\/digitalx.pt\/rm2\/produto\/almofada-viscoflex-plus-42x42x8cm-systam\/\"]}]},{\"@type\":\"ImageObject\",\"inLanguage\":\"pt-PT\",\"@id\":\"https:\/\/digitalx.pt\/rm2\/produto\/almofada-viscoflex-plus-42x42x8cm-systam\/#primaryimage\",\"url\":\"https:\/\/digitalx.pt\/rm2\/wp-content\/uploads\/2025\/01\/Almofada-Viscoflex-Plus.jpg\",\"contentUrl\":\"https:\/\/digitalx.pt\/rm2\/wp-content\/uploads\/2025\/01\/Almofada-Viscoflex-Plus.jpg\",\"width\":465,\"height\":465},{\"@type\":\"BreadcrumbList\",\"@id\":\"https:\/\/digitalx.pt\/rm2\/produto\/almofada-viscoflex-plus-42x42x8cm-systam\/#breadcrumb\",\"itemListElement\":[{\"@type\":\"ListItem\",\"position\":1,\"name\":\"In\u00edcio\",\"item\":\"https:\/\/digitalx.pt\/rm2\/\"},{\"@type\":\"ListItem\",\"position\":2,\"name\":\"Produtos\",\"item\":\"https:\/\/digitalx.pt\/rm2\/shop\/\"},{\"@type\":\"ListItem\",\"position\":3,\"name\":\"Almofada Viscoflex Plus, 42x42x8cm Systam\u00ae\"}]},{\"@type\":\"WebSite\",\"@id\":\"https:\/\/digitalx.pt\/rm2\/#website\",\"url\":\"https:\/\/digitalx.pt\/rm2\/\",\"name\":\"Resid\u00eancias Montepio\",\"description\":\"Resid\u00eancias Montepio Servi\u00e7os de Saude SA\",\"publisher\":{\"@id\":\"https:\/\/digitalx.pt\/rm2\/#organization\"},\"potentialAction\":[{\"@type\":\"SearchAction\",\"target\":{\"@type\":\"EntryPoint\",\"urlTemplate\":\"https:\/\/digitalx.pt\/rm2\/?s={search_term_string}\"},\"query-input\":{\"@type\":\"PropertyValueSpecification\",\"valueRequired\":true,\"valueName\":\"search_term_string\"}}],\"inLanguage\":\"pt-PT\"},{\"@type\":\"Organization\",\"@id\":\"https:\/\/digitalx.pt\/rm2\/#organization\",\"name\":\"Resid\u00eancias Montepio\",\"url\":\"https:\/\/digitalx.pt\/rm2\/\",\"logo\":{\"@type\":\"ImageObject\",\"inLanguage\":\"pt-PT\",\"@id\":\"https:\/\/digitalx.pt\/rm2\/#\/schema\/logo\/image\/\",\"url\":\"https:\/\/digitalx.pt\/rm2\/wp-content\/uploads\/2024\/03\/favicon.svg\",\"contentUrl\":\"https:\/\/digitalx.pt\/rm2\/wp-content\/uploads\/2024\/03\/favicon.svg\",\"width\":1,\"height\":1,\"caption\":\"Resid\u00eancias Montepio\"},\"image\":{\"@id\":\"https:\/\/digitalx.pt\/rm2\/#\/schema\/logo\/image\/\"},\"sameAs\":[\"https:\/\/m.facebook.com\/residenciasmontepio.sa\/\",\"https:\/\/www.instagram.com\/residenciasmontepio\/\"]}]}<\/script>\n<!-- \/ Yoast SEO plugin. -->","yoast_head_json":{"title":"Almofada Viscoflex Plus, 42x42x8cm Systam\u00ae - Resid\u00eancias Montepio","robots":{"index":"index","follow":"follow","max-snippet":"max-snippet:-1","max-image-preview":"max-image-preview:large","max-video-preview":"max-video-preview:-1"},"canonical":"https:\/\/digitalx.pt\/rm2\/produto\/almofada-viscoflex-plus-42x42x8cm-systam\/","og_locale":"pt_PT","og_type":"article","og_title":"Almofada Viscoflex Plus, 42x42x8cm Systam\u00ae - Resid\u00eancias Montepio","og_description":"Indicada e em espuma viscoel\u00e1stica com mem\u00f3ria, a sua forma anat\u00f3mica combinada com as propriedades mec\u00e2nicas da espuma viscoel\u00e1stica permite aumentar a superf\u00edcie de contacto com a almofada, originando uma clara redu\u00e7\u00e3o das press\u00f5es transcut\u00e2neas assim como aumenta a estabilidade e o conforto do paciente.","og_url":"https:\/\/digitalx.pt\/rm2\/produto\/almofada-viscoflex-plus-42x42x8cm-systam\/","og_site_name":"Resid\u00eancias Montepio","article_publisher":"https:\/\/m.facebook.com\/residenciasmontepio.sa\/","article_modified_time":"2025-06-17T14:43:19+00:00","og_image":[{"width":465,"height":465,"url":"https:\/\/digitalx.pt\/rm2\/wp-content\/uploads\/2025\/01\/Almofada-Viscoflex-Plus.jpg","type":"image\/jpeg"}],"twitter_card":"summary_large_image","twitter_misc":{"Tempo estimado de leitura":"2 minutos"},"schema":{"@context":"https:\/\/schema.org","@graph":[{"@type":"WebPage","@id":"https:\/\/digitalx.pt\/rm2\/produto\/almofada-viscoflex-plus-42x42x8cm-systam\/","url":"https:\/\/digitalx.pt\/rm2\/produto\/almofada-viscoflex-plus-42x42x8cm-systam\/","name":"Almofada Viscoflex Plus, 42x42x8cm Systam\u00ae - Resid\u00eancias Montepio","isPartOf":{"@id":"https:\/\/digitalx.pt\/rm2\/#website"},"primaryImageOfPage":{"@id":"https:\/\/digitalx.pt\/rm2\/produto\/almofada-viscoflex-plus-42x42x8cm-systam\/#primaryimage"},"image":{"@id":"https:\/\/digitalx.pt\/rm2\/produto\/almofada-viscoflex-plus-42x42x8cm-systam\/#primaryimage"},"thumbnailUrl":"https:\/\/digitalx.pt\/rm2\/wp-content\/uploads\/2025\/01\/Almofada-Viscoflex-Plus.jpg","datePublished":"2025-01-22T11:15:30+00:00","dateModified":"2025-06-17T14:43:19+00:00","breadcrumb":{"@id":"https:\/\/digitalx.pt\/rm2\/produto\/almofada-viscoflex-plus-42x42x8cm-systam\/#breadcrumb"},"inLanguage":"pt-PT","potentialAction":[{"@type":"ReadAction","target":["https:\/\/digitalx.pt\/rm2\/produto\/almofada-viscoflex-plus-42x42x8cm-systam\/"]}]},{"@type":"ImageObject","inLanguage":"pt-PT","@id":"https:\/\/digitalx.pt\/rm2\/produto\/almofada-viscoflex-plus-42x42x8cm-systam\/#primaryimage","url":"https:\/\/digitalx.pt\/rm2\/wp-content\/uploads\/2025\/01\/Almofada-Viscoflex-Plus.jpg","contentUrl":"https:\/\/digitalx.pt\/rm2\/wp-content\/uploads\/2025\/01\/Almofada-Viscoflex-Plus.jpg","width":465,"height":465},{"@type":"BreadcrumbList","@id":"https:\/\/digitalx.pt\/rm2\/produto\/almofada-viscoflex-plus-42x42x8cm-systam\/#breadcrumb","itemListElement":[{"@type":"ListItem","position":1,"name":"In\u00edcio","item":"https:\/\/digitalx.pt\/rm2\/"},{"@type":"ListItem","position":2,"name":"Produtos","item":"https:\/\/digitalx.pt\/rm2\/shop\/"},{"@type":"ListItem","position":3,"name":"Almofada Viscoflex Plus, 42x42x8cm Systam\u00ae"}]},{"@type":"WebSite","@id":"https:\/\/digitalx.pt\/rm2\/#website","url":"https:\/\/digitalx.pt\/rm2\/","name":"Resid\u00eancias Montepio","description":"Resid\u00eancias Montepio Servi\u00e7os de Saude SA","publisher":{"@id":"https:\/\/digitalx.pt\/rm2\/#organization"},"potentialAction":[{"@type":"SearchAction","target":{"@type":"EntryPoint","urlTemplate":"https:\/\/digitalx.pt\/rm2\/?s={search_term_string}"},"query-input":{"@type":"PropertyValueSpecification","valueRequired":true,"valueName":"search_term_string"}}],"inLanguage":"pt-PT"},{"@type":"Organization","@id":"https:\/\/digitalx.pt\/rm2\/#organization","name":"Resid\u00eancias Montepio","url":"https:\/\/digitalx.pt\/rm2\/","logo":{"@type":"ImageObject","inLanguage":"pt-PT","@id":"https:\/\/digitalx.pt\/rm2\/#\/schema\/logo\/image\/","url":"https:\/\/digitalx.pt\/rm2\/wp-content\/uploads\/2024\/03\/favicon.svg","contentUrl":"https:\/\/digitalx.pt\/rm2\/wp-content\/uploads\/2024\/03\/favicon.svg","width":1,"height":1,"caption":"Resid\u00eancias Montepio"},"image":{"@id":"https:\/\/digitalx.pt\/rm2\/#\/schema\/logo\/image\/"},"sameAs":["https:\/\/m.facebook.com\/residenciasmontepio.sa\/","https:\/\/www.instagram.com\/residenciasmontepio\/"]}]}},"_links":{"self":[{"href":"https:\/\/digitalx.pt\/rm2\/wp-json\/wp\/v2\/product\/17466","targetHints":{"allow":["GET"]}}],"collection":[{"href":"https:\/\/digitalx.pt\/rm2\/wp-json\/wp\/v2\/product"}],"about":[{"href":"https:\/\/digitalx.pt\/rm2\/wp-json\/wp\/v2\/types\/product"}],"wp:featuredmedia":[{"embeddable":true,"href":"https:\/\/digitalx.pt\/rm2\/wp-json\/wp\/v2\/media\/17467"}],"wp:attachment":[{"href":"https:\/\/digitalx.pt\/rm2\/wp-json\/wp\/v2\/media?parent=17466"}],"wp:term":[{"taxonomy":"product_brand","embeddable":true,"href":"https:\/\/digitalx.pt\/rm2\/wp-json\/wp\/v2\/product_brand?post=17466"},{"taxonomy":"product_cat","embeddable":true,"href":"https:\/\/digitalx.pt\/rm2\/wp-json\/wp\/v2\/product_cat?post=17466"},{"taxonomy":"product_tag","embeddable":true,"href":"https:\/\/digitalx.pt\/rm2\/wp-json\/wp\/v2\/product_tag?post=17466"}],"curies":[{"name":"wp","href":"https:\/\/api.w.org\/{rel}","templated":true}]}}