{"id":17579,"date":"2025-02-05T11:05:41","date_gmt":"2025-02-05T11:05:41","guid":{"rendered":"https:\/\/digitalx.pt\/rm2\/?post_type=product&#038;p=17579"},"modified":"2025-06-16T15:55:25","modified_gmt":"2025-06-16T15:55:25","slug":"colher-punho-grosso-light","status":"publish","type":"product","link":"https:\/\/digitalx.pt\/rm2\/produto\/colher-punho-grosso-light\/","title":{"rendered":"Colher punho grosso LIGHT"},"content":{"rendered":"<h3><span style=\"font-weight: 400;\">* Caracter\u00edsticas:\u00a0<\/span><\/h3>\n<p><span style=\"font-weight: 400;\">&#8211; A linha de talheres LIGHT, <\/span><span style=\"font-weight: 400;\">\u00e9 <\/span><span style=\"font-weight: 400;\">uma s\u00e9rie de <\/span><span style=\"font-weight: 400;\">talheres com exelente design e funcionalidade, que facilitam o acto de comer;\u00a0<\/span><\/p>\n<p><span style=\"font-weight: 400;\">&#8211; Todos os nossos talheres podem ir \u00e0 m\u00e1quina de <\/span><span style=\"font-weight: 400;\">lavar lou\u00e7a.\u00a0<\/span><\/p>\n<p><span style=\"font-weight: 400;\">&#8211; Talheres com cabos leves e espessos\u00a0<\/span><\/p>\n<p><span style=\"font-weight: 400;\">&#8211; Estes talheres foram concebidos sobretudo para pessoas com problemas nas articula\u00e7\u00f5es.\u00a0<\/span><\/p>\n<p><span style=\"font-weight: 400;\">&#8211; <\/span><span style=\"font-weight: 400;\">Estes talheres leves e espessos s\u00e3o suaves para <\/span><span style=\"font-weight: 400;\">as articula\u00e7\u00f5es e aliviam o esfor\u00e7o nos dedos. <\/span><span style=\"font-weight: 400;\">&#8211; <\/span><span style=\"font-weight: 400;\">O cabo permite pegar-lhes de v\u00e1rias maneiras <\/span><span style=\"font-weight: 400;\">e <\/span><span style=\"font-weight: 400;\">assentam bem na m\u00e3o.\u00a0<\/span><\/p>\n<p><span style=\"font-weight: 400;\">&#8211; Cortar a comida \u00e9 a parte mais dif\u00edcil.\u00a0<\/span><\/p>\n<p><span style=\"font-weight: 400;\">&#8211; Esta faca foi especificamente concebida para <\/span><span style=\"font-weight: 400;\">facilitar o corte a utilizadores com muito pouca <\/span><span style=\"font-weight: 400;\">for\u00e7a.\u00a0<\/span><\/p>\n<p><span style=\"font-weight: 400;\">&#8211; <\/span><span style=\"font-weight: 400;\">O objectivo <\/span><span style=\"font-weight: 400;\">\u00e9 <\/span><span style=\"font-weight: 400;\">prolongar o tempo durante o qual o utilizador \u00e9 capaz de cortar com uma faca normal.\u00a0<\/span><\/p>\n<h3><span style=\"font-weight: 400;\">* <\/span><span style=\"font-weight: 400;\">Outros produtos da mesma linha dispon\u00edveis:\u00a0<\/span><\/h3>\n<p><strong>&#8211; <a href=\"https:\/\/digitalx.pt\/rm2\/produto\/garfo-punho-grosso-light\/\">Garfo Light, cabo grosso 80402002 <\/a><\/strong><\/p>\n<p><strong>&#8211; <a href=\"https:\/\/digitalx.pt\/rm2\/produto\/colher-punho-grosso-light\/\">Colher Light, cabo grosso 80402004\u00a0<\/a><\/strong><\/p>\n<p><strong>&#8211; <a href=\"https:\/\/digitalx.pt\/rm2\/produto\/faca-punho-grosso-light\/\">Faca Light cabo grosso 80402006<\/a><\/strong><\/p>\n<h3><span style=\"font-weight: 400;\">* <\/span><span style=\"font-weight: 400;\">Dimens\u00f5es:\u00a0<\/span><\/h3>\n<p><span style=\"font-weight: 400;\">&#8211; Garfo: 18 cm\u00a0<\/span><\/p>\n<p><span style=\"font-weight: 400;\">&#8211; Colher: 22 cm\u00a0<\/span><\/p>\n<p><span style=\"font-weight: 400;\">&#8211; Faca: 21 cm\u00a0<\/span><\/p>\n<h3><span style=\"font-weight: 400;\">* Material:\u00a0<\/span><\/h3>\n<p><span style=\"font-weight: 400;\">&#8211; Partes do utens\u00edlio: A\u00e7o inoxid\u00e1vel\u00a0<\/span><\/p>\n<p><span style=\"font-weight: 400;\">Cabo: pl\u00e1stico ABS\u00a0<\/span><\/p>\n<h3><span style=\"font-weight: 400;\">* <\/span><span style=\"font-weight: 400;\">Peso:\u00a0<\/span><\/h3>\n<p><span style=\"font-weight: 400;\">&#8211; Garfo: 27 g\u00a0<\/span><\/p>\n<p><span style=\"font-weight: 400;\">&#8211; Colher: 37 g\u00a0<\/span><\/p>\n<p><span style=\"font-weight: 400;\">&#8211; Faca: 23 <\/span><span style=\"font-weight: 400;\">g\u00a0<\/span><\/p>\n<p><span style=\"font-weight: 400;\"><strong>* Cuidados:<\/strong> Pode ser levada \u00e0 m\u00e1quina de\u00a0<\/span><span style=\"font-weight: 400;\">lavar lou\u00e7a\u00a0<\/span><\/p>\n<p><strong>*\u00a0<\/strong><span style=\"font-weight: 400;\"><strong>Design:<\/strong> Ergonomidesign\u00a0<\/span><\/p>\n<p><strong>* <\/strong><span style=\"font-weight: 400;\"><strong>Pa\u00eds de origem:<\/strong> Su\u00e9cia\u00a0<\/span><\/p>\n<p><span style=\"font-weight: 400;\"><strong>* Marca:<\/strong> ETAC\u00a0<\/span><\/p>\n","protected":false},"excerpt":{"rendered":"<p><span style=\"font-weight: 400;\">A linha de talheres LIGHT, <\/span><span style=\"font-weight: 400;\">\u00e9 <\/span><span style=\"font-weight: 400;\">uma s\u00e9rie de <\/span><span style=\"font-weight: 400;\">talheres com exelente design e funcionalidade, que facilitam o acto de comer.<\/span><\/p>\n","protected":false},"featured_media":17578,"template":"","meta":[],"product_brand":[],"product_cat":[105,106,40,42],"product_tag":[],"class_list":{"0":"post-17579","1":"product","2":"type-product","3":"status-publish","4":"has-post-thumbnail","6":"product_cat-ajudas-uteis-diarias","7":"product_cat-atividade-vida-diaria","8":"product_cat-ortopedia","9":"product_cat-produtos-de-apoio","11":"first","12":"instock","13":"taxable","14":"shipping-taxable","15":"purchasable","16":"product-type-simple"},"yoast_head":"<!-- This site is optimized with the Yoast SEO plugin v27.0 - https:\/\/yoast.com\/product\/yoast-seo-wordpress\/ -->\n<title>Colher punho grosso LIGHT - Resid\u00eancias Montepio<\/title>\n<meta name=\"robots\" content=\"index, follow, max-snippet:-1, max-image-preview:large, max-video-preview:-1\" \/>\n<link rel=\"canonical\" href=\"https:\/\/digitalx.pt\/rm2\/produto\/colher-punho-grosso-light\/\" \/>\n<meta property=\"og:locale\" content=\"pt_PT\" \/>\n<meta property=\"og:type\" content=\"article\" \/>\n<meta property=\"og:title\" content=\"Colher punho grosso LIGHT - Resid\u00eancias Montepio\" \/>\n<meta property=\"og:description\" content=\"A linha de talheres LIGHT, \u00e9 uma s\u00e9rie de talheres com exelente design e funcionalidade, que facilitam o acto de comer.\" \/>\n<meta property=\"og:url\" content=\"https:\/\/digitalx.pt\/rm2\/produto\/colher-punho-grosso-light\/\" \/>\n<meta property=\"og:site_name\" content=\"Resid\u00eancias Montepio\" \/>\n<meta property=\"article:publisher\" content=\"https:\/\/m.facebook.com\/residenciasmontepio.sa\/\" \/>\n<meta property=\"article:modified_time\" content=\"2025-06-16T15:55:25+00:00\" \/>\n<meta property=\"og:image\" content=\"https:\/\/digitalx.pt\/rm2\/wp-content\/uploads\/2025\/02\/light-garfo-punho-grosso-182mm-e1738753349757.jpg\" \/>\n\t<meta property=\"og:image:width\" content=\"529\" \/>\n\t<meta property=\"og:image:height\" content=\"340\" \/>\n\t<meta property=\"og:image:type\" content=\"image\/jpeg\" \/>\n<meta name=\"twitter:card\" content=\"summary_large_image\" \/>\n<meta name=\"twitter:label1\" content=\"Tempo estimado de leitura\" \/>\n\t<meta name=\"twitter:data1\" content=\"2 minutos\" \/>\n<script type=\"application\/ld+json\" class=\"yoast-schema-graph\">{\"@context\":\"https:\/\/schema.org\",\"@graph\":[{\"@type\":\"WebPage\",\"@id\":\"https:\/\/digitalx.pt\/rm2\/produto\/colher-punho-grosso-light\/\",\"url\":\"https:\/\/digitalx.pt\/rm2\/produto\/colher-punho-grosso-light\/\",\"name\":\"Colher punho grosso LIGHT - Resid\u00eancias Montepio\",\"isPartOf\":{\"@id\":\"https:\/\/digitalx.pt\/rm2\/#website\"},\"primaryImageOfPage\":{\"@id\":\"https:\/\/digitalx.pt\/rm2\/produto\/colher-punho-grosso-light\/#primaryimage\"},\"image\":{\"@id\":\"https:\/\/digitalx.pt\/rm2\/produto\/colher-punho-grosso-light\/#primaryimage\"},\"thumbnailUrl\":\"https:\/\/digitalx.pt\/rm2\/wp-content\/uploads\/2025\/02\/light-garfo-punho-grosso-182mm-e1738753349757.jpg\",\"datePublished\":\"2025-02-05T11:05:41+00:00\",\"dateModified\":\"2025-06-16T15:55:25+00:00\",\"breadcrumb\":{\"@id\":\"https:\/\/digitalx.pt\/rm2\/produto\/colher-punho-grosso-light\/#breadcrumb\"},\"inLanguage\":\"pt-PT\",\"potentialAction\":[{\"@type\":\"ReadAction\",\"target\":[\"https:\/\/digitalx.pt\/rm2\/produto\/colher-punho-grosso-light\/\"]}]},{\"@type\":\"ImageObject\",\"inLanguage\":\"pt-PT\",\"@id\":\"https:\/\/digitalx.pt\/rm2\/produto\/colher-punho-grosso-light\/#primaryimage\",\"url\":\"https:\/\/digitalx.pt\/rm2\/wp-content\/uploads\/2025\/02\/light-garfo-punho-grosso-182mm-e1738753349757.jpg\",\"contentUrl\":\"https:\/\/digitalx.pt\/rm2\/wp-content\/uploads\/2025\/02\/light-garfo-punho-grosso-182mm-e1738753349757.jpg\",\"width\":529,\"height\":340},{\"@type\":\"BreadcrumbList\",\"@id\":\"https:\/\/digitalx.pt\/rm2\/produto\/colher-punho-grosso-light\/#breadcrumb\",\"itemListElement\":[{\"@type\":\"ListItem\",\"position\":1,\"name\":\"In\u00edcio\",\"item\":\"https:\/\/digitalx.pt\/rm2\/\"},{\"@type\":\"ListItem\",\"position\":2,\"name\":\"Produtos\",\"item\":\"https:\/\/digitalx.pt\/rm2\/shop\/\"},{\"@type\":\"ListItem\",\"position\":3,\"name\":\"Colher punho grosso LIGHT\"}]},{\"@type\":\"WebSite\",\"@id\":\"https:\/\/digitalx.pt\/rm2\/#website\",\"url\":\"https:\/\/digitalx.pt\/rm2\/\",\"name\":\"Resid\u00eancias Montepio\",\"description\":\"Resid\u00eancias Montepio Servi\u00e7os de Saude SA\",\"publisher\":{\"@id\":\"https:\/\/digitalx.pt\/rm2\/#organization\"},\"potentialAction\":[{\"@type\":\"SearchAction\",\"target\":{\"@type\":\"EntryPoint\",\"urlTemplate\":\"https:\/\/digitalx.pt\/rm2\/?s={search_term_string}\"},\"query-input\":{\"@type\":\"PropertyValueSpecification\",\"valueRequired\":true,\"valueName\":\"search_term_string\"}}],\"inLanguage\":\"pt-PT\"},{\"@type\":\"Organization\",\"@id\":\"https:\/\/digitalx.pt\/rm2\/#organization\",\"name\":\"Resid\u00eancias Montepio\",\"url\":\"https:\/\/digitalx.pt\/rm2\/\",\"logo\":{\"@type\":\"ImageObject\",\"inLanguage\":\"pt-PT\",\"@id\":\"https:\/\/digitalx.pt\/rm2\/#\/schema\/logo\/image\/\",\"url\":\"https:\/\/digitalx.pt\/rm2\/wp-content\/uploads\/2024\/03\/favicon.svg\",\"contentUrl\":\"https:\/\/digitalx.pt\/rm2\/wp-content\/uploads\/2024\/03\/favicon.svg\",\"width\":1,\"height\":1,\"caption\":\"Resid\u00eancias Montepio\"},\"image\":{\"@id\":\"https:\/\/digitalx.pt\/rm2\/#\/schema\/logo\/image\/\"},\"sameAs\":[\"https:\/\/m.facebook.com\/residenciasmontepio.sa\/\",\"https:\/\/www.instagram.com\/residenciasmontepio\/\"]}]}<\/script>\n<!-- \/ Yoast SEO plugin. -->","yoast_head_json":{"title":"Colher punho grosso LIGHT - Resid\u00eancias Montepio","robots":{"index":"index","follow":"follow","max-snippet":"max-snippet:-1","max-image-preview":"max-image-preview:large","max-video-preview":"max-video-preview:-1"},"canonical":"https:\/\/digitalx.pt\/rm2\/produto\/colher-punho-grosso-light\/","og_locale":"pt_PT","og_type":"article","og_title":"Colher punho grosso LIGHT - Resid\u00eancias Montepio","og_description":"A linha de talheres LIGHT, \u00e9 uma s\u00e9rie de talheres com exelente design e funcionalidade, que facilitam o acto de comer.","og_url":"https:\/\/digitalx.pt\/rm2\/produto\/colher-punho-grosso-light\/","og_site_name":"Resid\u00eancias Montepio","article_publisher":"https:\/\/m.facebook.com\/residenciasmontepio.sa\/","article_modified_time":"2025-06-16T15:55:25+00:00","og_image":[{"width":529,"height":340,"url":"https:\/\/digitalx.pt\/rm2\/wp-content\/uploads\/2025\/02\/light-garfo-punho-grosso-182mm-e1738753349757.jpg","type":"image\/jpeg"}],"twitter_card":"summary_large_image","twitter_misc":{"Tempo estimado de leitura":"2 minutos"},"schema":{"@context":"https:\/\/schema.org","@graph":[{"@type":"WebPage","@id":"https:\/\/digitalx.pt\/rm2\/produto\/colher-punho-grosso-light\/","url":"https:\/\/digitalx.pt\/rm2\/produto\/colher-punho-grosso-light\/","name":"Colher punho grosso LIGHT - Resid\u00eancias Montepio","isPartOf":{"@id":"https:\/\/digitalx.pt\/rm2\/#website"},"primaryImageOfPage":{"@id":"https:\/\/digitalx.pt\/rm2\/produto\/colher-punho-grosso-light\/#primaryimage"},"image":{"@id":"https:\/\/digitalx.pt\/rm2\/produto\/colher-punho-grosso-light\/#primaryimage"},"thumbnailUrl":"https:\/\/digitalx.pt\/rm2\/wp-content\/uploads\/2025\/02\/light-garfo-punho-grosso-182mm-e1738753349757.jpg","datePublished":"2025-02-05T11:05:41+00:00","dateModified":"2025-06-16T15:55:25+00:00","breadcrumb":{"@id":"https:\/\/digitalx.pt\/rm2\/produto\/colher-punho-grosso-light\/#breadcrumb"},"inLanguage":"pt-PT","potentialAction":[{"@type":"ReadAction","target":["https:\/\/digitalx.pt\/rm2\/produto\/colher-punho-grosso-light\/"]}]},{"@type":"ImageObject","inLanguage":"pt-PT","@id":"https:\/\/digitalx.pt\/rm2\/produto\/colher-punho-grosso-light\/#primaryimage","url":"https:\/\/digitalx.pt\/rm2\/wp-content\/uploads\/2025\/02\/light-garfo-punho-grosso-182mm-e1738753349757.jpg","contentUrl":"https:\/\/digitalx.pt\/rm2\/wp-content\/uploads\/2025\/02\/light-garfo-punho-grosso-182mm-e1738753349757.jpg","width":529,"height":340},{"@type":"BreadcrumbList","@id":"https:\/\/digitalx.pt\/rm2\/produto\/colher-punho-grosso-light\/#breadcrumb","itemListElement":[{"@type":"ListItem","position":1,"name":"In\u00edcio","item":"https:\/\/digitalx.pt\/rm2\/"},{"@type":"ListItem","position":2,"name":"Produtos","item":"https:\/\/digitalx.pt\/rm2\/shop\/"},{"@type":"ListItem","position":3,"name":"Colher punho grosso LIGHT"}]},{"@type":"WebSite","@id":"https:\/\/digitalx.pt\/rm2\/#website","url":"https:\/\/digitalx.pt\/rm2\/","name":"Resid\u00eancias Montepio","description":"Resid\u00eancias Montepio Servi\u00e7os de Saude SA","publisher":{"@id":"https:\/\/digitalx.pt\/rm2\/#organization"},"potentialAction":[{"@type":"SearchAction","target":{"@type":"EntryPoint","urlTemplate":"https:\/\/digitalx.pt\/rm2\/?s={search_term_string}"},"query-input":{"@type":"PropertyValueSpecification","valueRequired":true,"valueName":"search_term_string"}}],"inLanguage":"pt-PT"},{"@type":"Organization","@id":"https:\/\/digitalx.pt\/rm2\/#organization","name":"Resid\u00eancias Montepio","url":"https:\/\/digitalx.pt\/rm2\/","logo":{"@type":"ImageObject","inLanguage":"pt-PT","@id":"https:\/\/digitalx.pt\/rm2\/#\/schema\/logo\/image\/","url":"https:\/\/digitalx.pt\/rm2\/wp-content\/uploads\/2024\/03\/favicon.svg","contentUrl":"https:\/\/digitalx.pt\/rm2\/wp-content\/uploads\/2024\/03\/favicon.svg","width":1,"height":1,"caption":"Resid\u00eancias Montepio"},"image":{"@id":"https:\/\/digitalx.pt\/rm2\/#\/schema\/logo\/image\/"},"sameAs":["https:\/\/m.facebook.com\/residenciasmontepio.sa\/","https:\/\/www.instagram.com\/residenciasmontepio\/"]}]}},"_links":{"self":[{"href":"https:\/\/digitalx.pt\/rm2\/wp-json\/wp\/v2\/product\/17579","targetHints":{"allow":["GET"]}}],"collection":[{"href":"https:\/\/digitalx.pt\/rm2\/wp-json\/wp\/v2\/product"}],"about":[{"href":"https:\/\/digitalx.pt\/rm2\/wp-json\/wp\/v2\/types\/product"}],"wp:featuredmedia":[{"embeddable":true,"href":"https:\/\/digitalx.pt\/rm2\/wp-json\/wp\/v2\/media\/17578"}],"wp:attachment":[{"href":"https:\/\/digitalx.pt\/rm2\/wp-json\/wp\/v2\/media?parent=17579"}],"wp:term":[{"taxonomy":"product_brand","embeddable":true,"href":"https:\/\/digitalx.pt\/rm2\/wp-json\/wp\/v2\/product_brand?post=17579"},{"taxonomy":"product_cat","embeddable":true,"href":"https:\/\/digitalx.pt\/rm2\/wp-json\/wp\/v2\/product_cat?post=17579"},{"taxonomy":"product_tag","embeddable":true,"href":"https:\/\/digitalx.pt\/rm2\/wp-json\/wp\/v2\/product_tag?post=17579"}],"curies":[{"name":"wp","href":"https:\/\/api.w.org\/{rel}","templated":true}]}}