{"id":17981,"date":"2025-04-30T10:41:25","date_gmt":"2025-04-30T10:41:25","guid":{"rendered":"https:\/\/digitalx.pt\/rm2\/?post_type=product&#038;p=17981"},"modified":"2025-06-17T09:53:47","modified_gmt":"2025-06-17T09:53:47","slug":"tabua-de-banho-69cm-c-pega-laranja-fresh","status":"publish","type":"product","link":"https:\/\/digitalx.pt\/rm2\/produto\/tabua-de-banho-69cm-c-pega-laranja-fresh\/","title":{"rendered":"T\u00e1bua de banho 69cm c\/ pega laranja FRESH"},"content":{"rendered":"<h3><span style=\"font-weight: 400;\">* Caracter\u00edsticas:\u00a0<\/span><\/h3>\n<p><span style=\"font-weight: 400;\">&#8211; Este modelo ganhou in\u00fameros pr\u00e9mios pelo <\/span><span style=\"font-weight: 400;\">seu soberbo design e excelente funcionalidade.<\/span><\/p>\n<p><span style=\"font-weight: 400;\">&#8211; A t\u00e1bua Fresh permite ao utilizador movimen<\/span><span style=\"font-weight: 400;\">tar-se <\/span><span style=\"font-weight: 400;\">e <\/span><span style=\"font-weight: 400;\">sentar-se dentro da banheira.\u00a0<\/span><\/p>\n<p><span style=\"font-weight: 400;\">&#8211; Forma \u00fanica, com extremedidade se suporte para transfer\u00eancias para o interior da banheira <\/span><span style=\"font-weight: 400;\">e <\/span><span style=\"font-weight: 400;\">uma central, que permite uma fixa\u00e7\u00e3o segura <\/span><span style=\"font-weight: 400;\">\u00e0 baheira. A fresh tamb\u00e9m possui um local acessivel para coloca\u00e7\u00e3o do sabonete ou champ\u00f4<\/span><span style=\"font-weight: 400;\">. <\/span><span style=\"font-weight: 400;\">&#8211; A t\u00e1bua de banheira Fresh \u00e9 f\u00e1cil de montar <\/span><span style=\"font-weight: 400;\">e \u00e9 <\/span><span style=\"font-weight: 400;\">fornecida com uma moeda de pl\u00e1stico para ajustar os batentes. Superfic\u00ede lisa e f\u00e1cil de limpar.\u00a0<\/span><\/p>\n<p><span style=\"font-weight: 400;\">&#8211; Existe nos tamanhos de 69 <\/span><span style=\"font-weight: 400;\">e <\/span><span style=\"font-weight: 400;\">74cm.\u00a0<\/span><\/p>\n<p><span style=\"font-weight: 400;\">&#8211; Existe o modelo Rufus para Obesos (cap. 160kg) <\/span><span style=\"font-weight: 400;\">&#8211; Peso utilizador<\/span><span style=\"font-weight: 400;\">: <\/span><span style=\"font-weight: 400;\">150kg\u00a0<\/span><\/p>\n<p><span style=\"font-weight: 400;\">&#8211; Material: Polipropileno\u00a0<\/span><\/p>\n<p><span style=\"font-weight: 400;\">* Marca: ETAC\u00a0<\/span><\/p>\n<p><span style=\"font-weight: 400;\">*\u00a0<\/span><span style=\"font-weight: 400;\">Pa\u00eds de origem<\/span><span style=\"font-weight: 400;\">: <\/span><span style=\"font-weight: 400;\">Su\u00e9cia<\/span><\/p>\n","protected":false},"excerpt":{"rendered":"<p><span style=\"font-weight: 400;\">A t\u00e1bua Fresh permite ao utilizador movimen<\/span><span style=\"font-weight: 400;\">tar-se <\/span><span style=\"font-weight: 400;\">e <\/span><span style=\"font-weight: 400;\">sentar-se dentro da banheira.\u00a0<\/span><\/p>\n","protected":false},"featured_media":17985,"template":"","meta":[],"product_brand":[],"product_cat":[105,107,40,42],"product_tag":[],"class_list":{"0":"post-17981","1":"product","2":"type-product","3":"status-publish","4":"has-post-thumbnail","6":"product_cat-ajudas-uteis-diarias","7":"product_cat-apoios-sanitarios","8":"product_cat-ortopedia","9":"product_cat-produtos-de-apoio","11":"first","12":"instock","13":"taxable","14":"shipping-taxable","15":"purchasable","16":"product-type-simple"},"yoast_head":"<!-- This site is optimized with the Yoast SEO plugin v27.0 - https:\/\/yoast.com\/product\/yoast-seo-wordpress\/ -->\n<title>T\u00e1bua de banho 69cm c\/ pega laranja FRESH - Resid\u00eancias Montepio<\/title>\n<meta name=\"robots\" content=\"index, follow, max-snippet:-1, max-image-preview:large, max-video-preview:-1\" \/>\n<link rel=\"canonical\" href=\"https:\/\/digitalx.pt\/rm2\/produto\/tabua-de-banho-69cm-c-pega-laranja-fresh\/\" \/>\n<meta property=\"og:locale\" content=\"pt_PT\" \/>\n<meta property=\"og:type\" content=\"article\" \/>\n<meta property=\"og:title\" content=\"T\u00e1bua de banho 69cm c\/ pega laranja FRESH - Resid\u00eancias Montepio\" \/>\n<meta property=\"og:description\" content=\"A t\u00e1bua Fresh permite ao utilizador movimentar-se e sentar-se dentro da banheira.\u00a0\" \/>\n<meta property=\"og:url\" content=\"https:\/\/digitalx.pt\/rm2\/produto\/tabua-de-banho-69cm-c-pega-laranja-fresh\/\" \/>\n<meta property=\"og:site_name\" content=\"Resid\u00eancias Montepio\" \/>\n<meta property=\"article:publisher\" content=\"https:\/\/m.facebook.com\/residenciasmontepio.sa\/\" \/>\n<meta property=\"article:modified_time\" content=\"2025-06-17T09:53:47+00:00\" \/>\n<meta property=\"og:image\" content=\"https:\/\/digitalx.pt\/rm2\/wp-content\/uploads\/2025\/04\/tabua-de-banho.png\" \/>\n\t<meta property=\"og:image:width\" content=\"600\" \/>\n\t<meta property=\"og:image:height\" content=\"600\" \/>\n\t<meta property=\"og:image:type\" content=\"image\/png\" \/>\n<meta name=\"twitter:card\" content=\"summary_large_image\" \/>\n<meta name=\"twitter:label1\" content=\"Tempo estimado de leitura\" \/>\n\t<meta name=\"twitter:data1\" content=\"1 minuto\" \/>\n<script type=\"application\/ld+json\" class=\"yoast-schema-graph\">{\"@context\":\"https:\/\/schema.org\",\"@graph\":[{\"@type\":\"WebPage\",\"@id\":\"https:\/\/digitalx.pt\/rm2\/produto\/tabua-de-banho-69cm-c-pega-laranja-fresh\/\",\"url\":\"https:\/\/digitalx.pt\/rm2\/produto\/tabua-de-banho-69cm-c-pega-laranja-fresh\/\",\"name\":\"T\u00e1bua de banho 69cm c\/ pega laranja FRESH - Resid\u00eancias Montepio\",\"isPartOf\":{\"@id\":\"https:\/\/digitalx.pt\/rm2\/#website\"},\"primaryImageOfPage\":{\"@id\":\"https:\/\/digitalx.pt\/rm2\/produto\/tabua-de-banho-69cm-c-pega-laranja-fresh\/#primaryimage\"},\"image\":{\"@id\":\"https:\/\/digitalx.pt\/rm2\/produto\/tabua-de-banho-69cm-c-pega-laranja-fresh\/#primaryimage\"},\"thumbnailUrl\":\"https:\/\/digitalx.pt\/rm2\/wp-content\/uploads\/2025\/04\/tabua-de-banho.png\",\"datePublished\":\"2025-04-30T10:41:25+00:00\",\"dateModified\":\"2025-06-17T09:53:47+00:00\",\"breadcrumb\":{\"@id\":\"https:\/\/digitalx.pt\/rm2\/produto\/tabua-de-banho-69cm-c-pega-laranja-fresh\/#breadcrumb\"},\"inLanguage\":\"pt-PT\",\"potentialAction\":[{\"@type\":\"ReadAction\",\"target\":[\"https:\/\/digitalx.pt\/rm2\/produto\/tabua-de-banho-69cm-c-pega-laranja-fresh\/\"]}]},{\"@type\":\"ImageObject\",\"inLanguage\":\"pt-PT\",\"@id\":\"https:\/\/digitalx.pt\/rm2\/produto\/tabua-de-banho-69cm-c-pega-laranja-fresh\/#primaryimage\",\"url\":\"https:\/\/digitalx.pt\/rm2\/wp-content\/uploads\/2025\/04\/tabua-de-banho.png\",\"contentUrl\":\"https:\/\/digitalx.pt\/rm2\/wp-content\/uploads\/2025\/04\/tabua-de-banho.png\",\"width\":600,\"height\":600},{\"@type\":\"BreadcrumbList\",\"@id\":\"https:\/\/digitalx.pt\/rm2\/produto\/tabua-de-banho-69cm-c-pega-laranja-fresh\/#breadcrumb\",\"itemListElement\":[{\"@type\":\"ListItem\",\"position\":1,\"name\":\"In\u00edcio\",\"item\":\"https:\/\/digitalx.pt\/rm2\/\"},{\"@type\":\"ListItem\",\"position\":2,\"name\":\"Produtos\",\"item\":\"https:\/\/digitalx.pt\/rm2\/shop\/\"},{\"@type\":\"ListItem\",\"position\":3,\"name\":\"T\u00e1bua de banho 69cm c\/ pega laranja FRESH\"}]},{\"@type\":\"WebSite\",\"@id\":\"https:\/\/digitalx.pt\/rm2\/#website\",\"url\":\"https:\/\/digitalx.pt\/rm2\/\",\"name\":\"Resid\u00eancias Montepio\",\"description\":\"Resid\u00eancias Montepio Servi\u00e7os de Saude SA\",\"publisher\":{\"@id\":\"https:\/\/digitalx.pt\/rm2\/#organization\"},\"potentialAction\":[{\"@type\":\"SearchAction\",\"target\":{\"@type\":\"EntryPoint\",\"urlTemplate\":\"https:\/\/digitalx.pt\/rm2\/?s={search_term_string}\"},\"query-input\":{\"@type\":\"PropertyValueSpecification\",\"valueRequired\":true,\"valueName\":\"search_term_string\"}}],\"inLanguage\":\"pt-PT\"},{\"@type\":\"Organization\",\"@id\":\"https:\/\/digitalx.pt\/rm2\/#organization\",\"name\":\"Resid\u00eancias Montepio\",\"url\":\"https:\/\/digitalx.pt\/rm2\/\",\"logo\":{\"@type\":\"ImageObject\",\"inLanguage\":\"pt-PT\",\"@id\":\"https:\/\/digitalx.pt\/rm2\/#\/schema\/logo\/image\/\",\"url\":\"https:\/\/digitalx.pt\/rm2\/wp-content\/uploads\/2024\/03\/favicon.svg\",\"contentUrl\":\"https:\/\/digitalx.pt\/rm2\/wp-content\/uploads\/2024\/03\/favicon.svg\",\"width\":1,\"height\":1,\"caption\":\"Resid\u00eancias Montepio\"},\"image\":{\"@id\":\"https:\/\/digitalx.pt\/rm2\/#\/schema\/logo\/image\/\"},\"sameAs\":[\"https:\/\/m.facebook.com\/residenciasmontepio.sa\/\",\"https:\/\/www.instagram.com\/residenciasmontepio\/\"]}]}<\/script>\n<!-- \/ Yoast SEO plugin. -->","yoast_head_json":{"title":"T\u00e1bua de banho 69cm c\/ pega laranja FRESH - Resid\u00eancias Montepio","robots":{"index":"index","follow":"follow","max-snippet":"max-snippet:-1","max-image-preview":"max-image-preview:large","max-video-preview":"max-video-preview:-1"},"canonical":"https:\/\/digitalx.pt\/rm2\/produto\/tabua-de-banho-69cm-c-pega-laranja-fresh\/","og_locale":"pt_PT","og_type":"article","og_title":"T\u00e1bua de banho 69cm c\/ pega laranja FRESH - Resid\u00eancias Montepio","og_description":"A t\u00e1bua Fresh permite ao utilizador movimentar-se e sentar-se dentro da banheira.\u00a0","og_url":"https:\/\/digitalx.pt\/rm2\/produto\/tabua-de-banho-69cm-c-pega-laranja-fresh\/","og_site_name":"Resid\u00eancias Montepio","article_publisher":"https:\/\/m.facebook.com\/residenciasmontepio.sa\/","article_modified_time":"2025-06-17T09:53:47+00:00","og_image":[{"width":600,"height":600,"url":"https:\/\/digitalx.pt\/rm2\/wp-content\/uploads\/2025\/04\/tabua-de-banho.png","type":"image\/png"}],"twitter_card":"summary_large_image","twitter_misc":{"Tempo estimado de leitura":"1 minuto"},"schema":{"@context":"https:\/\/schema.org","@graph":[{"@type":"WebPage","@id":"https:\/\/digitalx.pt\/rm2\/produto\/tabua-de-banho-69cm-c-pega-laranja-fresh\/","url":"https:\/\/digitalx.pt\/rm2\/produto\/tabua-de-banho-69cm-c-pega-laranja-fresh\/","name":"T\u00e1bua de banho 69cm c\/ pega laranja FRESH - Resid\u00eancias Montepio","isPartOf":{"@id":"https:\/\/digitalx.pt\/rm2\/#website"},"primaryImageOfPage":{"@id":"https:\/\/digitalx.pt\/rm2\/produto\/tabua-de-banho-69cm-c-pega-laranja-fresh\/#primaryimage"},"image":{"@id":"https:\/\/digitalx.pt\/rm2\/produto\/tabua-de-banho-69cm-c-pega-laranja-fresh\/#primaryimage"},"thumbnailUrl":"https:\/\/digitalx.pt\/rm2\/wp-content\/uploads\/2025\/04\/tabua-de-banho.png","datePublished":"2025-04-30T10:41:25+00:00","dateModified":"2025-06-17T09:53:47+00:00","breadcrumb":{"@id":"https:\/\/digitalx.pt\/rm2\/produto\/tabua-de-banho-69cm-c-pega-laranja-fresh\/#breadcrumb"},"inLanguage":"pt-PT","potentialAction":[{"@type":"ReadAction","target":["https:\/\/digitalx.pt\/rm2\/produto\/tabua-de-banho-69cm-c-pega-laranja-fresh\/"]}]},{"@type":"ImageObject","inLanguage":"pt-PT","@id":"https:\/\/digitalx.pt\/rm2\/produto\/tabua-de-banho-69cm-c-pega-laranja-fresh\/#primaryimage","url":"https:\/\/digitalx.pt\/rm2\/wp-content\/uploads\/2025\/04\/tabua-de-banho.png","contentUrl":"https:\/\/digitalx.pt\/rm2\/wp-content\/uploads\/2025\/04\/tabua-de-banho.png","width":600,"height":600},{"@type":"BreadcrumbList","@id":"https:\/\/digitalx.pt\/rm2\/produto\/tabua-de-banho-69cm-c-pega-laranja-fresh\/#breadcrumb","itemListElement":[{"@type":"ListItem","position":1,"name":"In\u00edcio","item":"https:\/\/digitalx.pt\/rm2\/"},{"@type":"ListItem","position":2,"name":"Produtos","item":"https:\/\/digitalx.pt\/rm2\/shop\/"},{"@type":"ListItem","position":3,"name":"T\u00e1bua de banho 69cm c\/ pega laranja FRESH"}]},{"@type":"WebSite","@id":"https:\/\/digitalx.pt\/rm2\/#website","url":"https:\/\/digitalx.pt\/rm2\/","name":"Resid\u00eancias Montepio","description":"Resid\u00eancias Montepio Servi\u00e7os de Saude SA","publisher":{"@id":"https:\/\/digitalx.pt\/rm2\/#organization"},"potentialAction":[{"@type":"SearchAction","target":{"@type":"EntryPoint","urlTemplate":"https:\/\/digitalx.pt\/rm2\/?s={search_term_string}"},"query-input":{"@type":"PropertyValueSpecification","valueRequired":true,"valueName":"search_term_string"}}],"inLanguage":"pt-PT"},{"@type":"Organization","@id":"https:\/\/digitalx.pt\/rm2\/#organization","name":"Resid\u00eancias Montepio","url":"https:\/\/digitalx.pt\/rm2\/","logo":{"@type":"ImageObject","inLanguage":"pt-PT","@id":"https:\/\/digitalx.pt\/rm2\/#\/schema\/logo\/image\/","url":"https:\/\/digitalx.pt\/rm2\/wp-content\/uploads\/2024\/03\/favicon.svg","contentUrl":"https:\/\/digitalx.pt\/rm2\/wp-content\/uploads\/2024\/03\/favicon.svg","width":1,"height":1,"caption":"Resid\u00eancias Montepio"},"image":{"@id":"https:\/\/digitalx.pt\/rm2\/#\/schema\/logo\/image\/"},"sameAs":["https:\/\/m.facebook.com\/residenciasmontepio.sa\/","https:\/\/www.instagram.com\/residenciasmontepio\/"]}]}},"_links":{"self":[{"href":"https:\/\/digitalx.pt\/rm2\/wp-json\/wp\/v2\/product\/17981","targetHints":{"allow":["GET"]}}],"collection":[{"href":"https:\/\/digitalx.pt\/rm2\/wp-json\/wp\/v2\/product"}],"about":[{"href":"https:\/\/digitalx.pt\/rm2\/wp-json\/wp\/v2\/types\/product"}],"wp:featuredmedia":[{"embeddable":true,"href":"https:\/\/digitalx.pt\/rm2\/wp-json\/wp\/v2\/media\/17985"}],"wp:attachment":[{"href":"https:\/\/digitalx.pt\/rm2\/wp-json\/wp\/v2\/media?parent=17981"}],"wp:term":[{"taxonomy":"product_brand","embeddable":true,"href":"https:\/\/digitalx.pt\/rm2\/wp-json\/wp\/v2\/product_brand?post=17981"},{"taxonomy":"product_cat","embeddable":true,"href":"https:\/\/digitalx.pt\/rm2\/wp-json\/wp\/v2\/product_cat?post=17981"},{"taxonomy":"product_tag","embeddable":true,"href":"https:\/\/digitalx.pt\/rm2\/wp-json\/wp\/v2\/product_tag?post=17981"}],"curies":[{"name":"wp","href":"https:\/\/api.w.org\/{rel}","templated":true}]}}