{"id":18755,"date":"2025-09-19T15:14:06","date_gmt":"2025-09-19T15:14:06","guid":{"rendered":"https:\/\/digitalx.pt\/rm2\/?post_type=product&#038;p=18755"},"modified":"2025-09-19T15:38:27","modified_gmt":"2025-09-19T15:38:27","slug":"colchao-de-alveolos-sem-compressor-biort","status":"publish","type":"product","link":"https:\/\/digitalx.pt\/rm2\/produto\/colchao-de-alveolos-sem-compressor-biort\/","title":{"rendered":"Colch\u00e3o de alveolos (sem compressor) BIORT"},"content":{"rendered":"<h4>BIORT &#8211; Colch\u00e3o de Alv\u00e9olos\u00a0SEM COMPRESSOR<\/h4>\n","protected":false},"excerpt":{"rendered":"<p>BIORT &#8211; Colch\u00e3o de Alv\u00e9olos\u00a0SEM COMPRESSOR<\/p>\n","protected":false},"featured_media":18756,"template":"","meta":[],"product_brand":[],"product_cat":[40,42],"product_tag":[],"class_list":{"0":"post-18755","1":"product","2":"type-product","3":"status-publish","4":"has-post-thumbnail","6":"product_cat-ortopedia","7":"product_cat-produtos-de-apoio","9":"first","10":"instock","11":"taxable","12":"shipping-taxable","13":"purchasable","14":"product-type-simple"},"yoast_head":"<!-- This site is optimized with the Yoast SEO plugin v27.0 - https:\/\/yoast.com\/product\/yoast-seo-wordpress\/ -->\n<title>Colch\u00e3o de alveolos (sem compressor) BIORT - Resid\u00eancias Montepio<\/title>\n<meta name=\"robots\" content=\"index, follow, max-snippet:-1, max-image-preview:large, max-video-preview:-1\" \/>\n<link rel=\"canonical\" href=\"https:\/\/digitalx.pt\/rm2\/produto\/colchao-de-alveolos-sem-compressor-biort\/\" \/>\n<meta property=\"og:locale\" content=\"pt_PT\" \/>\n<meta property=\"og:type\" content=\"article\" \/>\n<meta property=\"og:title\" content=\"Colch\u00e3o de alveolos (sem compressor) BIORT - Resid\u00eancias Montepio\" \/>\n<meta property=\"og:description\" content=\"BIORT &#8211; Colch\u00e3o de Alv\u00e9olos\u00a0SEM COMPRESSOR\" \/>\n<meta property=\"og:url\" content=\"https:\/\/digitalx.pt\/rm2\/produto\/colchao-de-alveolos-sem-compressor-biort\/\" \/>\n<meta property=\"og:site_name\" content=\"Resid\u00eancias Montepio\" \/>\n<meta property=\"article:publisher\" content=\"https:\/\/m.facebook.com\/residenciasmontepio.sa\/\" \/>\n<meta property=\"article:modified_time\" content=\"2025-09-19T15:38:27+00:00\" \/>\n<meta property=\"og:image\" content=\"https:\/\/digitalx.pt\/rm2\/wp-content\/uploads\/2025\/09\/biort-colchao-de-alveolos-sem-compressor.jpg\" \/>\n\t<meta property=\"og:image:width\" content=\"800\" \/>\n\t<meta property=\"og:image:height\" content=\"800\" \/>\n\t<meta property=\"og:image:type\" content=\"image\/jpeg\" \/>\n<meta name=\"twitter:card\" content=\"summary_large_image\" \/>\n<meta name=\"twitter:label1\" content=\"Tempo estimado de leitura\" \/>\n\t<meta name=\"twitter:data1\" content=\"1 minuto\" \/>\n<script type=\"application\/ld+json\" class=\"yoast-schema-graph\">{\"@context\":\"https:\/\/schema.org\",\"@graph\":[{\"@type\":\"WebPage\",\"@id\":\"https:\/\/digitalx.pt\/rm2\/produto\/colchao-de-alveolos-sem-compressor-biort\/\",\"url\":\"https:\/\/digitalx.pt\/rm2\/produto\/colchao-de-alveolos-sem-compressor-biort\/\",\"name\":\"Colch\u00e3o de alveolos (sem compressor) BIORT - Resid\u00eancias Montepio\",\"isPartOf\":{\"@id\":\"https:\/\/digitalx.pt\/rm2\/#website\"},\"primaryImageOfPage\":{\"@id\":\"https:\/\/digitalx.pt\/rm2\/produto\/colchao-de-alveolos-sem-compressor-biort\/#primaryimage\"},\"image\":{\"@id\":\"https:\/\/digitalx.pt\/rm2\/produto\/colchao-de-alveolos-sem-compressor-biort\/#primaryimage\"},\"thumbnailUrl\":\"https:\/\/digitalx.pt\/rm2\/wp-content\/uploads\/2025\/09\/biort-colchao-de-alveolos-sem-compressor.jpg\",\"datePublished\":\"2025-09-19T15:14:06+00:00\",\"dateModified\":\"2025-09-19T15:38:27+00:00\",\"breadcrumb\":{\"@id\":\"https:\/\/digitalx.pt\/rm2\/produto\/colchao-de-alveolos-sem-compressor-biort\/#breadcrumb\"},\"inLanguage\":\"pt-PT\",\"potentialAction\":[{\"@type\":\"ReadAction\",\"target\":[\"https:\/\/digitalx.pt\/rm2\/produto\/colchao-de-alveolos-sem-compressor-biort\/\"]}]},{\"@type\":\"ImageObject\",\"inLanguage\":\"pt-PT\",\"@id\":\"https:\/\/digitalx.pt\/rm2\/produto\/colchao-de-alveolos-sem-compressor-biort\/#primaryimage\",\"url\":\"https:\/\/digitalx.pt\/rm2\/wp-content\/uploads\/2025\/09\/biort-colchao-de-alveolos-sem-compressor.jpg\",\"contentUrl\":\"https:\/\/digitalx.pt\/rm2\/wp-content\/uploads\/2025\/09\/biort-colchao-de-alveolos-sem-compressor.jpg\",\"width\":800,\"height\":800},{\"@type\":\"BreadcrumbList\",\"@id\":\"https:\/\/digitalx.pt\/rm2\/produto\/colchao-de-alveolos-sem-compressor-biort\/#breadcrumb\",\"itemListElement\":[{\"@type\":\"ListItem\",\"position\":1,\"name\":\"In\u00edcio\",\"item\":\"https:\/\/digitalx.pt\/rm2\/\"},{\"@type\":\"ListItem\",\"position\":2,\"name\":\"Produtos\",\"item\":\"https:\/\/digitalx.pt\/rm2\/shop\/\"},{\"@type\":\"ListItem\",\"position\":3,\"name\":\"Colch\u00e3o de alveolos (sem compressor) BIORT\"}]},{\"@type\":\"WebSite\",\"@id\":\"https:\/\/digitalx.pt\/rm2\/#website\",\"url\":\"https:\/\/digitalx.pt\/rm2\/\",\"name\":\"Resid\u00eancias Montepio\",\"description\":\"Resid\u00eancias Montepio Servi\u00e7os de Saude SA\",\"publisher\":{\"@id\":\"https:\/\/digitalx.pt\/rm2\/#organization\"},\"potentialAction\":[{\"@type\":\"SearchAction\",\"target\":{\"@type\":\"EntryPoint\",\"urlTemplate\":\"https:\/\/digitalx.pt\/rm2\/?s={search_term_string}\"},\"query-input\":{\"@type\":\"PropertyValueSpecification\",\"valueRequired\":true,\"valueName\":\"search_term_string\"}}],\"inLanguage\":\"pt-PT\"},{\"@type\":\"Organization\",\"@id\":\"https:\/\/digitalx.pt\/rm2\/#organization\",\"name\":\"Resid\u00eancias Montepio\",\"url\":\"https:\/\/digitalx.pt\/rm2\/\",\"logo\":{\"@type\":\"ImageObject\",\"inLanguage\":\"pt-PT\",\"@id\":\"https:\/\/digitalx.pt\/rm2\/#\/schema\/logo\/image\/\",\"url\":\"https:\/\/digitalx.pt\/rm2\/wp-content\/uploads\/2024\/03\/favicon.svg\",\"contentUrl\":\"https:\/\/digitalx.pt\/rm2\/wp-content\/uploads\/2024\/03\/favicon.svg\",\"width\":1,\"height\":1,\"caption\":\"Resid\u00eancias Montepio\"},\"image\":{\"@id\":\"https:\/\/digitalx.pt\/rm2\/#\/schema\/logo\/image\/\"},\"sameAs\":[\"https:\/\/m.facebook.com\/residenciasmontepio.sa\/\",\"https:\/\/www.instagram.com\/residenciasmontepio\/\"]}]}<\/script>\n<!-- \/ Yoast SEO plugin. -->","yoast_head_json":{"title":"Colch\u00e3o de alveolos (sem compressor) BIORT - Resid\u00eancias Montepio","robots":{"index":"index","follow":"follow","max-snippet":"max-snippet:-1","max-image-preview":"max-image-preview:large","max-video-preview":"max-video-preview:-1"},"canonical":"https:\/\/digitalx.pt\/rm2\/produto\/colchao-de-alveolos-sem-compressor-biort\/","og_locale":"pt_PT","og_type":"article","og_title":"Colch\u00e3o de alveolos (sem compressor) BIORT - Resid\u00eancias Montepio","og_description":"BIORT &#8211; Colch\u00e3o de Alv\u00e9olos\u00a0SEM COMPRESSOR","og_url":"https:\/\/digitalx.pt\/rm2\/produto\/colchao-de-alveolos-sem-compressor-biort\/","og_site_name":"Resid\u00eancias Montepio","article_publisher":"https:\/\/m.facebook.com\/residenciasmontepio.sa\/","article_modified_time":"2025-09-19T15:38:27+00:00","og_image":[{"width":800,"height":800,"url":"https:\/\/digitalx.pt\/rm2\/wp-content\/uploads\/2025\/09\/biort-colchao-de-alveolos-sem-compressor.jpg","type":"image\/jpeg"}],"twitter_card":"summary_large_image","twitter_misc":{"Tempo estimado de leitura":"1 minuto"},"schema":{"@context":"https:\/\/schema.org","@graph":[{"@type":"WebPage","@id":"https:\/\/digitalx.pt\/rm2\/produto\/colchao-de-alveolos-sem-compressor-biort\/","url":"https:\/\/digitalx.pt\/rm2\/produto\/colchao-de-alveolos-sem-compressor-biort\/","name":"Colch\u00e3o de alveolos (sem compressor) BIORT - Resid\u00eancias Montepio","isPartOf":{"@id":"https:\/\/digitalx.pt\/rm2\/#website"},"primaryImageOfPage":{"@id":"https:\/\/digitalx.pt\/rm2\/produto\/colchao-de-alveolos-sem-compressor-biort\/#primaryimage"},"image":{"@id":"https:\/\/digitalx.pt\/rm2\/produto\/colchao-de-alveolos-sem-compressor-biort\/#primaryimage"},"thumbnailUrl":"https:\/\/digitalx.pt\/rm2\/wp-content\/uploads\/2025\/09\/biort-colchao-de-alveolos-sem-compressor.jpg","datePublished":"2025-09-19T15:14:06+00:00","dateModified":"2025-09-19T15:38:27+00:00","breadcrumb":{"@id":"https:\/\/digitalx.pt\/rm2\/produto\/colchao-de-alveolos-sem-compressor-biort\/#breadcrumb"},"inLanguage":"pt-PT","potentialAction":[{"@type":"ReadAction","target":["https:\/\/digitalx.pt\/rm2\/produto\/colchao-de-alveolos-sem-compressor-biort\/"]}]},{"@type":"ImageObject","inLanguage":"pt-PT","@id":"https:\/\/digitalx.pt\/rm2\/produto\/colchao-de-alveolos-sem-compressor-biort\/#primaryimage","url":"https:\/\/digitalx.pt\/rm2\/wp-content\/uploads\/2025\/09\/biort-colchao-de-alveolos-sem-compressor.jpg","contentUrl":"https:\/\/digitalx.pt\/rm2\/wp-content\/uploads\/2025\/09\/biort-colchao-de-alveolos-sem-compressor.jpg","width":800,"height":800},{"@type":"BreadcrumbList","@id":"https:\/\/digitalx.pt\/rm2\/produto\/colchao-de-alveolos-sem-compressor-biort\/#breadcrumb","itemListElement":[{"@type":"ListItem","position":1,"name":"In\u00edcio","item":"https:\/\/digitalx.pt\/rm2\/"},{"@type":"ListItem","position":2,"name":"Produtos","item":"https:\/\/digitalx.pt\/rm2\/shop\/"},{"@type":"ListItem","position":3,"name":"Colch\u00e3o de alveolos (sem compressor) BIORT"}]},{"@type":"WebSite","@id":"https:\/\/digitalx.pt\/rm2\/#website","url":"https:\/\/digitalx.pt\/rm2\/","name":"Resid\u00eancias Montepio","description":"Resid\u00eancias Montepio Servi\u00e7os de Saude SA","publisher":{"@id":"https:\/\/digitalx.pt\/rm2\/#organization"},"potentialAction":[{"@type":"SearchAction","target":{"@type":"EntryPoint","urlTemplate":"https:\/\/digitalx.pt\/rm2\/?s={search_term_string}"},"query-input":{"@type":"PropertyValueSpecification","valueRequired":true,"valueName":"search_term_string"}}],"inLanguage":"pt-PT"},{"@type":"Organization","@id":"https:\/\/digitalx.pt\/rm2\/#organization","name":"Resid\u00eancias Montepio","url":"https:\/\/digitalx.pt\/rm2\/","logo":{"@type":"ImageObject","inLanguage":"pt-PT","@id":"https:\/\/digitalx.pt\/rm2\/#\/schema\/logo\/image\/","url":"https:\/\/digitalx.pt\/rm2\/wp-content\/uploads\/2024\/03\/favicon.svg","contentUrl":"https:\/\/digitalx.pt\/rm2\/wp-content\/uploads\/2024\/03\/favicon.svg","width":1,"height":1,"caption":"Resid\u00eancias Montepio"},"image":{"@id":"https:\/\/digitalx.pt\/rm2\/#\/schema\/logo\/image\/"},"sameAs":["https:\/\/m.facebook.com\/residenciasmontepio.sa\/","https:\/\/www.instagram.com\/residenciasmontepio\/"]}]}},"_links":{"self":[{"href":"https:\/\/digitalx.pt\/rm2\/wp-json\/wp\/v2\/product\/18755","targetHints":{"allow":["GET"]}}],"collection":[{"href":"https:\/\/digitalx.pt\/rm2\/wp-json\/wp\/v2\/product"}],"about":[{"href":"https:\/\/digitalx.pt\/rm2\/wp-json\/wp\/v2\/types\/product"}],"wp:featuredmedia":[{"embeddable":true,"href":"https:\/\/digitalx.pt\/rm2\/wp-json\/wp\/v2\/media\/18756"}],"wp:attachment":[{"href":"https:\/\/digitalx.pt\/rm2\/wp-json\/wp\/v2\/media?parent=18755"}],"wp:term":[{"taxonomy":"product_brand","embeddable":true,"href":"https:\/\/digitalx.pt\/rm2\/wp-json\/wp\/v2\/product_brand?post=18755"},{"taxonomy":"product_cat","embeddable":true,"href":"https:\/\/digitalx.pt\/rm2\/wp-json\/wp\/v2\/product_cat?post=18755"},{"taxonomy":"product_tag","embeddable":true,"href":"https:\/\/digitalx.pt\/rm2\/wp-json\/wp\/v2\/product_tag?post=18755"}],"curies":[{"name":"wp","href":"https:\/\/api.w.org\/{rel}","templated":true}]}}