{"id":19220,"date":"2026-01-26T09:25:40","date_gmt":"2026-01-26T09:25:40","guid":{"rendered":"https:\/\/digitalx.pt\/rm2\/?post_type=product&#038;p=19220"},"modified":"2026-01-26T10:52:37","modified_gmt":"2026-01-26T10:52:37","slug":"medidor-de-tensao-arterial-braco-x3-rossmax","status":"publish","type":"product","link":"https:\/\/digitalx.pt\/rm2\/produto\/medidor-de-tensao-arterial-braco-x3-rossmax\/","title":{"rendered":"Medidor de tens\u00e3o arterial, Bra\u00e7o &#8211; X3 &#8211; Rossmax"},"content":{"rendered":"<h3><span style=\"font-weight: 400;\">* Caracter\u00edsticas:\u00a0<\/span><\/h3>\n<p><span style=\"font-weight: 400;\">-X3 Monitor autom\u00e1tico de press\u00e3o arterial<\/span><\/p>\n<p><span style=\"font-weight: 400;\">&#8211; Dete\u00e7\u00e3o de movimento <\/span><\/p>\n<p><span style=\"font-weight: 400;\">&#8211; Dete\u00e7\u00e3o de manguito\u00a0<\/span><\/p>\n<p><span style=\"font-weight: 400;\">&#8211; Indica\u00e7\u00e3o de risco de hipertens\u00e3o\u00a0<\/span><\/p>\n<p><span style=\"font-weight: 400;\">&#8211; Dete\u00e7\u00e3o de batimentos card\u00edacos irregulares <\/span><span style=\"font-weight: 400;\">(IHB)\u00a0<\/span><\/p>\n<p><span style=\"font-weight: 400;\">&#8211; Recupera\u00e7\u00e3o da mem\u00f3ria do \u00faltimo n\u00famero<\/span><\/p>\n<p><span style=\"font-weight: 400;\">&#8211; Opera\u00e7\u00e3o autom\u00e1tica de um toque\u00a0<\/span><\/p>\n<p><span style=\"font-weight: 400;\">&#8211; Manguito universal c\u00f3nico patenteado sem l\u00e1tex\u00a0<\/span><\/p>\n<p><span style=\"font-weight: 400;\">&#8211; Tamanho grande do LCD | 55 x 63 mm\u00a0<\/span><\/p>\n<p><span style=\"font-weight: 400;\">&#8211; Soquete do adaptador\u00a0<\/span><\/p>\n<p><span style=\"font-weight: 400;\">&#8211; Calibra\u00e7\u00e3o vital\u00edcia\u00a0<\/span><\/p>\n<p><strong>* <\/strong><span style=\"font-weight: 400;\"><strong>A tecnologia Real Fuzzy<\/strong> determina a press\u00e3o ideal do manguito com base na press\u00e3o arterial <\/span><span style=\"font-weight: 400;\">sist\u00f3lica e no tamanho do bra\u00e7o. Os usu\u00e1rios n\u00e3o <\/span><span style=\"font-weight: 400;\">precisam mais predefinir o n\u00edvel de infla\u00e7\u00e3o antes da medi\u00e7\u00e3o<\/span><span style=\"font-weight: 400;\">.\u00a0<\/span><\/p>\n<p><span style=\"font-weight: 400;\">&#8211; <\/span><span style=\"font-weight: 400;\">A tecnologia elimina o desconforto do bra\u00e7o por meio de configura\u00e7\u00f5es de infla\u00e7\u00e3o altas\u00a0<\/span><span style=\"font-weight: 400;\">desnecess\u00e1rias e tamb\u00e9m evita leituras imprecisas <\/span><span style=\"font-weight: 400;\">causadas por n\u00edveis err\u00f4neos de infla\u00e7\u00e3o do <\/span><span style=\"font-weight: 400;\">manguito.\u00a0<\/span><\/p>\n<h3><span style=\"font-weight: 400;\">*<\/span><span style=\"font-weight: 400;\">Dete\u00e7\u00e3o de movimento\u00a0<\/span><\/h3>\n<p><span style=\"font-weight: 400;\">A &#8220;Dete\u00e7\u00e3o de movimento<\/span><span style=\"font-weight: 400;\">&#8221; <\/span><span style=\"font-weight: 400;\">ajuda a lembrar o usu\u00e1rio de permanecer parado e indica qualquer <\/span><span style=\"font-weight: 400;\">movimento corporal durante a medi\u00e7\u00e3o.\u00a0<\/span><\/p>\n<p><span style=\"font-weight: 400;\">O \u00edcone especificado aparece quando um\u00a0<\/span><span style=\"font-weight: 400;\">&#8220;movimento corporal&#8221; \u00e9 detectado durante e ap\u00f3s <\/span><span style=\"font-weight: 400;\">cada medi\u00e7\u00e3o.\u00a0<\/span><\/p>\n<p><strong>&#8211; Detec\u00e7\u00e3o de manguito\u00a0<\/strong><\/p>\n<p><span style=\"font-weight: 400;\">Detecta e indica se o manguito est\u00e1 enrolado\u00a0<\/span><span style=\"font-weight: 400;\">corretamente no bra\u00e7o.\u00a0<\/span><span style=\"font-weight: 400;\">Clinicamente preciso.<\/span><\/p>\n<p><span style=\"font-weight: 400;\">&#8211; Este monitor de press\u00e3o arterial passou pelos <\/span><span style=\"font-weight: 400;\">crit\u00e9rios da Sociedade Europeia de Hipertens\u00e3o ao <\/span><span style=\"font-weight: 400;\">atingir todos os requisitos. Este monitor atende ainda aos requisitos do padr\u00e3o de precis\u00e3o da <\/span><span style=\"font-weight: 400;\">AAMI (AAMI\/ANSI\/ISO 81060-2). <\/span><\/p>\n","protected":false},"excerpt":{"rendered":"<p><span style=\"font-weight: 400;\">-X3 Monitor autom\u00e1tico de press\u00e3o arterial<\/span><\/p>\n","protected":false},"featured_media":19221,"template":"","meta":[],"product_brand":[],"product_cat":[37],"product_tag":[],"class_list":{"0":"post-19220","1":"product","2":"type-product","3":"status-publish","4":"has-post-thumbnail","6":"product_cat-equipamentos-de-saude","8":"first","9":"instock","10":"taxable","11":"shipping-taxable","12":"purchasable","13":"product-type-simple"},"yoast_head":"<!-- This site is optimized with the Yoast SEO plugin v27.0 - https:\/\/yoast.com\/product\/yoast-seo-wordpress\/ -->\n<title>Medidor de tens\u00e3o arterial, Bra\u00e7o - X3 - Rossmax - Resid\u00eancias Montepio<\/title>\n<meta name=\"robots\" content=\"index, follow, max-snippet:-1, max-image-preview:large, max-video-preview:-1\" \/>\n<link rel=\"canonical\" href=\"https:\/\/digitalx.pt\/rm2\/produto\/medidor-de-tensao-arterial-braco-x3-rossmax\/\" \/>\n<meta property=\"og:locale\" content=\"pt_PT\" \/>\n<meta property=\"og:type\" content=\"article\" \/>\n<meta property=\"og:title\" content=\"Medidor de tens\u00e3o arterial, Bra\u00e7o - X3 - Rossmax - Resid\u00eancias Montepio\" \/>\n<meta property=\"og:description\" content=\"-X3 Monitor autom\u00e1tico de press\u00e3o arterial\" \/>\n<meta property=\"og:url\" content=\"https:\/\/digitalx.pt\/rm2\/produto\/medidor-de-tensao-arterial-braco-x3-rossmax\/\" \/>\n<meta property=\"og:site_name\" content=\"Resid\u00eancias Montepio\" \/>\n<meta property=\"article:publisher\" content=\"https:\/\/m.facebook.com\/residenciasmontepio.sa\/\" \/>\n<meta property=\"article:modified_time\" content=\"2026-01-26T10:52:37+00:00\" \/>\n<meta property=\"og:image\" content=\"https:\/\/digitalx.pt\/rm2\/wp-content\/uploads\/2026\/01\/rossmax-medidor-de-tensao-arterial-braco-x3.jpg\" \/>\n\t<meta property=\"og:image:width\" content=\"1000\" \/>\n\t<meta property=\"og:image:height\" content=\"1000\" \/>\n\t<meta property=\"og:image:type\" content=\"image\/jpeg\" \/>\n<meta name=\"twitter:card\" content=\"summary_large_image\" \/>\n<meta name=\"twitter:label1\" content=\"Tempo estimado de leitura\" \/>\n\t<meta name=\"twitter:data1\" content=\"2 minutos\" \/>\n<script type=\"application\/ld+json\" class=\"yoast-schema-graph\">{\"@context\":\"https:\/\/schema.org\",\"@graph\":[{\"@type\":\"WebPage\",\"@id\":\"https:\/\/digitalx.pt\/rm2\/produto\/medidor-de-tensao-arterial-braco-x3-rossmax\/\",\"url\":\"https:\/\/digitalx.pt\/rm2\/produto\/medidor-de-tensao-arterial-braco-x3-rossmax\/\",\"name\":\"Medidor de tens\u00e3o arterial, Bra\u00e7o - X3 - Rossmax - Resid\u00eancias Montepio\",\"isPartOf\":{\"@id\":\"https:\/\/digitalx.pt\/rm2\/#website\"},\"primaryImageOfPage\":{\"@id\":\"https:\/\/digitalx.pt\/rm2\/produto\/medidor-de-tensao-arterial-braco-x3-rossmax\/#primaryimage\"},\"image\":{\"@id\":\"https:\/\/digitalx.pt\/rm2\/produto\/medidor-de-tensao-arterial-braco-x3-rossmax\/#primaryimage\"},\"thumbnailUrl\":\"https:\/\/digitalx.pt\/rm2\/wp-content\/uploads\/2026\/01\/rossmax-medidor-de-tensao-arterial-braco-x3.jpg\",\"datePublished\":\"2026-01-26T09:25:40+00:00\",\"dateModified\":\"2026-01-26T10:52:37+00:00\",\"breadcrumb\":{\"@id\":\"https:\/\/digitalx.pt\/rm2\/produto\/medidor-de-tensao-arterial-braco-x3-rossmax\/#breadcrumb\"},\"inLanguage\":\"pt-PT\",\"potentialAction\":[{\"@type\":\"ReadAction\",\"target\":[\"https:\/\/digitalx.pt\/rm2\/produto\/medidor-de-tensao-arterial-braco-x3-rossmax\/\"]}]},{\"@type\":\"ImageObject\",\"inLanguage\":\"pt-PT\",\"@id\":\"https:\/\/digitalx.pt\/rm2\/produto\/medidor-de-tensao-arterial-braco-x3-rossmax\/#primaryimage\",\"url\":\"https:\/\/digitalx.pt\/rm2\/wp-content\/uploads\/2026\/01\/rossmax-medidor-de-tensao-arterial-braco-x3.jpg\",\"contentUrl\":\"https:\/\/digitalx.pt\/rm2\/wp-content\/uploads\/2026\/01\/rossmax-medidor-de-tensao-arterial-braco-x3.jpg\",\"width\":1000,\"height\":1000},{\"@type\":\"BreadcrumbList\",\"@id\":\"https:\/\/digitalx.pt\/rm2\/produto\/medidor-de-tensao-arterial-braco-x3-rossmax\/#breadcrumb\",\"itemListElement\":[{\"@type\":\"ListItem\",\"position\":1,\"name\":\"In\u00edcio\",\"item\":\"https:\/\/digitalx.pt\/rm2\/\"},{\"@type\":\"ListItem\",\"position\":2,\"name\":\"Produtos\",\"item\":\"https:\/\/digitalx.pt\/rm2\/shop\/\"},{\"@type\":\"ListItem\",\"position\":3,\"name\":\"Medidor de tens\u00e3o arterial, Bra\u00e7o &#8211; X3 &#8211; Rossmax\"}]},{\"@type\":\"WebSite\",\"@id\":\"https:\/\/digitalx.pt\/rm2\/#website\",\"url\":\"https:\/\/digitalx.pt\/rm2\/\",\"name\":\"Resid\u00eancias Montepio\",\"description\":\"Resid\u00eancias Montepio Servi\u00e7os de Saude SA\",\"publisher\":{\"@id\":\"https:\/\/digitalx.pt\/rm2\/#organization\"},\"potentialAction\":[{\"@type\":\"SearchAction\",\"target\":{\"@type\":\"EntryPoint\",\"urlTemplate\":\"https:\/\/digitalx.pt\/rm2\/?s={search_term_string}\"},\"query-input\":{\"@type\":\"PropertyValueSpecification\",\"valueRequired\":true,\"valueName\":\"search_term_string\"}}],\"inLanguage\":\"pt-PT\"},{\"@type\":\"Organization\",\"@id\":\"https:\/\/digitalx.pt\/rm2\/#organization\",\"name\":\"Resid\u00eancias Montepio\",\"url\":\"https:\/\/digitalx.pt\/rm2\/\",\"logo\":{\"@type\":\"ImageObject\",\"inLanguage\":\"pt-PT\",\"@id\":\"https:\/\/digitalx.pt\/rm2\/#\/schema\/logo\/image\/\",\"url\":\"https:\/\/digitalx.pt\/rm2\/wp-content\/uploads\/2024\/03\/favicon.svg\",\"contentUrl\":\"https:\/\/digitalx.pt\/rm2\/wp-content\/uploads\/2024\/03\/favicon.svg\",\"width\":1,\"height\":1,\"caption\":\"Resid\u00eancias Montepio\"},\"image\":{\"@id\":\"https:\/\/digitalx.pt\/rm2\/#\/schema\/logo\/image\/\"},\"sameAs\":[\"https:\/\/m.facebook.com\/residenciasmontepio.sa\/\",\"https:\/\/www.instagram.com\/residenciasmontepio\/\"]}]}<\/script>\n<!-- \/ Yoast SEO plugin. -->","yoast_head_json":{"title":"Medidor de tens\u00e3o arterial, Bra\u00e7o - X3 - Rossmax - Resid\u00eancias Montepio","robots":{"index":"index","follow":"follow","max-snippet":"max-snippet:-1","max-image-preview":"max-image-preview:large","max-video-preview":"max-video-preview:-1"},"canonical":"https:\/\/digitalx.pt\/rm2\/produto\/medidor-de-tensao-arterial-braco-x3-rossmax\/","og_locale":"pt_PT","og_type":"article","og_title":"Medidor de tens\u00e3o arterial, Bra\u00e7o - X3 - Rossmax - Resid\u00eancias Montepio","og_description":"-X3 Monitor autom\u00e1tico de press\u00e3o arterial","og_url":"https:\/\/digitalx.pt\/rm2\/produto\/medidor-de-tensao-arterial-braco-x3-rossmax\/","og_site_name":"Resid\u00eancias Montepio","article_publisher":"https:\/\/m.facebook.com\/residenciasmontepio.sa\/","article_modified_time":"2026-01-26T10:52:37+00:00","og_image":[{"width":1000,"height":1000,"url":"https:\/\/digitalx.pt\/rm2\/wp-content\/uploads\/2026\/01\/rossmax-medidor-de-tensao-arterial-braco-x3.jpg","type":"image\/jpeg"}],"twitter_card":"summary_large_image","twitter_misc":{"Tempo estimado de leitura":"2 minutos"},"schema":{"@context":"https:\/\/schema.org","@graph":[{"@type":"WebPage","@id":"https:\/\/digitalx.pt\/rm2\/produto\/medidor-de-tensao-arterial-braco-x3-rossmax\/","url":"https:\/\/digitalx.pt\/rm2\/produto\/medidor-de-tensao-arterial-braco-x3-rossmax\/","name":"Medidor de tens\u00e3o arterial, Bra\u00e7o - X3 - Rossmax - Resid\u00eancias Montepio","isPartOf":{"@id":"https:\/\/digitalx.pt\/rm2\/#website"},"primaryImageOfPage":{"@id":"https:\/\/digitalx.pt\/rm2\/produto\/medidor-de-tensao-arterial-braco-x3-rossmax\/#primaryimage"},"image":{"@id":"https:\/\/digitalx.pt\/rm2\/produto\/medidor-de-tensao-arterial-braco-x3-rossmax\/#primaryimage"},"thumbnailUrl":"https:\/\/digitalx.pt\/rm2\/wp-content\/uploads\/2026\/01\/rossmax-medidor-de-tensao-arterial-braco-x3.jpg","datePublished":"2026-01-26T09:25:40+00:00","dateModified":"2026-01-26T10:52:37+00:00","breadcrumb":{"@id":"https:\/\/digitalx.pt\/rm2\/produto\/medidor-de-tensao-arterial-braco-x3-rossmax\/#breadcrumb"},"inLanguage":"pt-PT","potentialAction":[{"@type":"ReadAction","target":["https:\/\/digitalx.pt\/rm2\/produto\/medidor-de-tensao-arterial-braco-x3-rossmax\/"]}]},{"@type":"ImageObject","inLanguage":"pt-PT","@id":"https:\/\/digitalx.pt\/rm2\/produto\/medidor-de-tensao-arterial-braco-x3-rossmax\/#primaryimage","url":"https:\/\/digitalx.pt\/rm2\/wp-content\/uploads\/2026\/01\/rossmax-medidor-de-tensao-arterial-braco-x3.jpg","contentUrl":"https:\/\/digitalx.pt\/rm2\/wp-content\/uploads\/2026\/01\/rossmax-medidor-de-tensao-arterial-braco-x3.jpg","width":1000,"height":1000},{"@type":"BreadcrumbList","@id":"https:\/\/digitalx.pt\/rm2\/produto\/medidor-de-tensao-arterial-braco-x3-rossmax\/#breadcrumb","itemListElement":[{"@type":"ListItem","position":1,"name":"In\u00edcio","item":"https:\/\/digitalx.pt\/rm2\/"},{"@type":"ListItem","position":2,"name":"Produtos","item":"https:\/\/digitalx.pt\/rm2\/shop\/"},{"@type":"ListItem","position":3,"name":"Medidor de tens\u00e3o arterial, Bra\u00e7o &#8211; X3 &#8211; Rossmax"}]},{"@type":"WebSite","@id":"https:\/\/digitalx.pt\/rm2\/#website","url":"https:\/\/digitalx.pt\/rm2\/","name":"Resid\u00eancias Montepio","description":"Resid\u00eancias Montepio Servi\u00e7os de Saude SA","publisher":{"@id":"https:\/\/digitalx.pt\/rm2\/#organization"},"potentialAction":[{"@type":"SearchAction","target":{"@type":"EntryPoint","urlTemplate":"https:\/\/digitalx.pt\/rm2\/?s={search_term_string}"},"query-input":{"@type":"PropertyValueSpecification","valueRequired":true,"valueName":"search_term_string"}}],"inLanguage":"pt-PT"},{"@type":"Organization","@id":"https:\/\/digitalx.pt\/rm2\/#organization","name":"Resid\u00eancias Montepio","url":"https:\/\/digitalx.pt\/rm2\/","logo":{"@type":"ImageObject","inLanguage":"pt-PT","@id":"https:\/\/digitalx.pt\/rm2\/#\/schema\/logo\/image\/","url":"https:\/\/digitalx.pt\/rm2\/wp-content\/uploads\/2024\/03\/favicon.svg","contentUrl":"https:\/\/digitalx.pt\/rm2\/wp-content\/uploads\/2024\/03\/favicon.svg","width":1,"height":1,"caption":"Resid\u00eancias Montepio"},"image":{"@id":"https:\/\/digitalx.pt\/rm2\/#\/schema\/logo\/image\/"},"sameAs":["https:\/\/m.facebook.com\/residenciasmontepio.sa\/","https:\/\/www.instagram.com\/residenciasmontepio\/"]}]}},"_links":{"self":[{"href":"https:\/\/digitalx.pt\/rm2\/wp-json\/wp\/v2\/product\/19220","targetHints":{"allow":["GET"]}}],"collection":[{"href":"https:\/\/digitalx.pt\/rm2\/wp-json\/wp\/v2\/product"}],"about":[{"href":"https:\/\/digitalx.pt\/rm2\/wp-json\/wp\/v2\/types\/product"}],"wp:featuredmedia":[{"embeddable":true,"href":"https:\/\/digitalx.pt\/rm2\/wp-json\/wp\/v2\/media\/19221"}],"wp:attachment":[{"href":"https:\/\/digitalx.pt\/rm2\/wp-json\/wp\/v2\/media?parent=19220"}],"wp:term":[{"taxonomy":"product_brand","embeddable":true,"href":"https:\/\/digitalx.pt\/rm2\/wp-json\/wp\/v2\/product_brand?post=19220"},{"taxonomy":"product_cat","embeddable":true,"href":"https:\/\/digitalx.pt\/rm2\/wp-json\/wp\/v2\/product_cat?post=19220"},{"taxonomy":"product_tag","embeddable":true,"href":"https:\/\/digitalx.pt\/rm2\/wp-json\/wp\/v2\/product_tag?post=19220"}],"curies":[{"name":"wp","href":"https:\/\/api.w.org\/{rel}","templated":true}]}}